{"id":100,"date":"2025-10-15T22:59:08","date_gmt":"2025-10-15T15:59:08","guid":{"rendered":"http:\/\/anhthu24h.com\/?page_id=100"},"modified":"2026-01-22T14:18:45","modified_gmt":"2026-01-22T07:18:45","slug":"tuyen-ky-thuat","status":"publish","type":"page","link":"http:\/\/anhthu24h.com\/?page_id=100","title":{"rendered":""},"content":{"rendered":"\n<h2 class=\"wp-block-heading is-style-asterisk has-system-serif-font-family\">TUY\u1ec2N K\u1ef8 THU\u1eacT S\u1eecA CH\u1eeeA \u0110I\u1ec6N THO\u1ea0I<\/h2>\n\n\n\n<p>AnhThu24H c\u1ea7n tuy\u1ec3n k\u1ef9 thu\u1eadt vi\u00ean l\u00e0m vi\u1ec7c l\u00e2u d\u00e0i, m\u00f4i tr\u01b0\u1eddng \u1ed5n \u0111\u1ecbnh.<\/p>\n\n\n\n<h2 class=\"wp-block-heading has-system-serif-font-family\">V\u1eca TR\u00cd TUY\u1ec2N D\u1ee4NG<\/h2>\n\n\n\n<ol class=\"wp-block-list\">\n<li>k\u1ef9 thu\u1eadt \u00e9p k\u00ednh \u0111i\u1ec7n tho\u1ea1i<\/li>\n\n\n\n<li>k\u1ef9 thu\u1eadt s\u1eeda l\u1ed7i camera \/ pin \/ face id \/ v\u00e2n tay \/ loa mic\u2026<\/li>\n\n\n\n<li>k\u1ef9 thu\u1eadt \u00e9p c\u00e1p, fix l\u1ed7i m\u00e0n h\u00ecnh<\/li>\n\n\n\n<li>k\u1ef9 thu\u1eadt \u00e9p ic k\u00ednh<\/li>\n<\/ol>\n\n\n\n<h2 class=\"wp-block-heading has-system-serif-font-family\">Y\u00caU C\u1ea6U<\/h2>\n\n\n\n<ul class=\"wp-block-list\">\n<li style=\"text-transform:capitalize\">nam, tu\u1ed5i t\u1eeb 18 \u2013 35<\/li>\n\n\n\n<li style=\"text-transform:capitalize\">\u01b0u ti\u00ean th\u1ee3 c\u00f3 tay ngh\u1ec1 t\u1eeb 06 th\u00e1ng tr\u1edf l\u00ean<\/li>\n\n\n\n<li style=\"text-transform:capitalize\">\u00e9p \u0111\u01b0\u1ee3c m\u00e0n h\u00ecnh th\u1eb3ng, bi\u1ebft \u00e9p m\u00e0n cong l\u00e0 m\u1ed9t l\u1ee3i th\u1ebf<\/li>\n\n\n\n<li style=\"text-transform:capitalize\">si\u00eang n\u0103ng, trung th\u1ef1c, c\u00f3 tr\u00e1ch nhi\u1ec7m v\u1edbi c\u00f4ng vi\u1ec7c<\/li>\n<\/ul>\n\n\n\n<h2 class=\"wp-block-heading has-system-serif-font-family\">TH\u1edcI GIAN &amp; \u0110\u1ecaA \u0110I\u1ec2M<\/h2>\n\n\n\n<ul style=\"text-transform:capitalize\" class=\"wp-block-list\">\n<li>\u0111\u1ecba ch\u1ec9: 1073\/42 c\u00e1ch m\u1ea1ng th\u00e1ng 8, ph\u01b0\u1eddng t\u00e2n s\u01a1n nh\u1ea5t, tp. h\u1ed3 ch\u00ed minh<\/li>\n<\/ul>\n\n\n\n<h2 class=\"wp-block-heading has-system-serif-font-family\">TH\u1edcI GIAN L\u00c0M VI\u1ec6C<\/h2>\n\n\n\n<ul class=\"wp-block-list\">\n<li style=\"text-transform:capitalize\">th\u1ee9 2 \u0111\u1ebfn th\u1ee9 7: 9h \u2013 19h<\/li>\n\n\n\n<li style=\"text-transform:capitalize\">ch\u1ee7 nh\u1eadt: 9h \u2013 15h<\/li>\n<\/ul>\n\n\n\n<h2 class=\"wp-block-heading has-system-serif-font-family\">LI\u00caN H\u1ec6 &amp; THU NH\u1eacP<\/h2>\n\n\n\n<ul class=\"wp-block-list\">\n<li style=\"text-transform:capitalize\">l\u01b0\u01a1ng t\u00ednh theo s\u1ea3n ph\u1ea9m ho\u1eb7c trao \u0111\u1ed5i tr\u1ef1c ti\u1ebfp khi ph\u1ecfng v\u1ea5n<\/li>\n\n\n\n<li style=\"text-transform:capitalize\">s\u0111t: 0901 739 879 (D\u01b0\u01a1ng)<\/li>\n\n\n\n<li style=\"text-transform:capitalize\">s\u0111t: 0901 300 086 (Th\u01b0)<\/li>\n<\/ul>\n","protected":false},"excerpt":{"rendered":"<p>TUY\u1ec2N K\u1ef8 THU\u1eacT S\u1eecA CH\u1eeeA \u0110I\u1ec6N THO\u1ea0I AnhThu24H c\u1ea7n tuy\u1ec3n k\u1ef9 thu\u1eadt vi\u00ean l\u00e0m vi\u1ec7c l\u00e2u d\u00e0i, m\u00f4i tr\u01b0\u1eddng \u1ed5n \u0111\u1ecbnh. V\u1eca TR\u00cd TUY\u1ec2N D\u1ee4NG Y\u00caU C\u1ea6U TH\u1edcI GIAN &amp; \u0110\u1ecaA \u0110I\u1ec2M TH\u1edcI GIAN L\u00c0M VI\u1ec6C LI\u00caN H\u1ec6 &amp; THU NH\u1eacP<\/p>\n","protected":false},"author":1,"featured_media":886,"parent":0,"menu_order":0,"comment_status":"closed","ping_status":"closed","template":"","meta":{"footnotes":""},"class_list":["post-100","page","type-page","status-publish","has-post-thumbnail","hentry"],"yoast_head":"<!-- This site is optimized with the Yoast SEO plugin v27.5 - https:\/\/yoast.com\/product\/yoast-seo-wordpress\/ -->\n<title>- ANHTHU24H<\/title>\n<meta name=\"robots\" content=\"index, follow, max-snippet:-1, max-image-preview:large, max-video-preview:-1\" \/>\n<link rel=\"canonical\" href=\"http:\/\/anhthu24h.com\/?page_id=100\" \/>\n<meta property=\"og:locale\" content=\"vi_VN\" \/>\n<meta property=\"og:type\" content=\"article\" \/>\n<meta property=\"og:title\" content=\"- ANHTHU24H\" \/>\n<meta property=\"og:description\" content=\"TUY\u1ec2N K\u1ef8 THU\u1eacT S\u1eecA CH\u1eeeA \u0110I\u1ec6N THO\u1ea0I AnhThu24H c\u1ea7n tuy\u1ec3n k\u1ef9 thu\u1eadt vi\u00ean l\u00e0m vi\u1ec7c l\u00e2u d\u00e0i, m\u00f4i tr\u01b0\u1eddng \u1ed5n \u0111\u1ecbnh. V\u1eca TR\u00cd TUY\u1ec2N D\u1ee4NG Y\u00caU C\u1ea6U TH\u1edcI GIAN &amp; \u0110\u1ecaA \u0110I\u1ec2M TH\u1edcI GIAN L\u00c0M VI\u1ec6C LI\u00caN H\u1ec6 &amp; THU NH\u1eacP\" \/>\n<meta property=\"og:url\" content=\"http:\/\/anhthu24h.com\/?page_id=100\" \/>\n<meta property=\"og:site_name\" content=\"ANHTHU24H\" \/>\n<meta property=\"article:modified_time\" content=\"2026-01-22T07:18:45+00:00\" \/>\n<meta property=\"og:image\" content=\"http:\/\/anhthu24h.com\/wp-content\/uploads\/2026\/01\/37429cbcab314ca5d844ef3d9148c94d.jpg\" \/>\n\t<meta property=\"og:image:width\" content=\"734\" \/>\n\t<meta property=\"og:image:height\" content=\"412\" \/>\n\t<meta property=\"og:image:type\" content=\"image\/jpeg\" \/>\n<meta name=\"twitter:card\" content=\"summary_large_image\" \/>\n<meta name=\"twitter:label1\" content=\"\u01af\u1edbc t\u00ednh th\u1eddi gian \u0111\u1ecdc\" \/>\n\t<meta name=\"twitter:data1\" content=\"2 ph\u00fat\" \/>\n<script type=\"application\/ld+json\" class=\"yoast-schema-graph\">{\"@context\":\"https:\\\/\\\/schema.org\",\"@graph\":[{\"@type\":\"WebPage\",\"@id\":\"http:\\\/\\\/anhthu24h.com\\\/?page_id=100\",\"url\":\"http:\\\/\\\/anhthu24h.com\\\/?page_id=100\",\"name\":\"- ANHTHU24H\",\"isPartOf\":{\"@id\":\"http:\\\/\\\/anhthu24h.com\\\/#website\"},\"primaryImageOfPage\":{\"@id\":\"http:\\\/\\\/anhthu24h.com\\\/?page_id=100#primaryimage\"},\"image\":{\"@id\":\"http:\\\/\\\/anhthu24h.com\\\/?page_id=100#primaryimage\"},\"thumbnailUrl\":\"http:\\\/\\\/anhthu24h.com\\\/wp-content\\\/uploads\\\/2026\\\/01\\\/37429cbcab314ca5d844ef3d9148c94d.jpg\",\"datePublished\":\"2025-10-15T15:59:08+00:00\",\"dateModified\":\"2026-01-22T07:18:45+00:00\",\"inLanguage\":\"vi\",\"potentialAction\":[{\"@type\":\"ReadAction\",\"target\":[\"http:\\\/\\\/anhthu24h.com\\\/?page_id=100\"]}]},{\"@type\":\"ImageObject\",\"inLanguage\":\"vi\",\"@id\":\"http:\\\/\\\/anhthu24h.com\\\/?page_id=100#primaryimage\",\"url\":\"http:\\\/\\\/anhthu24h.com\\\/wp-content\\\/uploads\\\/2026\\\/01\\\/37429cbcab314ca5d844ef3d9148c94d.jpg\",\"contentUrl\":\"http:\\\/\\\/anhthu24h.com\\\/wp-content\\\/uploads\\\/2026\\\/01\\\/37429cbcab314ca5d844ef3d9148c94d.jpg\",\"width\":734,\"height\":412},{\"@type\":\"WebSite\",\"@id\":\"http:\\\/\\\/anhthu24h.com\\\/#website\",\"url\":\"http:\\\/\\\/anhthu24h.com\\\/\",\"name\":\"ANH THU 24H\",\"description\":\"Gi\u1ea3i Ph&aacute;p S\u1eeda ch\u1eefa \u0110i\u1ec7n Tho\u1ea1i  \",\"publisher\":{\"@id\":\"http:\\\/\\\/anhthu24h.com\\\/#organization\"},\"potentialAction\":[{\"@type\":\"SearchAction\",\"target\":{\"@type\":\"EntryPoint\",\"urlTemplate\":\"http:\\\/\\\/anhthu24h.com\\\/?s={search_term_string}\"},\"query-input\":{\"@type\":\"PropertyValueSpecification\",\"valueRequired\":true,\"valueName\":\"search_term_string\"}}],\"inLanguage\":\"vi\"},{\"@type\":\"Organization\",\"@id\":\"http:\\\/\\\/anhthu24h.com\\\/#organization\",\"name\":\"ANH THU 24H\",\"url\":\"http:\\\/\\\/anhthu24h.com\\\/\",\"logo\":{\"@type\":\"ImageObject\",\"inLanguage\":\"vi\",\"@id\":\"http:\\\/\\\/anhthu24h.com\\\/#\\\/schema\\\/logo\\\/image\\\/\",\"url\":\"http:\\\/\\\/anhthu24h.com\\\/wp-content\\\/uploads\\\/2025\\\/10\\\/width_800.png\",\"contentUrl\":\"http:\\\/\\\/anhthu24h.com\\\/wp-content\\\/uploads\\\/2025\\\/10\\\/width_800.png\",\"width\":800,\"height\":800,\"caption\":\"ANH THU 24H\"},\"image\":{\"@id\":\"http:\\\/\\\/anhthu24h.com\\\/#\\\/schema\\\/logo\\\/image\\\/\"}}]}<\/script>\n<!-- \/ Yoast SEO plugin. -->","yoast_head_json":{"title":"- ANHTHU24H","robots":{"index":"index","follow":"follow","max-snippet":"max-snippet:-1","max-image-preview":"max-image-preview:large","max-video-preview":"max-video-preview:-1"},"canonical":"http:\/\/anhthu24h.com\/?page_id=100","og_locale":"vi_VN","og_type":"article","og_title":"- ANHTHU24H","og_description":"TUY\u1ec2N K\u1ef8 THU\u1eacT S\u1eecA CH\u1eeeA \u0110I\u1ec6N THO\u1ea0I AnhThu24H c\u1ea7n tuy\u1ec3n k\u1ef9 thu\u1eadt vi\u00ean l\u00e0m vi\u1ec7c l\u00e2u d\u00e0i, m\u00f4i tr\u01b0\u1eddng \u1ed5n \u0111\u1ecbnh. V\u1eca TR\u00cd TUY\u1ec2N D\u1ee4NG Y\u00caU C\u1ea6U TH\u1edcI GIAN &amp; \u0110\u1ecaA \u0110I\u1ec2M TH\u1edcI GIAN L\u00c0M VI\u1ec6C LI\u00caN H\u1ec6 &amp; THU NH\u1eacP","og_url":"http:\/\/anhthu24h.com\/?page_id=100","og_site_name":"ANHTHU24H","article_modified_time":"2026-01-22T07:18:45+00:00","og_image":[{"width":734,"height":412,"url":"http:\/\/anhthu24h.com\/wp-content\/uploads\/2026\/01\/37429cbcab314ca5d844ef3d9148c94d.jpg","type":"image\/jpeg"}],"twitter_card":"summary_large_image","twitter_misc":{"\u01af\u1edbc t\u00ednh th\u1eddi gian \u0111\u1ecdc":"2 ph\u00fat"},"schema":{"@context":"https:\/\/schema.org","@graph":[{"@type":"WebPage","@id":"http:\/\/anhthu24h.com\/?page_id=100","url":"http:\/\/anhthu24h.com\/?page_id=100","name":"- ANHTHU24H","isPartOf":{"@id":"http:\/\/anhthu24h.com\/#website"},"primaryImageOfPage":{"@id":"http:\/\/anhthu24h.com\/?page_id=100#primaryimage"},"image":{"@id":"http:\/\/anhthu24h.com\/?page_id=100#primaryimage"},"thumbnailUrl":"http:\/\/anhthu24h.com\/wp-content\/uploads\/2026\/01\/37429cbcab314ca5d844ef3d9148c94d.jpg","datePublished":"2025-10-15T15:59:08+00:00","dateModified":"2026-01-22T07:18:45+00:00","inLanguage":"vi","potentialAction":[{"@type":"ReadAction","target":["http:\/\/anhthu24h.com\/?page_id=100"]}]},{"@type":"ImageObject","inLanguage":"vi","@id":"http:\/\/anhthu24h.com\/?page_id=100#primaryimage","url":"http:\/\/anhthu24h.com\/wp-content\/uploads\/2026\/01\/37429cbcab314ca5d844ef3d9148c94d.jpg","contentUrl":"http:\/\/anhthu24h.com\/wp-content\/uploads\/2026\/01\/37429cbcab314ca5d844ef3d9148c94d.jpg","width":734,"height":412},{"@type":"WebSite","@id":"http:\/\/anhthu24h.com\/#website","url":"http:\/\/anhthu24h.com\/","name":"ANH THU 24H","description":"Gi\u1ea3i Ph&aacute;p S\u1eeda ch\u1eefa \u0110i\u1ec7n Tho\u1ea1i  ","publisher":{"@id":"http:\/\/anhthu24h.com\/#organization"},"potentialAction":[{"@type":"SearchAction","target":{"@type":"EntryPoint","urlTemplate":"http:\/\/anhthu24h.com\/?s={search_term_string}"},"query-input":{"@type":"PropertyValueSpecification","valueRequired":true,"valueName":"search_term_string"}}],"inLanguage":"vi"},{"@type":"Organization","@id":"http:\/\/anhthu24h.com\/#organization","name":"ANH THU 24H","url":"http:\/\/anhthu24h.com\/","logo":{"@type":"ImageObject","inLanguage":"vi","@id":"http:\/\/anhthu24h.com\/#\/schema\/logo\/image\/","url":"http:\/\/anhthu24h.com\/wp-content\/uploads\/2025\/10\/width_800.png","contentUrl":"http:\/\/anhthu24h.com\/wp-content\/uploads\/2025\/10\/width_800.png","width":800,"height":800,"caption":"ANH THU 24H"},"image":{"@id":"http:\/\/anhthu24h.com\/#\/schema\/logo\/image\/"}}]}},"_links":{"self":[{"href":"http:\/\/anhthu24h.com\/index.php?rest_route=\/wp\/v2\/pages\/100","targetHints":{"allow":["GET"]}}],"collection":[{"href":"http:\/\/anhthu24h.com\/index.php?rest_route=\/wp\/v2\/pages"}],"about":[{"href":"http:\/\/anhthu24h.com\/index.php?rest_route=\/wp\/v2\/types\/page"}],"author":[{"embeddable":true,"href":"http:\/\/anhthu24h.com\/index.php?rest_route=\/wp\/v2\/users\/1"}],"replies":[{"embeddable":true,"href":"http:\/\/anhthu24h.com\/index.php?rest_route=%2Fwp%2Fv2%2Fcomments&post=100"}],"version-history":[{"count":10,"href":"http:\/\/anhthu24h.com\/index.php?rest_route=\/wp\/v2\/pages\/100\/revisions"}],"predecessor-version":[{"id":891,"href":"http:\/\/anhthu24h.com\/index.php?rest_route=\/wp\/v2\/pages\/100\/revisions\/891"}],"wp:featuredmedia":[{"embeddable":true,"href":"http:\/\/anhthu24h.com\/index.php?rest_route=\/wp\/v2\/media\/886"}],"wp:attachment":[{"href":"http:\/\/anhthu24h.com\/index.php?rest_route=%2Fwp%2Fv2%2Fmedia&parent=100"}],"curies":[{"name":"wp","href":"https:\/\/api.w.org\/{rel}","templated":true}]}}