{"id":170,"date":"2025-10-15T22:59:53","date_gmt":"2025-10-15T15:59:53","guid":{"rendered":"http:\/\/anhthu24h.com\/?page_id=170"},"modified":"2026-01-22T14:19:19","modified_gmt":"2026-01-22T07:19:19","slug":"thong-tin-lien-he","status":"publish","type":"page","link":"http:\/\/anhthu24h.com\/?page_id=170","title":{"rendered":""},"content":{"rendered":"\n<h4 class=\"wp-block-heading has-system-serif-font-family\"><strong>TH\u00d4NG TIN LI\u00caN H\u1ec6 ANHTHU24H \u2013 PHONE REPAIR SERVICE<\/strong><\/h4>\n\n\n\n<p><strong>AnhThu24H <\/strong>l\u00e0 trung t\u00e2m <strong><mark style=\"background-color:rgba(0, 0, 0, 0)\" class=\"has-inline-color has-primary-color\">s\u1eeda ch\u1eefa \u0111i\u1ec7n tho\u1ea1i uy t\u00edn t\u1ea1i TP.HCM<\/mark><\/strong>, chuy\u00ean \u00e9p k\u00ednh, thay m\u00e0n h\u00ecnh, s\u1eeda l\u1ed7i ph\u1ea7n c\u1ee9ng \u2013 ph\u1ea7n m\u1ec1m cho iPhone, Samsung, Oppo, Xiaomi, Asus v\u00e0 nhi\u1ec1u d\u00f2ng m\u00e1y kh\u00e1c.<\/p>\n\n\n\n<div class=\"wp-block-group alignfull is-style-default has-neutral-950-color has-neutral-0-background-color has-text-color has-background has-link-color wp-elements-81cd4959d744cfb9fec60eb6ffcd65d1 has-global-padding is-layout-constrained wp-block-group-is-layout-constrained\" style=\"padding-top:var(--wp--preset--spacing--medium);padding-bottom:var(--wp--preset--spacing--medium)\">\n<div class=\"wp-block-media-text alignwide is-stacked-on-mobile\" style=\"grid-template-columns:30% auto\"><figure class=\"wp-block-media-text__media\"><img fetchpriority=\"high\" decoding=\"async\" width=\"800\" height=\"800\" src=\"http:\/\/anhthu24h.com\/wp-content\/uploads\/2025\/10\/width_800.png\" alt=\"\" class=\"wp-image-555 size-full\" srcset=\"http:\/\/anhthu24h.com\/wp-content\/uploads\/2025\/10\/width_800.png 800w, http:\/\/anhthu24h.com\/wp-content\/uploads\/2025\/10\/width_800-300x300.png 300w, http:\/\/anhthu24h.com\/wp-content\/uploads\/2025\/10\/width_800-150x150.png 150w, http:\/\/anhthu24h.com\/wp-content\/uploads\/2025\/10\/width_800-768x768.png 768w\" sizes=\"(max-width: 800px) 100vw, 800px\" \/><\/figure><div class=\"wp-block-media-text__content\">\n<p><strong><mark style=\"background-color:rgba(0, 0, 0, 0)\" class=\"has-inline-color has-primary-color\">\u0110\u1ecba ch\u1ec9 s\u1eeda \u0111i\u1ec7n tho\u1ea1i AnhThu24H:<\/mark><\/strong><br>1073\/42 C\u00e1ch M\u1ea1ng Th\u00e1ng 8, Ph\u01b0\u1eddng 7, Qu\u1eadn T\u00e2n B\u00ecnh, TP. H\u1ed3 Ch\u00ed Minh<\/p>\n\n\n\n<p><strong>Hotline li\u00ean h\u1ec7 nhanh:<\/strong><br>0901.739.879 (D\u01b0\u01a1ng) \u2013 0901.300.086 (Th\u01b0)<\/p>\n\n\n\n<p><strong><mark style=\"background-color:rgba(0, 0, 0, 0)\" class=\"has-inline-color has-primary-color\">Th\u1eddi gian l\u00e0m vi\u1ec7c:<\/mark><\/strong><\/p>\n\n\n\n<ul class=\"wp-block-list\">\n<li>9h \u2013 19h | Th\u1ee9 2 \u0111\u1ebfn Th\u1ee9 7<\/li>\n\n\n\n<li>9h \u2013 14h | Ch\u1ee7 Nh\u1eadt<\/li>\n<\/ul>\n\n\n\n<p>AnhThu24H cam k\u1ebft <mark style=\"background-color:rgba(0, 0, 0, 0)\" class=\"has-inline-color has-primary-color\"><strong>b\u00e1o gi\u00e1 r\u00f5 r\u00e0ng \u2013 s\u1eeda ch\u1eefa minh b\u1ea1ch \u2013 linh ki\u1ec7n ch\u1ea5t l\u01b0\u1ee3ng \u2013 b\u1ea3o h\u00e0nh uy t\u00edn<\/strong>. <\/mark>Kh\u00e1ch h\u00e0ng c\u00f3 th\u1ec3 \u0111\u1ebfn tr\u1ef1c ti\u1ebfp c\u1eeda h\u00e0ng ho\u1eb7c li\u00ean h\u1ec7 hotline \u0111\u1ec3 \u0111\u01b0\u1ee3c <mark style=\"background-color:rgba(0, 0, 0, 0)\" class=\"has-inline-color has-primary-color\"><strong>t\u01b0 v\u1ea5n v\u00e0 h\u1ed7 tr\u1ee3 nhanh ch\u00f3ng<\/strong>.<\/mark><\/p>\n\n\n\n<p>\ud83d\udc49 <strong><mark style=\"background-color:rgba(0, 0, 0, 0);color:#1f4cf0\" class=\"has-inline-color\">AnhThu24H \u2013 Phone Repair Service<\/mark><\/strong>, \u0111\u1ecba ch\u1ec9 s\u1eeda \u0111i\u1ec7n tho\u1ea1i \u0111\u00e1ng tin c\u1eady t\u1ea1i khu v\u1ef1c <mark style=\"background-color:rgba(0, 0, 0, 0)\" class=\"has-inline-color has-primary-color\"><strong>C\u00e1ch M\u1ea1ng Th\u00e1ng 8 \u2013 T\u00e2n B\u00ecnh \u2013 TP.HCM<\/strong>.<\/mark><\/p>\n<\/div><\/div>\n<\/div>\n\n\n\n<p><\/p>\n","protected":false},"excerpt":{"rendered":"<p>TH\u00d4NG TIN LI\u00caN H\u1ec6 ANHTHU24H \u2013 PHONE REPAIR SERVICE AnhThu24H l\u00e0 trung t\u00e2m s\u1eeda ch\u1eefa \u0111i\u1ec7n tho\u1ea1i uy t\u00edn t\u1ea1i TP.HCM, chuy\u00ean \u00e9p k\u00ednh, thay m\u00e0n h\u00ecnh, s\u1eeda l\u1ed7i ph\u1ea7n c\u1ee9ng \u2013 ph\u1ea7n m\u1ec1m cho iPhone, Samsung, Oppo, Xiaomi, Asus v\u00e0 nhi\u1ec1u d\u00f2ng m\u00e1y kh\u00e1c. \u0110\u1ecba ch\u1ec9 s\u1eeda \u0111i\u1ec7n tho\u1ea1i AnhThu24H:1073\/42 C\u00e1ch M\u1ea1ng Th\u00e1ng 8, [&hellip;]<\/p>\n","protected":false},"author":1,"featured_media":0,"parent":0,"menu_order":0,"comment_status":"closed","ping_status":"closed","template":"","meta":{"footnotes":""},"class_list":["post-170","page","type-page","status-publish","hentry"],"yoast_head":"<!-- This site is optimized with the Yoast SEO plugin v27.5 - https:\/\/yoast.com\/product\/yoast-seo-wordpress\/ -->\n<title>- ANHTHU24H<\/title>\n<meta name=\"robots\" content=\"index, follow, max-snippet:-1, max-image-preview:large, max-video-preview:-1\" \/>\n<link rel=\"canonical\" href=\"http:\/\/anhthu24h.com\/?page_id=170\" \/>\n<meta property=\"og:locale\" content=\"vi_VN\" \/>\n<meta property=\"og:type\" content=\"article\" \/>\n<meta property=\"og:title\" content=\"- ANHTHU24H\" \/>\n<meta property=\"og:description\" content=\"TH\u00d4NG TIN LI\u00caN H\u1ec6 ANHTHU24H \u2013 PHONE REPAIR SERVICE AnhThu24H l\u00e0 trung t\u00e2m s\u1eeda ch\u1eefa \u0111i\u1ec7n tho\u1ea1i uy t\u00edn t\u1ea1i TP.HCM, chuy\u00ean \u00e9p k\u00ednh, thay m\u00e0n h\u00ecnh, s\u1eeda l\u1ed7i ph\u1ea7n c\u1ee9ng \u2013 ph\u1ea7n m\u1ec1m cho iPhone, Samsung, Oppo, Xiaomi, Asus v\u00e0 nhi\u1ec1u d\u00f2ng m\u00e1y kh\u00e1c. \u0110\u1ecba ch\u1ec9 s\u1eeda \u0111i\u1ec7n tho\u1ea1i AnhThu24H:1073\/42 C\u00e1ch M\u1ea1ng Th\u00e1ng 8, [&hellip;]\" \/>\n<meta property=\"og:url\" content=\"http:\/\/anhthu24h.com\/?page_id=170\" \/>\n<meta property=\"og:site_name\" content=\"ANHTHU24H\" \/>\n<meta property=\"article:modified_time\" content=\"2026-01-22T07:19:19+00:00\" \/>\n<meta property=\"og:image\" content=\"http:\/\/anhthu24h.com\/wp-content\/uploads\/2025\/10\/width_800.png\" \/>\n<meta name=\"twitter:card\" content=\"summary_large_image\" \/>\n<meta name=\"twitter:label1\" content=\"\u01af\u1edbc t\u00ednh th\u1eddi gian \u0111\u1ecdc\" \/>\n\t<meta name=\"twitter:data1\" content=\"2 ph\u00fat\" \/>\n<script type=\"application\/ld+json\" class=\"yoast-schema-graph\">{\"@context\":\"https:\\\/\\\/schema.org\",\"@graph\":[{\"@type\":\"WebPage\",\"@id\":\"http:\\\/\\\/anhthu24h.com\\\/?page_id=170\",\"url\":\"http:\\\/\\\/anhthu24h.com\\\/?page_id=170\",\"name\":\"- ANHTHU24H\",\"isPartOf\":{\"@id\":\"http:\\\/\\\/anhthu24h.com\\\/#website\"},\"primaryImageOfPage\":{\"@id\":\"http:\\\/\\\/anhthu24h.com\\\/?page_id=170#primaryimage\"},\"image\":{\"@id\":\"http:\\\/\\\/anhthu24h.com\\\/?page_id=170#primaryimage\"},\"thumbnailUrl\":\"http:\\\/\\\/anhthu24h.com\\\/wp-content\\\/uploads\\\/2025\\\/10\\\/width_800.png\",\"datePublished\":\"2025-10-15T15:59:53+00:00\",\"dateModified\":\"2026-01-22T07:19:19+00:00\",\"inLanguage\":\"vi\",\"potentialAction\":[{\"@type\":\"ReadAction\",\"target\":[\"http:\\\/\\\/anhthu24h.com\\\/?page_id=170\"]}]},{\"@type\":\"ImageObject\",\"inLanguage\":\"vi\",\"@id\":\"http:\\\/\\\/anhthu24h.com\\\/?page_id=170#primaryimage\",\"url\":\"http:\\\/\\\/anhthu24h.com\\\/wp-content\\\/uploads\\\/2025\\\/10\\\/width_800.png\",\"contentUrl\":\"http:\\\/\\\/anhthu24h.com\\\/wp-content\\\/uploads\\\/2025\\\/10\\\/width_800.png\",\"width\":800,\"height\":800},{\"@type\":\"WebSite\",\"@id\":\"http:\\\/\\\/anhthu24h.com\\\/#website\",\"url\":\"http:\\\/\\\/anhthu24h.com\\\/\",\"name\":\"ANH THU 24H\",\"description\":\"Gi\u1ea3i Ph&aacute;p S\u1eeda ch\u1eefa \u0110i\u1ec7n Tho\u1ea1i  \",\"publisher\":{\"@id\":\"http:\\\/\\\/anhthu24h.com\\\/#organization\"},\"potentialAction\":[{\"@type\":\"SearchAction\",\"target\":{\"@type\":\"EntryPoint\",\"urlTemplate\":\"http:\\\/\\\/anhthu24h.com\\\/?s={search_term_string}\"},\"query-input\":{\"@type\":\"PropertyValueSpecification\",\"valueRequired\":true,\"valueName\":\"search_term_string\"}}],\"inLanguage\":\"vi\"},{\"@type\":\"Organization\",\"@id\":\"http:\\\/\\\/anhthu24h.com\\\/#organization\",\"name\":\"ANH THU 24H\",\"url\":\"http:\\\/\\\/anhthu24h.com\\\/\",\"logo\":{\"@type\":\"ImageObject\",\"inLanguage\":\"vi\",\"@id\":\"http:\\\/\\\/anhthu24h.com\\\/#\\\/schema\\\/logo\\\/image\\\/\",\"url\":\"http:\\\/\\\/anhthu24h.com\\\/wp-content\\\/uploads\\\/2025\\\/10\\\/width_800.png\",\"contentUrl\":\"http:\\\/\\\/anhthu24h.com\\\/wp-content\\\/uploads\\\/2025\\\/10\\\/width_800.png\",\"width\":800,\"height\":800,\"caption\":\"ANH THU 24H\"},\"image\":{\"@id\":\"http:\\\/\\\/anhthu24h.com\\\/#\\\/schema\\\/logo\\\/image\\\/\"}}]}<\/script>\n<!-- \/ Yoast SEO plugin. -->","yoast_head_json":{"title":"- ANHTHU24H","robots":{"index":"index","follow":"follow","max-snippet":"max-snippet:-1","max-image-preview":"max-image-preview:large","max-video-preview":"max-video-preview:-1"},"canonical":"http:\/\/anhthu24h.com\/?page_id=170","og_locale":"vi_VN","og_type":"article","og_title":"- ANHTHU24H","og_description":"TH\u00d4NG TIN LI\u00caN H\u1ec6 ANHTHU24H \u2013 PHONE REPAIR SERVICE AnhThu24H l\u00e0 trung t\u00e2m s\u1eeda ch\u1eefa \u0111i\u1ec7n tho\u1ea1i uy t\u00edn t\u1ea1i TP.HCM, chuy\u00ean \u00e9p k\u00ednh, thay m\u00e0n h\u00ecnh, s\u1eeda l\u1ed7i ph\u1ea7n c\u1ee9ng \u2013 ph\u1ea7n m\u1ec1m cho iPhone, Samsung, Oppo, Xiaomi, Asus v\u00e0 nhi\u1ec1u d\u00f2ng m\u00e1y kh\u00e1c. \u0110\u1ecba ch\u1ec9 s\u1eeda \u0111i\u1ec7n tho\u1ea1i AnhThu24H:1073\/42 C\u00e1ch M\u1ea1ng Th\u00e1ng 8, [&hellip;]","og_url":"http:\/\/anhthu24h.com\/?page_id=170","og_site_name":"ANHTHU24H","article_modified_time":"2026-01-22T07:19:19+00:00","og_image":[{"url":"http:\/\/anhthu24h.com\/wp-content\/uploads\/2025\/10\/width_800.png","type":"","width":"","height":""}],"twitter_card":"summary_large_image","twitter_misc":{"\u01af\u1edbc t\u00ednh th\u1eddi gian \u0111\u1ecdc":"2 ph\u00fat"},"schema":{"@context":"https:\/\/schema.org","@graph":[{"@type":"WebPage","@id":"http:\/\/anhthu24h.com\/?page_id=170","url":"http:\/\/anhthu24h.com\/?page_id=170","name":"- ANHTHU24H","isPartOf":{"@id":"http:\/\/anhthu24h.com\/#website"},"primaryImageOfPage":{"@id":"http:\/\/anhthu24h.com\/?page_id=170#primaryimage"},"image":{"@id":"http:\/\/anhthu24h.com\/?page_id=170#primaryimage"},"thumbnailUrl":"http:\/\/anhthu24h.com\/wp-content\/uploads\/2025\/10\/width_800.png","datePublished":"2025-10-15T15:59:53+00:00","dateModified":"2026-01-22T07:19:19+00:00","inLanguage":"vi","potentialAction":[{"@type":"ReadAction","target":["http:\/\/anhthu24h.com\/?page_id=170"]}]},{"@type":"ImageObject","inLanguage":"vi","@id":"http:\/\/anhthu24h.com\/?page_id=170#primaryimage","url":"http:\/\/anhthu24h.com\/wp-content\/uploads\/2025\/10\/width_800.png","contentUrl":"http:\/\/anhthu24h.com\/wp-content\/uploads\/2025\/10\/width_800.png","width":800,"height":800},{"@type":"WebSite","@id":"http:\/\/anhthu24h.com\/#website","url":"http:\/\/anhthu24h.com\/","name":"ANH THU 24H","description":"Gi\u1ea3i Ph&aacute;p S\u1eeda ch\u1eefa \u0110i\u1ec7n Tho\u1ea1i  ","publisher":{"@id":"http:\/\/anhthu24h.com\/#organization"},"potentialAction":[{"@type":"SearchAction","target":{"@type":"EntryPoint","urlTemplate":"http:\/\/anhthu24h.com\/?s={search_term_string}"},"query-input":{"@type":"PropertyValueSpecification","valueRequired":true,"valueName":"search_term_string"}}],"inLanguage":"vi"},{"@type":"Organization","@id":"http:\/\/anhthu24h.com\/#organization","name":"ANH THU 24H","url":"http:\/\/anhthu24h.com\/","logo":{"@type":"ImageObject","inLanguage":"vi","@id":"http:\/\/anhthu24h.com\/#\/schema\/logo\/image\/","url":"http:\/\/anhthu24h.com\/wp-content\/uploads\/2025\/10\/width_800.png","contentUrl":"http:\/\/anhthu24h.com\/wp-content\/uploads\/2025\/10\/width_800.png","width":800,"height":800,"caption":"ANH THU 24H"},"image":{"@id":"http:\/\/anhthu24h.com\/#\/schema\/logo\/image\/"}}]}},"_links":{"self":[{"href":"http:\/\/anhthu24h.com\/index.php?rest_route=\/wp\/v2\/pages\/170","targetHints":{"allow":["GET"]}}],"collection":[{"href":"http:\/\/anhthu24h.com\/index.php?rest_route=\/wp\/v2\/pages"}],"about":[{"href":"http:\/\/anhthu24h.com\/index.php?rest_route=\/wp\/v2\/types\/page"}],"author":[{"embeddable":true,"href":"http:\/\/anhthu24h.com\/index.php?rest_route=\/wp\/v2\/users\/1"}],"replies":[{"embeddable":true,"href":"http:\/\/anhthu24h.com\/index.php?rest_route=%2Fwp%2Fv2%2Fcomments&post=170"}],"version-history":[{"count":6,"href":"http:\/\/anhthu24h.com\/index.php?rest_route=\/wp\/v2\/pages\/170\/revisions"}],"predecessor-version":[{"id":892,"href":"http:\/\/anhthu24h.com\/index.php?rest_route=\/wp\/v2\/pages\/170\/revisions\/892"}],"wp:attachment":[{"href":"http:\/\/anhthu24h.com\/index.php?rest_route=%2Fwp%2Fv2%2Fmedia&parent=170"}],"curies":[{"name":"wp","href":"https:\/\/api.w.org\/{rel}","templated":true}]}}