{"id":631,"date":"2026-01-19T12:38:42","date_gmt":"2026-01-19T05:38:42","guid":{"rendered":"http:\/\/anhthu24h.com\/?page_id=631"},"modified":"2026-01-22T12:20:58","modified_gmt":"2026-01-22T05:20:58","slug":"dich-vu-ep-kinh-dong-ho-aw","status":"publish","type":"page","link":"http:\/\/anhthu24h.com\/?page_id=631","title":{"rendered":"APPLE WATCH"},"content":{"rendered":"\n<h5 class=\"wp-block-heading has-system-serif-font-family\" id=\"ek\"><strong>B\u1ea2NG GI\u00c1 \u00c9P K\u00cdNH \u2013 \u00c9P C\u1ea2M \u1ee8NG APPLE WATCH<\/strong><\/h5>\n\n\n\n<p><br><br><br><strong>Series 1 \u2013 38mm \/ 42mm<\/strong><\/p>\n\n\n\n<ul class=\"wp-block-list\">\n<li>\u00c9p k\u00ednh: 250K<\/li>\n\n\n\n<li>\u00c9p c\u1ea3m: 350K<\/li>\n<\/ul>\n\n\n\n<p><strong>Series 2 \/ Series 3 \u2013 38mm<\/strong><\/p>\n\n\n\n<ul class=\"wp-block-list\">\n<li>\u00c9p k\u00ednh: 400K<\/li>\n\n\n\n<li>\u00c9p c\u1ea3m: 600K<\/li>\n<\/ul>\n\n\n\n<p><strong>Series 2 \/ Series 3 \u2013 42mm<\/strong><\/p>\n\n\n\n<ul class=\"wp-block-list\">\n<li>\u00c9p k\u00ednh: 400K<\/li>\n\n\n\n<li>\u00c9p c\u1ea3m: 600K<\/li>\n<\/ul>\n\n\n\n<p><strong>Series 4 \u2013 40mm<\/strong><\/p>\n\n\n\n<ul class=\"wp-block-list\">\n<li>\u00c9p k\u00ednh: 400K<\/li>\n\n\n\n<li>\u00c9p c\u1ea3m: 600K<\/li>\n\n\n\n<li>Thay pin: 500K<\/li>\n<\/ul>\n\n\n\n<p><strong>Series 4 \u2013 44mm<\/strong><\/p>\n\n\n\n<ul class=\"wp-block-list\">\n<li>\u00c9p k\u00ednh: 400K<\/li>\n\n\n\n<li>\u00c9p c\u1ea3m: 600K<\/li>\n\n\n\n<li>Thay pin: 500K<\/li>\n<\/ul>\n\n\n\n<p><strong>Series 5 \/ SE \u2013 40mm<\/strong><\/p>\n\n\n\n<ul class=\"wp-block-list\">\n<li>\u00c9p k\u00ednh: 450K<\/li>\n\n\n\n<li>\u00c9p c\u1ea3m: 650K<\/li>\n\n\n\n<li>Thay pin: 500K<\/li>\n<\/ul>\n\n\n\n<p><strong>Series 5 \/ SE \u2013 44mm<\/strong><\/p>\n\n\n\n<ul class=\"wp-block-list\">\n<li>\u00c9p k\u00ednh: 450K<\/li>\n\n\n\n<li>\u00c9p c\u1ea3m: 650K<\/li>\n\n\n\n<li>Thay pin: 500K<\/li>\n<\/ul>\n\n\n\n<p><strong>Series 6 \u2013 40mm<\/strong><\/p>\n\n\n\n<ul class=\"wp-block-list\">\n<li>\u00c9p k\u00ednh: 450K<\/li>\n\n\n\n<li>\u00c9p c\u1ea3m: 750K<\/li>\n\n\n\n<li>Thay pin: 550K<\/li>\n<\/ul>\n\n\n\n<p><strong>Series 6 \u2013 44mm<\/strong><\/p>\n\n\n\n<ul class=\"wp-block-list\">\n<li>\u00c9p k\u00ednh: 450K<\/li>\n\n\n\n<li>\u00c9p c\u1ea3m: 750K<\/li>\n\n\n\n<li>Thay pin: 550K<\/li>\n<\/ul>\n\n\n\n<p><strong>Series 7 \u2013 41mm \/ 45mm<\/strong><\/p>\n\n\n\n<ul class=\"wp-block-list\">\n<li>\u00c9p k\u00ednh: 500K<\/li>\n\n\n\n<li>Thay pin: 550K<\/li>\n<\/ul>\n\n\n\n<p><strong>Series 8 \u2013 41mm \/ 45mm<\/strong><\/p>\n\n\n\n<ul class=\"wp-block-list\">\n<li>\u00c9p k\u00ednh: 600K<\/li>\n\n\n\n<li>Thay pin: 600K<\/li>\n<\/ul>\n\n\n\n<p><strong>Series 9 \u2013 41mm \/ 45mm<\/strong><\/p>\n\n\n\n<ul class=\"wp-block-list\">\n<li>\u00c9p k\u00ednh: 600K<\/li>\n<\/ul>\n\n\n\n<p><strong>Series 10 \u2013 42mm \/ 46mm<\/strong><\/p>\n\n\n\n<ul class=\"wp-block-list\">\n<li>\u00c9p k\u00ednh: 700K<\/li>\n<\/ul>\n\n\n\n<p><strong>Apple Watch Ultra \u2013 49mm<\/strong><\/p>\n\n\n\n<ul class=\"wp-block-list\">\n<li>\u00c9p k\u00ednh: 900K<\/li>\n\n\n\n<li>Thay pin: 1.000K<\/li>\n<\/ul>\n\n\n\n<p><strong>Apple Watch Ultra 2 \u2013 49mm<\/strong><\/p>\n\n\n\n<ul class=\"wp-block-list\">\n<li>\u00c9p k\u00ednh: 900K<\/li>\n<\/ul>\n\n\n\n<p><\/p>\n","protected":false},"excerpt":{"rendered":"<p>B\u1ea2NG GI\u00c1 \u00c9P K\u00cdNH \u2013 \u00c9P C\u1ea2M \u1ee8NG APPLE WATCH Series 1 \u2013 38mm \/ 42mm Series 2 \/ Series 3 \u2013 38mm Series 2 \/ Series 3 \u2013 42mm Series 4 \u2013 40mm Series 4 \u2013 44mm Series 5 \/ SE \u2013 40mm Series 5 \/ SE \u2013 44mm Series 6 \u2013 40mm Series [&hellip;]<\/p>\n","protected":false},"author":1,"featured_media":731,"parent":0,"menu_order":0,"comment_status":"closed","ping_status":"closed","template":"","meta":{"footnotes":""},"class_list":["post-631","page","type-page","status-publish","has-post-thumbnail","hentry"],"yoast_head":"<!-- This site is optimized with the Yoast SEO plugin v27.5 - https:\/\/yoast.com\/product\/yoast-seo-wordpress\/ -->\n<title>APPLE WATCH - ANHTHU24H<\/title>\n<meta name=\"description\" content=\"ANHTHU24H chuy\u00ean \u00e9p k\u00ednh Apple Watch, \u00e9p c\u1ea3m \u1ee9ng Apple Watch t\u1ea5t c\u1ea3 c\u00e1c d\u00f2ng Series 1 \u2192 Series 9, SE, Ultra, gi\u1eef nguy\u00ean m\u00e0n h\u00ecnh zin, hi\u1ec3n th\u1ecb s\u1eafc n\u00e9t \u2013 c\u1ea3m \u1ee9ng m\u01b0\u1ee3t nh\u01b0 m\u1edbi.Khi n\u00e0o c\u1ea7n \u00e9p k\u00ednh \/ \u00e9p c\u1ea3m \u1ee9ng Apple Watch?M\u1eb7t k\u00ednh b\u1ec3, n\u1ee9t, tr\u1ea7y x\u01b0\u1edbcLi\u1ec7t, lo\u1ea1n, \u0111\u01a1 c\u1ea3m \u1ee9ngK\u00ednh bung keo, h\u1edf vi\u1ec1nM\u00e0n h\u00ecnh hi\u1ec3n th\u1ecb c\u00f2n t\u1ed1t, kh\u00f4ng s\u1ecdc \u2013 kh\u00f4ng \u0111\u1ed1m\ud83d\udc49 \u00c9p k\u00ednh \/ \u00e9p c\u1ea3m \u1ee9ng gi\u00fap ti\u1ebft ki\u1ec7m 50\u201370% chi ph\u00ed so v\u1edbi thay m\u00e0n h\u00ecnh nguy\u00ean b\u1ed9.D\u1ecaCH V\u1ee4 \u00c9P APPLE WATCH T\u1ea0I ANHTHU24H\u00c9p k\u00ednh Apple Watch 38mm \/ 40mm \/ 41mm \/ 42mm \/ 44mm \/ 45mm \/ 49mm\u00c9p c\u1ea3m \u1ee9ng Apple Watch Series 1, 2, 3, 4, 5, 6, 7, 8, 9, SE, UltraKeo OCA cao c\u1ea5p \u2013 \u00e9p m\u00e1y ch\u00e2n kh\u00f4ngKh\u00f4ng b\u1ee5i \u2013 kh\u00f4ng b\u1ecdt \u2013 kh\u00f4ng \u00e1m m\u00e0uGi\u1eef nguy\u00ean m\u00e0n h\u00ecnh zin theo m\u00e1y\" \/>\n<meta name=\"robots\" content=\"index, follow, max-snippet:-1, max-image-preview:large, max-video-preview:-1\" \/>\n<link rel=\"canonical\" href=\"http:\/\/anhthu24h.com\/?page_id=631\" \/>\n<meta property=\"og:locale\" content=\"vi_VN\" \/>\n<meta property=\"og:type\" content=\"article\" \/>\n<meta property=\"og:title\" content=\"APPLE WATCH - ANHTHU24H\" \/>\n<meta property=\"og:description\" content=\"ANHTHU24H chuy\u00ean \u00e9p k\u00ednh Apple Watch, \u00e9p c\u1ea3m \u1ee9ng Apple Watch t\u1ea5t c\u1ea3 c\u00e1c d\u00f2ng Series 1 \u2192 Series 9, SE, Ultra, gi\u1eef nguy\u00ean m\u00e0n h\u00ecnh zin, hi\u1ec3n th\u1ecb s\u1eafc n\u00e9t \u2013 c\u1ea3m \u1ee9ng m\u01b0\u1ee3t nh\u01b0 m\u1edbi.Khi n\u00e0o c\u1ea7n \u00e9p k\u00ednh \/ \u00e9p c\u1ea3m \u1ee9ng Apple Watch?M\u1eb7t k\u00ednh b\u1ec3, n\u1ee9t, tr\u1ea7y x\u01b0\u1edbcLi\u1ec7t, lo\u1ea1n, \u0111\u01a1 c\u1ea3m \u1ee9ngK\u00ednh bung keo, h\u1edf vi\u1ec1nM\u00e0n h\u00ecnh hi\u1ec3n th\u1ecb c\u00f2n t\u1ed1t, kh\u00f4ng s\u1ecdc \u2013 kh\u00f4ng \u0111\u1ed1m\ud83d\udc49 \u00c9p k\u00ednh \/ \u00e9p c\u1ea3m \u1ee9ng gi\u00fap ti\u1ebft ki\u1ec7m 50\u201370% chi ph\u00ed so v\u1edbi thay m\u00e0n h\u00ecnh nguy\u00ean b\u1ed9.D\u1ecaCH V\u1ee4 \u00c9P APPLE WATCH T\u1ea0I ANHTHU24H\u00c9p k\u00ednh Apple Watch 38mm \/ 40mm \/ 41mm \/ 42mm \/ 44mm \/ 45mm \/ 49mm\u00c9p c\u1ea3m \u1ee9ng Apple Watch Series 1, 2, 3, 4, 5, 6, 7, 8, 9, SE, UltraKeo OCA cao c\u1ea5p \u2013 \u00e9p m\u00e1y ch\u00e2n kh\u00f4ngKh\u00f4ng b\u1ee5i \u2013 kh\u00f4ng b\u1ecdt \u2013 kh\u00f4ng \u00e1m m\u00e0uGi\u1eef nguy\u00ean m\u00e0n h\u00ecnh zin theo m\u00e1y\" \/>\n<meta property=\"og:url\" content=\"http:\/\/anhthu24h.com\/?page_id=631\" \/>\n<meta property=\"og:site_name\" content=\"ANHTHU24H\" \/>\n<meta property=\"article:modified_time\" content=\"2026-01-22T05:20:58+00:00\" \/>\n<meta property=\"og:image\" content=\"http:\/\/anhthu24h.com\/wp-content\/uploads\/2026\/01\/27a32121cea099dec843e91095247824.jpg\" \/>\n\t<meta property=\"og:image:width\" content=\"1200\" \/>\n\t<meta property=\"og:image:height\" content=\"675\" \/>\n\t<meta property=\"og:image:type\" content=\"image\/jpeg\" \/>\n<meta name=\"twitter:card\" content=\"summary_large_image\" \/>\n<meta name=\"twitter:label1\" content=\"\u01af\u1edbc t\u00ednh th\u1eddi gian \u0111\u1ecdc\" \/>\n\t<meta name=\"twitter:data1\" content=\"2 ph\u00fat\" \/>\n<script type=\"application\/ld+json\" class=\"yoast-schema-graph\">{\"@context\":\"https:\\\/\\\/schema.org\",\"@graph\":[{\"@type\":\"WebPage\",\"@id\":\"http:\\\/\\\/anhthu24h.com\\\/?page_id=631\",\"url\":\"http:\\\/\\\/anhthu24h.com\\\/?page_id=631\",\"name\":\"APPLE WATCH - ANHTHU24H\",\"isPartOf\":{\"@id\":\"http:\\\/\\\/anhthu24h.com\\\/#website\"},\"primaryImageOfPage\":{\"@id\":\"http:\\\/\\\/anhthu24h.com\\\/?page_id=631#primaryimage\"},\"image\":{\"@id\":\"http:\\\/\\\/anhthu24h.com\\\/?page_id=631#primaryimage\"},\"thumbnailUrl\":\"http:\\\/\\\/anhthu24h.com\\\/wp-content\\\/uploads\\\/2026\\\/01\\\/27a32121cea099dec843e91095247824.jpg\",\"datePublished\":\"2026-01-19T05:38:42+00:00\",\"dateModified\":\"2026-01-22T05:20:58+00:00\",\"description\":\"ANHTHU24H chuy\u00ean \u00e9p k\u00ednh Apple Watch, \u00e9p c\u1ea3m \u1ee9ng Apple Watch t\u1ea5t c\u1ea3 c\u00e1c d\u00f2ng Series 1 \u2192 Series 9, SE, Ultra, gi\u1eef nguy\u00ean m\u00e0n h\u00ecnh zin, hi\u1ec3n th\u1ecb s\u1eafc n\u00e9t \u2013 c\u1ea3m \u1ee9ng m\u01b0\u1ee3t nh\u01b0 m\u1edbi.Khi n\u00e0o c\u1ea7n \u00e9p k\u00ednh \\\/ \u00e9p c\u1ea3m \u1ee9ng Apple Watch?M\u1eb7t k\u00ednh b\u1ec3, n\u1ee9t, tr\u1ea7y x\u01b0\u1edbcLi\u1ec7t, lo\u1ea1n, \u0111\u01a1 c\u1ea3m \u1ee9ngK\u00ednh bung keo, h\u1edf vi\u1ec1nM\u00e0n h\u00ecnh hi\u1ec3n th\u1ecb c\u00f2n t\u1ed1t, kh\u00f4ng s\u1ecdc \u2013 kh\u00f4ng \u0111\u1ed1m\ud83d\udc49 \u00c9p k\u00ednh \\\/ \u00e9p c\u1ea3m \u1ee9ng gi\u00fap ti\u1ebft ki\u1ec7m 50\u201370% chi ph\u00ed so v\u1edbi thay m\u00e0n h\u00ecnh nguy\u00ean b\u1ed9.D\u1ecaCH V\u1ee4 \u00c9P APPLE WATCH T\u1ea0I ANHTHU24H\u00c9p k\u00ednh Apple Watch 38mm \\\/ 40mm \\\/ 41mm \\\/ 42mm \\\/ 44mm \\\/ 45mm \\\/ 49mm\u00c9p c\u1ea3m \u1ee9ng Apple Watch Series 1, 2, 3, 4, 5, 6, 7, 8, 9, SE, UltraKeo OCA cao c\u1ea5p \u2013 \u00e9p m\u00e1y ch\u00e2n kh\u00f4ngKh\u00f4ng b\u1ee5i \u2013 kh\u00f4ng b\u1ecdt \u2013 kh\u00f4ng \u00e1m m\u00e0uGi\u1eef nguy\u00ean m\u00e0n h\u00ecnh zin theo m\u00e1y\",\"breadcrumb\":{\"@id\":\"http:\\\/\\\/anhthu24h.com\\\/?page_id=631#breadcrumb\"},\"inLanguage\":\"vi\",\"potentialAction\":[{\"@type\":\"ReadAction\",\"target\":[\"http:\\\/\\\/anhthu24h.com\\\/?page_id=631\"]}]},{\"@type\":\"ImageObject\",\"inLanguage\":\"vi\",\"@id\":\"http:\\\/\\\/anhthu24h.com\\\/?page_id=631#primaryimage\",\"url\":\"http:\\\/\\\/anhthu24h.com\\\/wp-content\\\/uploads\\\/2026\\\/01\\\/27a32121cea099dec843e91095247824.jpg\",\"contentUrl\":\"http:\\\/\\\/anhthu24h.com\\\/wp-content\\\/uploads\\\/2026\\\/01\\\/27a32121cea099dec843e91095247824.jpg\",\"width\":1200,\"height\":675},{\"@type\":\"BreadcrumbList\",\"@id\":\"http:\\\/\\\/anhthu24h.com\\\/?page_id=631#breadcrumb\",\"itemListElement\":[{\"@type\":\"ListItem\",\"position\":1,\"name\":\"Trang ch\u1ee7\",\"item\":\"http:\\\/\\\/anhthu24h.com\\\/\"},{\"@type\":\"ListItem\",\"position\":2,\"name\":\"APPLE WATCH\"}]},{\"@type\":\"WebSite\",\"@id\":\"http:\\\/\\\/anhthu24h.com\\\/#website\",\"url\":\"http:\\\/\\\/anhthu24h.com\\\/\",\"name\":\"ANH THU 24H\",\"description\":\"Gi\u1ea3i Ph&aacute;p S\u1eeda ch\u1eefa \u0110i\u1ec7n Tho\u1ea1i  \",\"publisher\":{\"@id\":\"http:\\\/\\\/anhthu24h.com\\\/#organization\"},\"potentialAction\":[{\"@type\":\"SearchAction\",\"target\":{\"@type\":\"EntryPoint\",\"urlTemplate\":\"http:\\\/\\\/anhthu24h.com\\\/?s={search_term_string}\"},\"query-input\":{\"@type\":\"PropertyValueSpecification\",\"valueRequired\":true,\"valueName\":\"search_term_string\"}}],\"inLanguage\":\"vi\"},{\"@type\":\"Organization\",\"@id\":\"http:\\\/\\\/anhthu24h.com\\\/#organization\",\"name\":\"ANH THU 24H\",\"url\":\"http:\\\/\\\/anhthu24h.com\\\/\",\"logo\":{\"@type\":\"ImageObject\",\"inLanguage\":\"vi\",\"@id\":\"http:\\\/\\\/anhthu24h.com\\\/#\\\/schema\\\/logo\\\/image\\\/\",\"url\":\"http:\\\/\\\/anhthu24h.com\\\/wp-content\\\/uploads\\\/2025\\\/10\\\/width_800.png\",\"contentUrl\":\"http:\\\/\\\/anhthu24h.com\\\/wp-content\\\/uploads\\\/2025\\\/10\\\/width_800.png\",\"width\":800,\"height\":800,\"caption\":\"ANH THU 24H\"},\"image\":{\"@id\":\"http:\\\/\\\/anhthu24h.com\\\/#\\\/schema\\\/logo\\\/image\\\/\"}}]}<\/script>\n<!-- \/ Yoast SEO plugin. -->","yoast_head_json":{"title":"APPLE WATCH - ANHTHU24H","description":"ANHTHU24H chuy\u00ean \u00e9p k\u00ednh Apple Watch, \u00e9p c\u1ea3m \u1ee9ng Apple Watch t\u1ea5t c\u1ea3 c\u00e1c d\u00f2ng Series 1 \u2192 Series 9, SE, Ultra, gi\u1eef nguy\u00ean m\u00e0n h\u00ecnh zin, hi\u1ec3n th\u1ecb s\u1eafc n\u00e9t \u2013 c\u1ea3m \u1ee9ng m\u01b0\u1ee3t nh\u01b0 m\u1edbi.Khi n\u00e0o c\u1ea7n \u00e9p k\u00ednh \/ \u00e9p c\u1ea3m \u1ee9ng Apple Watch?M\u1eb7t k\u00ednh b\u1ec3, n\u1ee9t, tr\u1ea7y x\u01b0\u1edbcLi\u1ec7t, lo\u1ea1n, \u0111\u01a1 c\u1ea3m \u1ee9ngK\u00ednh bung keo, h\u1edf vi\u1ec1nM\u00e0n h\u00ecnh hi\u1ec3n th\u1ecb c\u00f2n t\u1ed1t, kh\u00f4ng s\u1ecdc \u2013 kh\u00f4ng \u0111\u1ed1m\ud83d\udc49 \u00c9p k\u00ednh \/ \u00e9p c\u1ea3m \u1ee9ng gi\u00fap ti\u1ebft ki\u1ec7m 50\u201370% chi ph\u00ed so v\u1edbi thay m\u00e0n h\u00ecnh nguy\u00ean b\u1ed9.D\u1ecaCH V\u1ee4 \u00c9P APPLE WATCH T\u1ea0I ANHTHU24H\u00c9p k\u00ednh Apple Watch 38mm \/ 40mm \/ 41mm \/ 42mm \/ 44mm \/ 45mm \/ 49mm\u00c9p c\u1ea3m \u1ee9ng Apple Watch Series 1, 2, 3, 4, 5, 6, 7, 8, 9, SE, UltraKeo OCA cao c\u1ea5p \u2013 \u00e9p m\u00e1y ch\u00e2n kh\u00f4ngKh\u00f4ng b\u1ee5i \u2013 kh\u00f4ng b\u1ecdt \u2013 kh\u00f4ng \u00e1m m\u00e0uGi\u1eef nguy\u00ean m\u00e0n h\u00ecnh zin theo m\u00e1y","robots":{"index":"index","follow":"follow","max-snippet":"max-snippet:-1","max-image-preview":"max-image-preview:large","max-video-preview":"max-video-preview:-1"},"canonical":"http:\/\/anhthu24h.com\/?page_id=631","og_locale":"vi_VN","og_type":"article","og_title":"APPLE WATCH - ANHTHU24H","og_description":"ANHTHU24H chuy\u00ean \u00e9p k\u00ednh Apple Watch, \u00e9p c\u1ea3m \u1ee9ng Apple Watch t\u1ea5t c\u1ea3 c\u00e1c d\u00f2ng Series 1 \u2192 Series 9, SE, Ultra, gi\u1eef nguy\u00ean m\u00e0n h\u00ecnh zin, hi\u1ec3n th\u1ecb s\u1eafc n\u00e9t \u2013 c\u1ea3m \u1ee9ng m\u01b0\u1ee3t nh\u01b0 m\u1edbi.Khi n\u00e0o c\u1ea7n \u00e9p k\u00ednh \/ \u00e9p c\u1ea3m \u1ee9ng Apple Watch?M\u1eb7t k\u00ednh b\u1ec3, n\u1ee9t, tr\u1ea7y x\u01b0\u1edbcLi\u1ec7t, lo\u1ea1n, \u0111\u01a1 c\u1ea3m \u1ee9ngK\u00ednh bung keo, h\u1edf vi\u1ec1nM\u00e0n h\u00ecnh hi\u1ec3n th\u1ecb c\u00f2n t\u1ed1t, kh\u00f4ng s\u1ecdc \u2013 kh\u00f4ng \u0111\u1ed1m\ud83d\udc49 \u00c9p k\u00ednh \/ \u00e9p c\u1ea3m \u1ee9ng gi\u00fap ti\u1ebft ki\u1ec7m 50\u201370% chi ph\u00ed so v\u1edbi thay m\u00e0n h\u00ecnh nguy\u00ean b\u1ed9.D\u1ecaCH V\u1ee4 \u00c9P APPLE WATCH T\u1ea0I ANHTHU24H\u00c9p k\u00ednh Apple Watch 38mm \/ 40mm \/ 41mm \/ 42mm \/ 44mm \/ 45mm \/ 49mm\u00c9p c\u1ea3m \u1ee9ng Apple Watch Series 1, 2, 3, 4, 5, 6, 7, 8, 9, SE, UltraKeo OCA cao c\u1ea5p \u2013 \u00e9p m\u00e1y ch\u00e2n kh\u00f4ngKh\u00f4ng b\u1ee5i \u2013 kh\u00f4ng b\u1ecdt \u2013 kh\u00f4ng \u00e1m m\u00e0uGi\u1eef nguy\u00ean m\u00e0n h\u00ecnh zin theo m\u00e1y","og_url":"http:\/\/anhthu24h.com\/?page_id=631","og_site_name":"ANHTHU24H","article_modified_time":"2026-01-22T05:20:58+00:00","og_image":[{"width":1200,"height":675,"url":"http:\/\/anhthu24h.com\/wp-content\/uploads\/2026\/01\/27a32121cea099dec843e91095247824.jpg","type":"image\/jpeg"}],"twitter_card":"summary_large_image","twitter_misc":{"\u01af\u1edbc t\u00ednh th\u1eddi gian \u0111\u1ecdc":"2 ph\u00fat"},"schema":{"@context":"https:\/\/schema.org","@graph":[{"@type":"WebPage","@id":"http:\/\/anhthu24h.com\/?page_id=631","url":"http:\/\/anhthu24h.com\/?page_id=631","name":"APPLE WATCH - ANHTHU24H","isPartOf":{"@id":"http:\/\/anhthu24h.com\/#website"},"primaryImageOfPage":{"@id":"http:\/\/anhthu24h.com\/?page_id=631#primaryimage"},"image":{"@id":"http:\/\/anhthu24h.com\/?page_id=631#primaryimage"},"thumbnailUrl":"http:\/\/anhthu24h.com\/wp-content\/uploads\/2026\/01\/27a32121cea099dec843e91095247824.jpg","datePublished":"2026-01-19T05:38:42+00:00","dateModified":"2026-01-22T05:20:58+00:00","description":"ANHTHU24H chuy\u00ean \u00e9p k\u00ednh Apple Watch, \u00e9p c\u1ea3m \u1ee9ng Apple Watch t\u1ea5t c\u1ea3 c\u00e1c d\u00f2ng Series 1 \u2192 Series 9, SE, Ultra, gi\u1eef nguy\u00ean m\u00e0n h\u00ecnh zin, hi\u1ec3n th\u1ecb s\u1eafc n\u00e9t \u2013 c\u1ea3m \u1ee9ng m\u01b0\u1ee3t nh\u01b0 m\u1edbi.Khi n\u00e0o c\u1ea7n \u00e9p k\u00ednh \/ \u00e9p c\u1ea3m \u1ee9ng Apple Watch?M\u1eb7t k\u00ednh b\u1ec3, n\u1ee9t, tr\u1ea7y x\u01b0\u1edbcLi\u1ec7t, lo\u1ea1n, \u0111\u01a1 c\u1ea3m \u1ee9ngK\u00ednh bung keo, h\u1edf vi\u1ec1nM\u00e0n h\u00ecnh hi\u1ec3n th\u1ecb c\u00f2n t\u1ed1t, kh\u00f4ng s\u1ecdc \u2013 kh\u00f4ng \u0111\u1ed1m\ud83d\udc49 \u00c9p k\u00ednh \/ \u00e9p c\u1ea3m \u1ee9ng gi\u00fap ti\u1ebft ki\u1ec7m 50\u201370% chi ph\u00ed so v\u1edbi thay m\u00e0n h\u00ecnh nguy\u00ean b\u1ed9.D\u1ecaCH V\u1ee4 \u00c9P APPLE WATCH T\u1ea0I ANHTHU24H\u00c9p k\u00ednh Apple Watch 38mm \/ 40mm \/ 41mm \/ 42mm \/ 44mm \/ 45mm \/ 49mm\u00c9p c\u1ea3m \u1ee9ng Apple Watch Series 1, 2, 3, 4, 5, 6, 7, 8, 9, SE, UltraKeo OCA cao c\u1ea5p \u2013 \u00e9p m\u00e1y ch\u00e2n kh\u00f4ngKh\u00f4ng b\u1ee5i \u2013 kh\u00f4ng b\u1ecdt \u2013 kh\u00f4ng \u00e1m m\u00e0uGi\u1eef nguy\u00ean m\u00e0n h\u00ecnh zin theo m\u00e1y","breadcrumb":{"@id":"http:\/\/anhthu24h.com\/?page_id=631#breadcrumb"},"inLanguage":"vi","potentialAction":[{"@type":"ReadAction","target":["http:\/\/anhthu24h.com\/?page_id=631"]}]},{"@type":"ImageObject","inLanguage":"vi","@id":"http:\/\/anhthu24h.com\/?page_id=631#primaryimage","url":"http:\/\/anhthu24h.com\/wp-content\/uploads\/2026\/01\/27a32121cea099dec843e91095247824.jpg","contentUrl":"http:\/\/anhthu24h.com\/wp-content\/uploads\/2026\/01\/27a32121cea099dec843e91095247824.jpg","width":1200,"height":675},{"@type":"BreadcrumbList","@id":"http:\/\/anhthu24h.com\/?page_id=631#breadcrumb","itemListElement":[{"@type":"ListItem","position":1,"name":"Trang ch\u1ee7","item":"http:\/\/anhthu24h.com\/"},{"@type":"ListItem","position":2,"name":"APPLE WATCH"}]},{"@type":"WebSite","@id":"http:\/\/anhthu24h.com\/#website","url":"http:\/\/anhthu24h.com\/","name":"ANH THU 24H","description":"Gi\u1ea3i Ph&aacute;p S\u1eeda ch\u1eefa \u0110i\u1ec7n Tho\u1ea1i  ","publisher":{"@id":"http:\/\/anhthu24h.com\/#organization"},"potentialAction":[{"@type":"SearchAction","target":{"@type":"EntryPoint","urlTemplate":"http:\/\/anhthu24h.com\/?s={search_term_string}"},"query-input":{"@type":"PropertyValueSpecification","valueRequired":true,"valueName":"search_term_string"}}],"inLanguage":"vi"},{"@type":"Organization","@id":"http:\/\/anhthu24h.com\/#organization","name":"ANH THU 24H","url":"http:\/\/anhthu24h.com\/","logo":{"@type":"ImageObject","inLanguage":"vi","@id":"http:\/\/anhthu24h.com\/#\/schema\/logo\/image\/","url":"http:\/\/anhthu24h.com\/wp-content\/uploads\/2025\/10\/width_800.png","contentUrl":"http:\/\/anhthu24h.com\/wp-content\/uploads\/2025\/10\/width_800.png","width":800,"height":800,"caption":"ANH THU 24H"},"image":{"@id":"http:\/\/anhthu24h.com\/#\/schema\/logo\/image\/"}}]}},"_links":{"self":[{"href":"http:\/\/anhthu24h.com\/index.php?rest_route=\/wp\/v2\/pages\/631","targetHints":{"allow":["GET"]}}],"collection":[{"href":"http:\/\/anhthu24h.com\/index.php?rest_route=\/wp\/v2\/pages"}],"about":[{"href":"http:\/\/anhthu24h.com\/index.php?rest_route=\/wp\/v2\/types\/page"}],"author":[{"embeddable":true,"href":"http:\/\/anhthu24h.com\/index.php?rest_route=\/wp\/v2\/users\/1"}],"replies":[{"embeddable":true,"href":"http:\/\/anhthu24h.com\/index.php?rest_route=%2Fwp%2Fv2%2Fcomments&post=631"}],"version-history":[{"count":9,"href":"http:\/\/anhthu24h.com\/index.php?rest_route=\/wp\/v2\/pages\/631\/revisions"}],"predecessor-version":[{"id":870,"href":"http:\/\/anhthu24h.com\/index.php?rest_route=\/wp\/v2\/pages\/631\/revisions\/870"}],"wp:featuredmedia":[{"embeddable":true,"href":"http:\/\/anhthu24h.com\/index.php?rest_route=\/wp\/v2\/media\/731"}],"wp:attachment":[{"href":"http:\/\/anhthu24h.com\/index.php?rest_route=%2Fwp%2Fv2%2Fmedia&parent=631"}],"curies":[{"name":"wp","href":"https:\/\/api.w.org\/{rel}","templated":true}]}}