{"id":644,"date":"2026-01-19T14:19:35","date_gmt":"2026-01-19T07:19:35","guid":{"rendered":"http:\/\/anhthu24h.com\/?page_id=644"},"modified":"2026-01-22T12:54:06","modified_gmt":"2026-01-22T05:54:06","slug":"ep-kinh-xiaomi-poco-mi","status":"publish","type":"page","link":"http:\/\/anhthu24h.com\/?page_id=644","title":{"rendered":"XIAOMI \/ POCO \/ MI"},"content":{"rendered":"\n<h2 class=\"wp-block-heading\"><strong>C\u00e1p G\u1eadp Xiaomi MIX Fold \u2013 MIX Flip<\/strong><\/h2>\n\n\n\n<ul class=\"wp-block-list\">\n<li>C\u00e1p G\u1eadp Xiaomi MIX FLIP 2 ZIN H\u00c3NG: <strong>1.800k<\/strong><\/li>\n\n\n\n<li>C\u00e1p G\u1eadp Xiaomi MIX FLIP ZIN H\u00c3NG: <strong>1.800k<\/strong><\/li>\n\n\n\n<li>C\u00e1p G\u1eadp Xiaomi MIX Fold 3 ZIN H\u00c3NG: <strong>3.000k<\/strong><\/li>\n\n\n\n<li>C\u00e1p G\u1eadp Xiaomi MIX Fold 2 ZIN H\u00c3NG: <strong>3.000k<\/strong><\/li>\n\n\n\n<li>C\u00e1p G\u1eadp Xiaomi MIX Fold ZIN H\u00c3NG: <strong>2.800k<\/strong><br><\/li>\n<\/ul>\n\n\n\n<h2 class=\"wp-block-heading\">\u00c9p K\u00ednh Xiaomi &#8211; Poco &#8211; Mi <\/h2>\n\n\n\n<p><\/p>\n\n\n\n<p>Xiaomi 10 Lite Zoom \u00c9p k\u00ednh: 550<br>Xiaomi 12 Pro \/ Mi 12S Pro (cong) \u00c9p k\u00ednh: 1000<br>Xiaomi 12 Lite \u00c9p k\u00ednh: 500<br>Xiaomi 12S Ultra \u00c9p k\u00ednh: 1200<br>Xiaomi 14T \/ Mi 14T Pro \/ K70 Ultra \u00c9p k\u00ednh: 600<br>Xiaomi 14 Pro \u00c9p k\u00ednh: 1300<br>Xiaomi 14 Ultra \u00c9p k\u00ednh: 900<\/p>\n\n\n\n<p>Xiaomi 13 \/ Mi 13 \u00c9p k\u00ednh: 800<br>Xiaomi 13 Pro \u00c9p k\u00ednh: 850<br>Xiaomi 13 Ultra \u00c9p k\u00ednh: 1300<br>Mi 13 Lite (cong) \u00c9p k\u00ednh: 900<\/p>\n\n\n\n<p>Xiaomi Civi (cong) \u00c9p k\u00ednh: 950<br>Xiaomi CC9 Pro \u00c9p k\u00ednh: 450<\/p>\n\n\n\n<p>Mi Note 3<br>Mi Note 10 \/ 10 Pro \/ 10 Lite (cong) \u00c9p k\u00ednh: 850<br>Mi Note 10 Lite \u00c9p k\u00ednh: 1050<\/p>\n\n\n\n<p>Mi A1 \/ Mi 5X \/ MDG2 \u00c9p c\u1ea3m \u1ee9ng: 350<br>Mi A2 \/ Mi 6X \u00c9p k\u00ednh: 300<br>Mi A3 \/ CC9E \u00c9p k\u00ednh: 350<br>Mi A2 Lite \u00c9p c\u1ea3m \u1ee9ng: 350<\/p>\n\n\n\n<p>Mi 2A (T,\u0110) \u00c9p c\u1ea3m \u1ee9ng: 350<br>Mi 2 \/ Mi 2S \/ M2 \/ M2i (T,\u0110) \u00c9p c\u1ea3m \u1ee9ng: 350<br>Mi 3 \/ Mi 3S \/ M3i (T,\u0110) \u00c9p c\u1ea3m \u1ee9ng: 350<\/p>\n\n\n\n<p>Mi 4 (T,\u0110) \u00c9p c\u1ea3m \u1ee9ng: 350<br>Mi 4i \/ Mi 4c \u00c9p c\u1ea3m \u1ee9ng: 350<br>Mi 4S \u00c9p c\u1ea3m \u1ee9ng: 350<br>Mi 4X \u00c9p c\u1ea3m \u1ee9ng: 350<\/p>\n\n\n\n<p>Mi 5 (T,\u0110,V) \u00c9p k\u00ednh: 350<br>Mi 5S (T,\u0110,V) \u00c9p k\u00ednh: 350<br>Mi 5 Plus \u00c9p k\u00ednh: 350<br>Mi 5S Plus \u00c9p k\u00ednh: 350<\/p>\n\n\n\n<p>Mi 6 \u00c9p k\u00ednh: 350<br>Mi 8 \u00c9p k\u00ednh: 400<br>Mi 8 Lite \u00c9p k\u00ednh: 400<br>Mi 8 SE \u00c9p k\u00ednh: 500<br>Mi 8 Pro \u00c9p k\u00ednh: 500<\/p>\n\n\n\n<p>Mi 9 SE (5.97 in) \u00c9p k\u00ednh: 400<br>Mi 9 (6.39 in) \u00c9p k\u00ednh: 400<br>Mi 9 Pro \u00c9p k\u00ednh: 500<br>Mi 9 Lite \u00c9p k\u00ednh: 500<br>Mi 9T \/ Mi 9T Pro \/ K20 \/ K20 Pro \u00c9p k\u00ednh: 500<\/p>\n\n\n\n<p>Mi 10 5G \u00c9p k\u00ednh: 800<br>Mi 10 Pro \/ Mi 10 Pro 5G \u00c9p k\u00ednh: 800<br>Mi 10T Pro \/ Mi 10T Pro 5G \u00c9p k\u00ednh: 400<br>Mi 10T \u00c9p k\u00ednh: 400<br>Mi 10 Lite \u00c9p k\u00ednh: 400<br>Mi 10 Ultra (cong) \u00c9p k\u00ednh: 950<br>Mi 10S (cong) \u00c9p k\u00ednh: 850<\/p>\n\n\n\n<p>Mi 11 Lite \u00c9p k\u00ednh: 700<br>Mi 11 Lite 5G \u00c9p k\u00ednh: 800<br>Mi 11T \/ Mi 11T Pro \/ Poco F4 \u00c9p k\u00ednh: 600<br>Mi 11 5G \/ Mi 11 Pro (cong) \u00c9p k\u00ednh: 1200<br>Mi 11 Ultra (cong) \u00c9p k\u00ednh: 1200<\/p>\n\n\n\n<p>Mi 12 \u00c9p k\u00ednh: 400<br>Mi 12X (cong) \u00c9p k\u00ednh: 850<br>Mi 12S (cong) \u00c9p k\u00ednh: 800<br>Mi 12 Pro \u00c9p k\u00ednh: 800<br>Mi 12T \/ 12T Pro \/ K50 Ultra \u00c9p k\u00ednh: 400<br>Mi 12 Lite \u00c9p k\u00ednh: 500<\/p>\n\n\n\n<p>Mi Mix 1 \u00c9p k\u00ednh: 400<br>Mi Mix 2 \u00c9p k\u00ednh: 400<br>Mi Mix 2S \u00c9p k\u00ednh: 400<br>Mi Mix 3 \u00c9p k\u00ednh: 400<br>Mi Mix 4 (cong) \u00c9p k\u00ednh: 1000<\/p>\n\n\n\n<p>Pocophone F1 \u00c9p k\u00ednh: 350<br>Poco X2 \u00c9p k\u00ednh: 350<br>Poco X3 \u00c9p k\u00ednh: 350<br>Poco X3 Pro<br>Poco X7 (cong) \u00c9p k\u00ednh: 800<br>Poco X7 Pro \u00c9p k\u00ednh: 500<br>Poco C40 \/ Redmi 10C \u00c9p k\u00ednh: 350<br>Poco C40 Pro \u00c9p k\u00ednh: 400<\/p>\n\n\n\n<p>Poco F4 \u00c9p k\u00ednh: 350<\/p>\n\n\n\n<p>Poco F5 Pro \u00c9p k\u00ednh: 500<br>Poco M5 \u00c9p k\u00ednh: 400<br>Poco M5S \u00c9p k\u00ednh: 450<\/p>\n","protected":false},"excerpt":{"rendered":"<p>C\u00e1p G\u1eadp Xiaomi MIX Fold \u2013 MIX Flip \u00c9p K\u00ednh Xiaomi &#8211; Poco &#8211; Mi Xiaomi 10 Lite Zoom \u00c9p k\u00ednh: 550Xiaomi 12 Pro \/ Mi 12S Pro (cong) \u00c9p k\u00ednh: 1000Xiaomi 12 Lite \u00c9p k\u00ednh: 500Xiaomi 12S Ultra \u00c9p k\u00ednh: 1200Xiaomi 14T \/ Mi 14T Pro \/ K70 Ultra \u00c9p k\u00ednh: 600Xiaomi 14 Pro [&hellip;]<\/p>\n","protected":false},"author":1,"featured_media":859,"parent":0,"menu_order":0,"comment_status":"closed","ping_status":"closed","template":"","meta":{"footnotes":""},"class_list":["post-644","page","type-page","status-publish","has-post-thumbnail","hentry"],"yoast_head":"<!-- This site is optimized with the Yoast SEO plugin v27.5 - https:\/\/yoast.com\/product\/yoast-seo-wordpress\/ -->\n<title>XIAOMI \/ POCO \/ MI - ANHTHU24H<\/title>\n<meta name=\"description\" content=\"Anh Th\u01b0 24H nh\u1eadn \u00e9p k\u00ednh Xiaomi \/ Poco \/ Redmi t\u1ea5t c\u1ea3 d\u00f2ng t\u1eeb ph\u1ed5 th\u00f4ng \u0111\u1ebfn cao c\u1ea5p. \u00c9p k\u00ednh l\u1ea5y li\u1ec1n b\u1eb1ng m\u00e1y \u00e9p ch\u00e2n kh\u00f4ng, keo UV cao c\u1ea5p, kh\u00f4ng b\u1ecdt, kh\u00f4ng \u00e1m v\u00e0ng, c\u1ea3m \u1ee9ng m\u01b0\u1ee3t nh\u01b0 zin. Cam k\u1ebft linh ki\u1ec7n chu\u1ea9n, k\u1ef9 thu\u1eadt tay ngh\u1ec1 cao, gi\u00e1 minh b\u1ea1ch \u2013 b\u1ea3o h\u00e0nh r\u00f5 r\u00e0ng\" \/>\n<meta name=\"robots\" content=\"index, follow, max-snippet:-1, max-image-preview:large, max-video-preview:-1\" \/>\n<link rel=\"canonical\" href=\"http:\/\/anhthu24h.com\/?page_id=644\" \/>\n<meta property=\"og:locale\" content=\"vi_VN\" \/>\n<meta property=\"og:type\" content=\"article\" \/>\n<meta property=\"og:title\" content=\"XIAOMI \/ POCO \/ MI - ANHTHU24H\" \/>\n<meta property=\"og:description\" content=\"Anh Th\u01b0 24H nh\u1eadn \u00e9p k\u00ednh Xiaomi \/ Poco \/ Redmi t\u1ea5t c\u1ea3 d\u00f2ng t\u1eeb ph\u1ed5 th\u00f4ng \u0111\u1ebfn cao c\u1ea5p. \u00c9p k\u00ednh l\u1ea5y li\u1ec1n b\u1eb1ng m\u00e1y \u00e9p ch\u00e2n kh\u00f4ng, keo UV cao c\u1ea5p, kh\u00f4ng b\u1ecdt, kh\u00f4ng \u00e1m v\u00e0ng, c\u1ea3m \u1ee9ng m\u01b0\u1ee3t nh\u01b0 zin. Cam k\u1ebft linh ki\u1ec7n chu\u1ea9n, k\u1ef9 thu\u1eadt tay ngh\u1ec1 cao, gi\u00e1 minh b\u1ea1ch \u2013 b\u1ea3o h\u00e0nh r\u00f5 r\u00e0ng\" \/>\n<meta property=\"og:url\" content=\"http:\/\/anhthu24h.com\/?page_id=644\" \/>\n<meta property=\"og:site_name\" content=\"ANHTHU24H\" \/>\n<meta property=\"article:modified_time\" content=\"2026-01-22T05:54:06+00:00\" \/>\n<meta property=\"og:image\" content=\"http:\/\/anhthu24h.com\/wp-content\/uploads\/2026\/01\/5912e089346dcbddb7723bf68b047024.jpg\" \/>\n\t<meta property=\"og:image:width\" content=\"1200\" \/>\n\t<meta property=\"og:image:height\" content=\"628\" \/>\n\t<meta property=\"og:image:type\" content=\"image\/jpeg\" \/>\n<meta name=\"twitter:card\" content=\"summary_large_image\" \/>\n<meta name=\"twitter:label1\" content=\"\u01af\u1edbc t\u00ednh th\u1eddi gian \u0111\u1ecdc\" \/>\n\t<meta name=\"twitter:data1\" content=\"4 ph\u00fat\" \/>\n<script type=\"application\/ld+json\" class=\"yoast-schema-graph\">{\"@context\":\"https:\\\/\\\/schema.org\",\"@graph\":[{\"@type\":\"WebPage\",\"@id\":\"http:\\\/\\\/anhthu24h.com\\\/?page_id=644\",\"url\":\"http:\\\/\\\/anhthu24h.com\\\/?page_id=644\",\"name\":\"XIAOMI \\\/ POCO \\\/ MI - ANHTHU24H\",\"isPartOf\":{\"@id\":\"http:\\\/\\\/anhthu24h.com\\\/#website\"},\"primaryImageOfPage\":{\"@id\":\"http:\\\/\\\/anhthu24h.com\\\/?page_id=644#primaryimage\"},\"image\":{\"@id\":\"http:\\\/\\\/anhthu24h.com\\\/?page_id=644#primaryimage\"},\"thumbnailUrl\":\"http:\\\/\\\/anhthu24h.com\\\/wp-content\\\/uploads\\\/2026\\\/01\\\/5912e089346dcbddb7723bf68b047024.jpg\",\"datePublished\":\"2026-01-19T07:19:35+00:00\",\"dateModified\":\"2026-01-22T05:54:06+00:00\",\"description\":\"Anh Th\u01b0 24H nh\u1eadn \u00e9p k\u00ednh Xiaomi \\\/ Poco \\\/ Redmi t\u1ea5t c\u1ea3 d\u00f2ng t\u1eeb ph\u1ed5 th\u00f4ng \u0111\u1ebfn cao c\u1ea5p. \u00c9p k\u00ednh l\u1ea5y li\u1ec1n b\u1eb1ng m\u00e1y \u00e9p ch\u00e2n kh\u00f4ng, keo UV cao c\u1ea5p, kh\u00f4ng b\u1ecdt, kh\u00f4ng \u00e1m v\u00e0ng, c\u1ea3m \u1ee9ng m\u01b0\u1ee3t nh\u01b0 zin. Cam k\u1ebft linh ki\u1ec7n chu\u1ea9n, k\u1ef9 thu\u1eadt tay ngh\u1ec1 cao, gi\u00e1 minh b\u1ea1ch \u2013 b\u1ea3o h\u00e0nh r\u00f5 r\u00e0ng\",\"breadcrumb\":{\"@id\":\"http:\\\/\\\/anhthu24h.com\\\/?page_id=644#breadcrumb\"},\"inLanguage\":\"vi\",\"potentialAction\":[{\"@type\":\"ReadAction\",\"target\":[\"http:\\\/\\\/anhthu24h.com\\\/?page_id=644\"]}]},{\"@type\":\"ImageObject\",\"inLanguage\":\"vi\",\"@id\":\"http:\\\/\\\/anhthu24h.com\\\/?page_id=644#primaryimage\",\"url\":\"http:\\\/\\\/anhthu24h.com\\\/wp-content\\\/uploads\\\/2026\\\/01\\\/5912e089346dcbddb7723bf68b047024.jpg\",\"contentUrl\":\"http:\\\/\\\/anhthu24h.com\\\/wp-content\\\/uploads\\\/2026\\\/01\\\/5912e089346dcbddb7723bf68b047024.jpg\",\"width\":1200,\"height\":628},{\"@type\":\"BreadcrumbList\",\"@id\":\"http:\\\/\\\/anhthu24h.com\\\/?page_id=644#breadcrumb\",\"itemListElement\":[{\"@type\":\"ListItem\",\"position\":1,\"name\":\"Trang ch\u1ee7\",\"item\":\"http:\\\/\\\/anhthu24h.com\\\/\"},{\"@type\":\"ListItem\",\"position\":2,\"name\":\"XIAOMI \\\/ POCO \\\/ MI\"}]},{\"@type\":\"WebSite\",\"@id\":\"http:\\\/\\\/anhthu24h.com\\\/#website\",\"url\":\"http:\\\/\\\/anhthu24h.com\\\/\",\"name\":\"ANH THU 24H\",\"description\":\"Gi\u1ea3i Ph&aacute;p S\u1eeda ch\u1eefa \u0110i\u1ec7n Tho\u1ea1i  \",\"publisher\":{\"@id\":\"http:\\\/\\\/anhthu24h.com\\\/#organization\"},\"potentialAction\":[{\"@type\":\"SearchAction\",\"target\":{\"@type\":\"EntryPoint\",\"urlTemplate\":\"http:\\\/\\\/anhthu24h.com\\\/?s={search_term_string}\"},\"query-input\":{\"@type\":\"PropertyValueSpecification\",\"valueRequired\":true,\"valueName\":\"search_term_string\"}}],\"inLanguage\":\"vi\"},{\"@type\":\"Organization\",\"@id\":\"http:\\\/\\\/anhthu24h.com\\\/#organization\",\"name\":\"ANH THU 24H\",\"url\":\"http:\\\/\\\/anhthu24h.com\\\/\",\"logo\":{\"@type\":\"ImageObject\",\"inLanguage\":\"vi\",\"@id\":\"http:\\\/\\\/anhthu24h.com\\\/#\\\/schema\\\/logo\\\/image\\\/\",\"url\":\"http:\\\/\\\/anhthu24h.com\\\/wp-content\\\/uploads\\\/2025\\\/10\\\/width_800.png\",\"contentUrl\":\"http:\\\/\\\/anhthu24h.com\\\/wp-content\\\/uploads\\\/2025\\\/10\\\/width_800.png\",\"width\":800,\"height\":800,\"caption\":\"ANH THU 24H\"},\"image\":{\"@id\":\"http:\\\/\\\/anhthu24h.com\\\/#\\\/schema\\\/logo\\\/image\\\/\"}}]}<\/script>\n<!-- \/ Yoast SEO plugin. -->","yoast_head_json":{"title":"XIAOMI \/ POCO \/ MI - ANHTHU24H","description":"Anh Th\u01b0 24H nh\u1eadn \u00e9p k\u00ednh Xiaomi \/ Poco \/ Redmi t\u1ea5t c\u1ea3 d\u00f2ng t\u1eeb ph\u1ed5 th\u00f4ng \u0111\u1ebfn cao c\u1ea5p. \u00c9p k\u00ednh l\u1ea5y li\u1ec1n b\u1eb1ng m\u00e1y \u00e9p ch\u00e2n kh\u00f4ng, keo UV cao c\u1ea5p, kh\u00f4ng b\u1ecdt, kh\u00f4ng \u00e1m v\u00e0ng, c\u1ea3m \u1ee9ng m\u01b0\u1ee3t nh\u01b0 zin. Cam k\u1ebft linh ki\u1ec7n chu\u1ea9n, k\u1ef9 thu\u1eadt tay ngh\u1ec1 cao, gi\u00e1 minh b\u1ea1ch \u2013 b\u1ea3o h\u00e0nh r\u00f5 r\u00e0ng","robots":{"index":"index","follow":"follow","max-snippet":"max-snippet:-1","max-image-preview":"max-image-preview:large","max-video-preview":"max-video-preview:-1"},"canonical":"http:\/\/anhthu24h.com\/?page_id=644","og_locale":"vi_VN","og_type":"article","og_title":"XIAOMI \/ POCO \/ MI - ANHTHU24H","og_description":"Anh Th\u01b0 24H nh\u1eadn \u00e9p k\u00ednh Xiaomi \/ Poco \/ Redmi t\u1ea5t c\u1ea3 d\u00f2ng t\u1eeb ph\u1ed5 th\u00f4ng \u0111\u1ebfn cao c\u1ea5p. \u00c9p k\u00ednh l\u1ea5y li\u1ec1n b\u1eb1ng m\u00e1y \u00e9p ch\u00e2n kh\u00f4ng, keo UV cao c\u1ea5p, kh\u00f4ng b\u1ecdt, kh\u00f4ng \u00e1m v\u00e0ng, c\u1ea3m \u1ee9ng m\u01b0\u1ee3t nh\u01b0 zin. Cam k\u1ebft linh ki\u1ec7n chu\u1ea9n, k\u1ef9 thu\u1eadt tay ngh\u1ec1 cao, gi\u00e1 minh b\u1ea1ch \u2013 b\u1ea3o h\u00e0nh r\u00f5 r\u00e0ng","og_url":"http:\/\/anhthu24h.com\/?page_id=644","og_site_name":"ANHTHU24H","article_modified_time":"2026-01-22T05:54:06+00:00","og_image":[{"width":1200,"height":628,"url":"http:\/\/anhthu24h.com\/wp-content\/uploads\/2026\/01\/5912e089346dcbddb7723bf68b047024.jpg","type":"image\/jpeg"}],"twitter_card":"summary_large_image","twitter_misc":{"\u01af\u1edbc t\u00ednh th\u1eddi gian \u0111\u1ecdc":"4 ph\u00fat"},"schema":{"@context":"https:\/\/schema.org","@graph":[{"@type":"WebPage","@id":"http:\/\/anhthu24h.com\/?page_id=644","url":"http:\/\/anhthu24h.com\/?page_id=644","name":"XIAOMI \/ POCO \/ MI - ANHTHU24H","isPartOf":{"@id":"http:\/\/anhthu24h.com\/#website"},"primaryImageOfPage":{"@id":"http:\/\/anhthu24h.com\/?page_id=644#primaryimage"},"image":{"@id":"http:\/\/anhthu24h.com\/?page_id=644#primaryimage"},"thumbnailUrl":"http:\/\/anhthu24h.com\/wp-content\/uploads\/2026\/01\/5912e089346dcbddb7723bf68b047024.jpg","datePublished":"2026-01-19T07:19:35+00:00","dateModified":"2026-01-22T05:54:06+00:00","description":"Anh Th\u01b0 24H nh\u1eadn \u00e9p k\u00ednh Xiaomi \/ Poco \/ Redmi t\u1ea5t c\u1ea3 d\u00f2ng t\u1eeb ph\u1ed5 th\u00f4ng \u0111\u1ebfn cao c\u1ea5p. \u00c9p k\u00ednh l\u1ea5y li\u1ec1n b\u1eb1ng m\u00e1y \u00e9p ch\u00e2n kh\u00f4ng, keo UV cao c\u1ea5p, kh\u00f4ng b\u1ecdt, kh\u00f4ng \u00e1m v\u00e0ng, c\u1ea3m \u1ee9ng m\u01b0\u1ee3t nh\u01b0 zin. Cam k\u1ebft linh ki\u1ec7n chu\u1ea9n, k\u1ef9 thu\u1eadt tay ngh\u1ec1 cao, gi\u00e1 minh b\u1ea1ch \u2013 b\u1ea3o h\u00e0nh r\u00f5 r\u00e0ng","breadcrumb":{"@id":"http:\/\/anhthu24h.com\/?page_id=644#breadcrumb"},"inLanguage":"vi","potentialAction":[{"@type":"ReadAction","target":["http:\/\/anhthu24h.com\/?page_id=644"]}]},{"@type":"ImageObject","inLanguage":"vi","@id":"http:\/\/anhthu24h.com\/?page_id=644#primaryimage","url":"http:\/\/anhthu24h.com\/wp-content\/uploads\/2026\/01\/5912e089346dcbddb7723bf68b047024.jpg","contentUrl":"http:\/\/anhthu24h.com\/wp-content\/uploads\/2026\/01\/5912e089346dcbddb7723bf68b047024.jpg","width":1200,"height":628},{"@type":"BreadcrumbList","@id":"http:\/\/anhthu24h.com\/?page_id=644#breadcrumb","itemListElement":[{"@type":"ListItem","position":1,"name":"Trang ch\u1ee7","item":"http:\/\/anhthu24h.com\/"},{"@type":"ListItem","position":2,"name":"XIAOMI \/ POCO \/ MI"}]},{"@type":"WebSite","@id":"http:\/\/anhthu24h.com\/#website","url":"http:\/\/anhthu24h.com\/","name":"ANH THU 24H","description":"Gi\u1ea3i Ph&aacute;p S\u1eeda ch\u1eefa \u0110i\u1ec7n Tho\u1ea1i  ","publisher":{"@id":"http:\/\/anhthu24h.com\/#organization"},"potentialAction":[{"@type":"SearchAction","target":{"@type":"EntryPoint","urlTemplate":"http:\/\/anhthu24h.com\/?s={search_term_string}"},"query-input":{"@type":"PropertyValueSpecification","valueRequired":true,"valueName":"search_term_string"}}],"inLanguage":"vi"},{"@type":"Organization","@id":"http:\/\/anhthu24h.com\/#organization","name":"ANH THU 24H","url":"http:\/\/anhthu24h.com\/","logo":{"@type":"ImageObject","inLanguage":"vi","@id":"http:\/\/anhthu24h.com\/#\/schema\/logo\/image\/","url":"http:\/\/anhthu24h.com\/wp-content\/uploads\/2025\/10\/width_800.png","contentUrl":"http:\/\/anhthu24h.com\/wp-content\/uploads\/2025\/10\/width_800.png","width":800,"height":800,"caption":"ANH THU 24H"},"image":{"@id":"http:\/\/anhthu24h.com\/#\/schema\/logo\/image\/"}}]}},"_links":{"self":[{"href":"http:\/\/anhthu24h.com\/index.php?rest_route=\/wp\/v2\/pages\/644","targetHints":{"allow":["GET"]}}],"collection":[{"href":"http:\/\/anhthu24h.com\/index.php?rest_route=\/wp\/v2\/pages"}],"about":[{"href":"http:\/\/anhthu24h.com\/index.php?rest_route=\/wp\/v2\/types\/page"}],"author":[{"embeddable":true,"href":"http:\/\/anhthu24h.com\/index.php?rest_route=\/wp\/v2\/users\/1"}],"replies":[{"embeddable":true,"href":"http:\/\/anhthu24h.com\/index.php?rest_route=%2Fwp%2Fv2%2Fcomments&post=644"}],"version-history":[{"count":4,"href":"http:\/\/anhthu24h.com\/index.php?rest_route=\/wp\/v2\/pages\/644\/revisions"}],"predecessor-version":[{"id":881,"href":"http:\/\/anhthu24h.com\/index.php?rest_route=\/wp\/v2\/pages\/644\/revisions\/881"}],"wp:featuredmedia":[{"embeddable":true,"href":"http:\/\/anhthu24h.com\/index.php?rest_route=\/wp\/v2\/media\/859"}],"wp:attachment":[{"href":"http:\/\/anhthu24h.com\/index.php?rest_route=%2Fwp%2Fv2%2Fmedia&parent=644"}],"curies":[{"name":"wp","href":"https:\/\/api.w.org\/{rel}","templated":true}]}}