{"id":656,"date":"2026-01-20T11:19:40","date_gmt":"2026-01-20T04:19:40","guid":{"rendered":"http:\/\/anhthu24h.com\/?page_id=656"},"modified":"2026-01-21T17:21:48","modified_gmt":"2026-01-21T10:21:48","slug":"but-pen","status":"publish","type":"page","link":"http:\/\/anhthu24h.com\/?page_id=656","title":{"rendered":"B\u00daT PENCIL"},"content":{"rendered":"\n<p><strong>\u270f<\/strong><strong>\ufe0f B\u1ea2NG L\u1ed6I &amp; GI\u00c1 S\u1eecA PEN<\/strong><\/p>\n\n\n\n<p><br><br><br><strong>L\u1ed7i kh\u00f4ng k\u1ebft n\u1ed1i Pad<\/strong><\/p>\n\n\n\n<ul class=\"wp-block-list\">\n<li>Pen 1: 500<\/li>\n\n\n\n<li>Pen 2: 600<\/li>\n\n\n\n<li>Pen Pro: 800<\/li>\n<\/ul>\n\n\n\n<p><strong>L\u1ed7i \u0111\u1ea7u b\u00fat kh\u00f4ng vi\u1ebft \u0111\u01b0\u1ee3c<\/strong><\/p>\n\n\n\n<ul class=\"wp-block-list\">\n<li>Pen 1: 500<\/li>\n\n\n\n<li>Pen 2: 600<\/li>\n\n\n\n<li>Pen Pro: 800<\/li>\n<\/ul>\n\n\n\n<p><strong>L\u1ed7i Pin s\u1ea1c<\/strong><\/p>\n\n\n\n<ul class=\"wp-block-list\">\n<li>Pen 1: 500<\/li>\n\n\n\n<li>Pen 2: 600<\/li>\n\n\n\n<li>Pen Pro: 800<\/li>\n<\/ul>\n\n\n\n<p><strong>Thay Pin<\/strong><\/p>\n\n\n\n<ul class=\"wp-block-list\">\n<li>Pen 1: 500<\/li>\n\n\n\n<li>Pen 2: 600<\/li>\n\n\n\n<li>Pen Pro: 800<\/li>\n<\/ul>\n\n\n\n<p><strong>Thay v\u1ecf<\/strong><\/p>\n\n\n\n<ul class=\"wp-block-list\">\n<li>Pen 1: 350<\/li>\n\n\n\n<li>Pen 2: 400<\/li>\n\n\n\n<li>Pen Pro: 600<\/li>\n<\/ul>\n\n\n\n<p><strong>L\u1ed7i kh\u00f4ng Double tab tr\u00ean b\u00fat<\/strong><\/p>\n\n\n\n<ul class=\"wp-block-list\">\n<li>Pen 1: \u2013<\/li>\n\n\n\n<li>Pen 2: 700<\/li>\n\n\n\n<li>Pen Pro: 900<\/li>\n<\/ul>\n","protected":false},"excerpt":{"rendered":"<p>\u270f\ufe0f B\u1ea2NG L\u1ed6I &amp; GI\u00c1 S\u1eecA PEN L\u1ed7i kh\u00f4ng k\u1ebft n\u1ed1i Pad L\u1ed7i \u0111\u1ea7u b\u00fat kh\u00f4ng vi\u1ebft \u0111\u01b0\u1ee3c L\u1ed7i Pin s\u1ea1c Thay Pin Thay v\u1ecf L\u1ed7i kh\u00f4ng Double tab tr\u00ean b\u00fat<\/p>\n","protected":false},"author":1,"featured_media":852,"parent":0,"menu_order":0,"comment_status":"closed","ping_status":"closed","template":"","meta":{"footnotes":""},"class_list":["post-656","page","type-page","status-publish","has-post-thumbnail","hentry"],"yoast_head":"<!-- This site is optimized with the Yoast SEO plugin v27.5 - https:\/\/yoast.com\/product\/yoast-seo-wordpress\/ -->\n<title>B\u00daT PENCIL - ANHTHU24H<\/title>\n<meta name=\"description\" content=\"Ch\u00fang t\u00f4i nh\u1eadn s\u1eeda t\u1ea5t c\u1ea3 l\u1ed7i th\u01b0\u1eddng g\u1eb7p tr\u00ean Apple Pencil: Apple Pencil kh\u00f4ng k\u1ebft n\u1ed1i iPadB\u00fat kh\u00f4ng s\u1ea1c, s\u1ea1c kh\u00f4ng v\u00e0o pinPencil b\u1ecb \u0111\u1ee9t n\u00e9t, lo\u1ea1n n\u00e9t, lagB\u00fat kh\u00f4ng nh\u1eadn l\u1ef1c, kh\u00f4ng nh\u1eadn nghi\u00eangApple Pencil r\u1ee5ng ng\u00f2i, g\u00e3y \u0111\u1ea7u b\u00fatPencil v\u00e0o n\u01b0\u1edbc, r\u01a1i r\u1edbt, h\u01b0 m\u1ea1chThay pin Apple Pencil chai, t\u1ee5t nhanhS\u1eeda l\u1ed7i c\u1ea3m bi\u1ebfn, IC, main b\u00fat\" \/>\n<meta name=\"robots\" content=\"index, follow, max-snippet:-1, max-image-preview:large, max-video-preview:-1\" \/>\n<link rel=\"canonical\" href=\"http:\/\/anhthu24h.com\/?page_id=656\" \/>\n<meta property=\"og:locale\" content=\"vi_VN\" \/>\n<meta property=\"og:type\" content=\"article\" \/>\n<meta property=\"og:title\" content=\"B\u00daT PENCIL - ANHTHU24H\" \/>\n<meta property=\"og:description\" content=\"Ch\u00fang t\u00f4i nh\u1eadn s\u1eeda t\u1ea5t c\u1ea3 l\u1ed7i th\u01b0\u1eddng g\u1eb7p tr\u00ean Apple Pencil: Apple Pencil kh\u00f4ng k\u1ebft n\u1ed1i iPadB\u00fat kh\u00f4ng s\u1ea1c, s\u1ea1c kh\u00f4ng v\u00e0o pinPencil b\u1ecb \u0111\u1ee9t n\u00e9t, lo\u1ea1n n\u00e9t, lagB\u00fat kh\u00f4ng nh\u1eadn l\u1ef1c, kh\u00f4ng nh\u1eadn nghi\u00eangApple Pencil r\u1ee5ng ng\u00f2i, g\u00e3y \u0111\u1ea7u b\u00fatPencil v\u00e0o n\u01b0\u1edbc, r\u01a1i r\u1edbt, h\u01b0 m\u1ea1chThay pin Apple Pencil chai, t\u1ee5t nhanhS\u1eeda l\u1ed7i c\u1ea3m bi\u1ebfn, IC, main b\u00fat\" \/>\n<meta property=\"og:url\" content=\"http:\/\/anhthu24h.com\/?page_id=656\" \/>\n<meta property=\"og:site_name\" content=\"ANHTHU24H\" \/>\n<meta property=\"article:modified_time\" content=\"2026-01-21T10:21:48+00:00\" \/>\n<meta property=\"og:image\" content=\"http:\/\/anhthu24h.com\/wp-content\/uploads\/2026\/01\/24540527d44144fed71ffd40d8863a49.jpg\" \/>\n\t<meta property=\"og:image:width\" content=\"1350\" \/>\n\t<meta property=\"og:image:height\" content=\"1080\" \/>\n\t<meta property=\"og:image:type\" content=\"image\/jpeg\" \/>\n<meta name=\"twitter:card\" content=\"summary_large_image\" \/>\n<meta name=\"twitter:label1\" content=\"\u01af\u1edbc t\u00ednh th\u1eddi gian \u0111\u1ecdc\" \/>\n\t<meta name=\"twitter:data1\" content=\"1 ph\u00fat\" \/>\n<script type=\"application\/ld+json\" class=\"yoast-schema-graph\">{\"@context\":\"https:\\\/\\\/schema.org\",\"@graph\":[{\"@type\":\"WebPage\",\"@id\":\"http:\\\/\\\/anhthu24h.com\\\/?page_id=656\",\"url\":\"http:\\\/\\\/anhthu24h.com\\\/?page_id=656\",\"name\":\"B\u00daT PENCIL - ANHTHU24H\",\"isPartOf\":{\"@id\":\"http:\\\/\\\/anhthu24h.com\\\/#website\"},\"primaryImageOfPage\":{\"@id\":\"http:\\\/\\\/anhthu24h.com\\\/?page_id=656#primaryimage\"},\"image\":{\"@id\":\"http:\\\/\\\/anhthu24h.com\\\/?page_id=656#primaryimage\"},\"thumbnailUrl\":\"http:\\\/\\\/anhthu24h.com\\\/wp-content\\\/uploads\\\/2026\\\/01\\\/24540527d44144fed71ffd40d8863a49.jpg\",\"datePublished\":\"2026-01-20T04:19:40+00:00\",\"dateModified\":\"2026-01-21T10:21:48+00:00\",\"description\":\"Ch\u00fang t\u00f4i nh\u1eadn s\u1eeda t\u1ea5t c\u1ea3 l\u1ed7i th\u01b0\u1eddng g\u1eb7p tr\u00ean Apple Pencil: Apple Pencil kh\u00f4ng k\u1ebft n\u1ed1i iPadB\u00fat kh\u00f4ng s\u1ea1c, s\u1ea1c kh\u00f4ng v\u00e0o pinPencil b\u1ecb \u0111\u1ee9t n\u00e9t, lo\u1ea1n n\u00e9t, lagB\u00fat kh\u00f4ng nh\u1eadn l\u1ef1c, kh\u00f4ng nh\u1eadn nghi\u00eangApple Pencil r\u1ee5ng ng\u00f2i, g\u00e3y \u0111\u1ea7u b\u00fatPencil v\u00e0o n\u01b0\u1edbc, r\u01a1i r\u1edbt, h\u01b0 m\u1ea1chThay pin Apple Pencil chai, t\u1ee5t nhanhS\u1eeda l\u1ed7i c\u1ea3m bi\u1ebfn, IC, main b\u00fat\",\"breadcrumb\":{\"@id\":\"http:\\\/\\\/anhthu24h.com\\\/?page_id=656#breadcrumb\"},\"inLanguage\":\"vi\",\"potentialAction\":[{\"@type\":\"ReadAction\",\"target\":[\"http:\\\/\\\/anhthu24h.com\\\/?page_id=656\"]}]},{\"@type\":\"ImageObject\",\"inLanguage\":\"vi\",\"@id\":\"http:\\\/\\\/anhthu24h.com\\\/?page_id=656#primaryimage\",\"url\":\"http:\\\/\\\/anhthu24h.com\\\/wp-content\\\/uploads\\\/2026\\\/01\\\/24540527d44144fed71ffd40d8863a49.jpg\",\"contentUrl\":\"http:\\\/\\\/anhthu24h.com\\\/wp-content\\\/uploads\\\/2026\\\/01\\\/24540527d44144fed71ffd40d8863a49.jpg\",\"width\":1350,\"height\":1080},{\"@type\":\"BreadcrumbList\",\"@id\":\"http:\\\/\\\/anhthu24h.com\\\/?page_id=656#breadcrumb\",\"itemListElement\":[{\"@type\":\"ListItem\",\"position\":1,\"name\":\"Trang ch\u1ee7\",\"item\":\"http:\\\/\\\/anhthu24h.com\\\/\"},{\"@type\":\"ListItem\",\"position\":2,\"name\":\"B\u00daT PENCIL\"}]},{\"@type\":\"WebSite\",\"@id\":\"http:\\\/\\\/anhthu24h.com\\\/#website\",\"url\":\"http:\\\/\\\/anhthu24h.com\\\/\",\"name\":\"ANH THU 24H\",\"description\":\"Gi\u1ea3i Ph&aacute;p S\u1eeda ch\u1eefa \u0110i\u1ec7n Tho\u1ea1i  \",\"publisher\":{\"@id\":\"http:\\\/\\\/anhthu24h.com\\\/#organization\"},\"potentialAction\":[{\"@type\":\"SearchAction\",\"target\":{\"@type\":\"EntryPoint\",\"urlTemplate\":\"http:\\\/\\\/anhthu24h.com\\\/?s={search_term_string}\"},\"query-input\":{\"@type\":\"PropertyValueSpecification\",\"valueRequired\":true,\"valueName\":\"search_term_string\"}}],\"inLanguage\":\"vi\"},{\"@type\":\"Organization\",\"@id\":\"http:\\\/\\\/anhthu24h.com\\\/#organization\",\"name\":\"ANH THU 24H\",\"url\":\"http:\\\/\\\/anhthu24h.com\\\/\",\"logo\":{\"@type\":\"ImageObject\",\"inLanguage\":\"vi\",\"@id\":\"http:\\\/\\\/anhthu24h.com\\\/#\\\/schema\\\/logo\\\/image\\\/\",\"url\":\"http:\\\/\\\/anhthu24h.com\\\/wp-content\\\/uploads\\\/2025\\\/10\\\/width_800.png\",\"contentUrl\":\"http:\\\/\\\/anhthu24h.com\\\/wp-content\\\/uploads\\\/2025\\\/10\\\/width_800.png\",\"width\":800,\"height\":800,\"caption\":\"ANH THU 24H\"},\"image\":{\"@id\":\"http:\\\/\\\/anhthu24h.com\\\/#\\\/schema\\\/logo\\\/image\\\/\"}}]}<\/script>\n<!-- \/ Yoast SEO plugin. -->","yoast_head_json":{"title":"B\u00daT PENCIL - ANHTHU24H","description":"Ch\u00fang t\u00f4i nh\u1eadn s\u1eeda t\u1ea5t c\u1ea3 l\u1ed7i th\u01b0\u1eddng g\u1eb7p tr\u00ean Apple Pencil: Apple Pencil kh\u00f4ng k\u1ebft n\u1ed1i iPadB\u00fat kh\u00f4ng s\u1ea1c, s\u1ea1c kh\u00f4ng v\u00e0o pinPencil b\u1ecb \u0111\u1ee9t n\u00e9t, lo\u1ea1n n\u00e9t, lagB\u00fat kh\u00f4ng nh\u1eadn l\u1ef1c, kh\u00f4ng nh\u1eadn nghi\u00eangApple Pencil r\u1ee5ng ng\u00f2i, g\u00e3y \u0111\u1ea7u b\u00fatPencil v\u00e0o n\u01b0\u1edbc, r\u01a1i r\u1edbt, h\u01b0 m\u1ea1chThay pin Apple Pencil chai, t\u1ee5t nhanhS\u1eeda l\u1ed7i c\u1ea3m bi\u1ebfn, IC, main b\u00fat","robots":{"index":"index","follow":"follow","max-snippet":"max-snippet:-1","max-image-preview":"max-image-preview:large","max-video-preview":"max-video-preview:-1"},"canonical":"http:\/\/anhthu24h.com\/?page_id=656","og_locale":"vi_VN","og_type":"article","og_title":"B\u00daT PENCIL - ANHTHU24H","og_description":"Ch\u00fang t\u00f4i nh\u1eadn s\u1eeda t\u1ea5t c\u1ea3 l\u1ed7i th\u01b0\u1eddng g\u1eb7p tr\u00ean Apple Pencil: Apple Pencil kh\u00f4ng k\u1ebft n\u1ed1i iPadB\u00fat kh\u00f4ng s\u1ea1c, s\u1ea1c kh\u00f4ng v\u00e0o pinPencil b\u1ecb \u0111\u1ee9t n\u00e9t, lo\u1ea1n n\u00e9t, lagB\u00fat kh\u00f4ng nh\u1eadn l\u1ef1c, kh\u00f4ng nh\u1eadn nghi\u00eangApple Pencil r\u1ee5ng ng\u00f2i, g\u00e3y \u0111\u1ea7u b\u00fatPencil v\u00e0o n\u01b0\u1edbc, r\u01a1i r\u1edbt, h\u01b0 m\u1ea1chThay pin Apple Pencil chai, t\u1ee5t nhanhS\u1eeda l\u1ed7i c\u1ea3m bi\u1ebfn, IC, main b\u00fat","og_url":"http:\/\/anhthu24h.com\/?page_id=656","og_site_name":"ANHTHU24H","article_modified_time":"2026-01-21T10:21:48+00:00","og_image":[{"width":1350,"height":1080,"url":"http:\/\/anhthu24h.com\/wp-content\/uploads\/2026\/01\/24540527d44144fed71ffd40d8863a49.jpg","type":"image\/jpeg"}],"twitter_card":"summary_large_image","twitter_misc":{"\u01af\u1edbc t\u00ednh th\u1eddi gian \u0111\u1ecdc":"1 ph\u00fat"},"schema":{"@context":"https:\/\/schema.org","@graph":[{"@type":"WebPage","@id":"http:\/\/anhthu24h.com\/?page_id=656","url":"http:\/\/anhthu24h.com\/?page_id=656","name":"B\u00daT PENCIL - ANHTHU24H","isPartOf":{"@id":"http:\/\/anhthu24h.com\/#website"},"primaryImageOfPage":{"@id":"http:\/\/anhthu24h.com\/?page_id=656#primaryimage"},"image":{"@id":"http:\/\/anhthu24h.com\/?page_id=656#primaryimage"},"thumbnailUrl":"http:\/\/anhthu24h.com\/wp-content\/uploads\/2026\/01\/24540527d44144fed71ffd40d8863a49.jpg","datePublished":"2026-01-20T04:19:40+00:00","dateModified":"2026-01-21T10:21:48+00:00","description":"Ch\u00fang t\u00f4i nh\u1eadn s\u1eeda t\u1ea5t c\u1ea3 l\u1ed7i th\u01b0\u1eddng g\u1eb7p tr\u00ean Apple Pencil: Apple Pencil kh\u00f4ng k\u1ebft n\u1ed1i iPadB\u00fat kh\u00f4ng s\u1ea1c, s\u1ea1c kh\u00f4ng v\u00e0o pinPencil b\u1ecb \u0111\u1ee9t n\u00e9t, lo\u1ea1n n\u00e9t, lagB\u00fat kh\u00f4ng nh\u1eadn l\u1ef1c, kh\u00f4ng nh\u1eadn nghi\u00eangApple Pencil r\u1ee5ng ng\u00f2i, g\u00e3y \u0111\u1ea7u b\u00fatPencil v\u00e0o n\u01b0\u1edbc, r\u01a1i r\u1edbt, h\u01b0 m\u1ea1chThay pin Apple Pencil chai, t\u1ee5t nhanhS\u1eeda l\u1ed7i c\u1ea3m bi\u1ebfn, IC, main b\u00fat","breadcrumb":{"@id":"http:\/\/anhthu24h.com\/?page_id=656#breadcrumb"},"inLanguage":"vi","potentialAction":[{"@type":"ReadAction","target":["http:\/\/anhthu24h.com\/?page_id=656"]}]},{"@type":"ImageObject","inLanguage":"vi","@id":"http:\/\/anhthu24h.com\/?page_id=656#primaryimage","url":"http:\/\/anhthu24h.com\/wp-content\/uploads\/2026\/01\/24540527d44144fed71ffd40d8863a49.jpg","contentUrl":"http:\/\/anhthu24h.com\/wp-content\/uploads\/2026\/01\/24540527d44144fed71ffd40d8863a49.jpg","width":1350,"height":1080},{"@type":"BreadcrumbList","@id":"http:\/\/anhthu24h.com\/?page_id=656#breadcrumb","itemListElement":[{"@type":"ListItem","position":1,"name":"Trang ch\u1ee7","item":"http:\/\/anhthu24h.com\/"},{"@type":"ListItem","position":2,"name":"B\u00daT PENCIL"}]},{"@type":"WebSite","@id":"http:\/\/anhthu24h.com\/#website","url":"http:\/\/anhthu24h.com\/","name":"ANH THU 24H","description":"Gi\u1ea3i Ph&aacute;p S\u1eeda ch\u1eefa \u0110i\u1ec7n Tho\u1ea1i  ","publisher":{"@id":"http:\/\/anhthu24h.com\/#organization"},"potentialAction":[{"@type":"SearchAction","target":{"@type":"EntryPoint","urlTemplate":"http:\/\/anhthu24h.com\/?s={search_term_string}"},"query-input":{"@type":"PropertyValueSpecification","valueRequired":true,"valueName":"search_term_string"}}],"inLanguage":"vi"},{"@type":"Organization","@id":"http:\/\/anhthu24h.com\/#organization","name":"ANH THU 24H","url":"http:\/\/anhthu24h.com\/","logo":{"@type":"ImageObject","inLanguage":"vi","@id":"http:\/\/anhthu24h.com\/#\/schema\/logo\/image\/","url":"http:\/\/anhthu24h.com\/wp-content\/uploads\/2025\/10\/width_800.png","contentUrl":"http:\/\/anhthu24h.com\/wp-content\/uploads\/2025\/10\/width_800.png","width":800,"height":800,"caption":"ANH THU 24H"},"image":{"@id":"http:\/\/anhthu24h.com\/#\/schema\/logo\/image\/"}}]}},"_links":{"self":[{"href":"http:\/\/anhthu24h.com\/index.php?rest_route=\/wp\/v2\/pages\/656","targetHints":{"allow":["GET"]}}],"collection":[{"href":"http:\/\/anhthu24h.com\/index.php?rest_route=\/wp\/v2\/pages"}],"about":[{"href":"http:\/\/anhthu24h.com\/index.php?rest_route=\/wp\/v2\/types\/page"}],"author":[{"embeddable":true,"href":"http:\/\/anhthu24h.com\/index.php?rest_route=\/wp\/v2\/users\/1"}],"replies":[{"embeddable":true,"href":"http:\/\/anhthu24h.com\/index.php?rest_route=%2Fwp%2Fv2%2Fcomments&post=656"}],"version-history":[{"count":3,"href":"http:\/\/anhthu24h.com\/index.php?rest_route=\/wp\/v2\/pages\/656\/revisions"}],"predecessor-version":[{"id":754,"href":"http:\/\/anhthu24h.com\/index.php?rest_route=\/wp\/v2\/pages\/656\/revisions\/754"}],"wp:featuredmedia":[{"embeddable":true,"href":"http:\/\/anhthu24h.com\/index.php?rest_route=\/wp\/v2\/media\/852"}],"wp:attachment":[{"href":"http:\/\/anhthu24h.com\/index.php?rest_route=%2Fwp%2Fv2%2Fmedia&parent=656"}],"curies":[{"name":"wp","href":"https:\/\/api.w.org\/{rel}","templated":true}]}}