{"id":669,"date":"2026-01-20T11:32:40","date_gmt":"2026-01-20T04:32:40","guid":{"rendered":"http:\/\/anhthu24h.com\/?page_id=669"},"modified":"2026-01-22T12:56:29","modified_gmt":"2026-01-22T05:56:29","slug":"oneplus-vsmart-pixel","status":"publish","type":"page","link":"http:\/\/anhthu24h.com\/?page_id=669","title":{"rendered":"ONEPLUS \u2013 VSMART \u2013 PIXEL"},"content":{"rendered":"\n<hr class=\"wp-block-separator has-alpha-channel-opacity\"\/>\n\n\n\n<h5 class=\"wp-block-heading\">B\u1ea2NG GI\u00c1 S\u1eecA CH\u1eeeA \u2013 ONEPLUS \/ VSMART \/ PIXEL \/ KH\u00c1C<br><br><\/h5>\n\n\n\n<h3 class=\"wp-block-heading\">ONEPLUS<\/h3>\n\n\n\n<p>(MK CH)<\/p>\n\n\n\n<ul class=\"wp-block-list\">\n<li>OnePlus 5T<br>M\u1eb7t k\u00ednh: 600<\/li>\n\n\n\n<li>OnePlus 7T<br>M\u1eb7t k\u00ednh: 1300<\/li>\n\n\n\n<li>OnePlus 7 Pro<br>M\u1eb7t k\u00ednh: 1300<\/li>\n\n\n\n<li>OnePlus 9R<br>M\u1eb7t k\u00ednh: 1.000<\/li>\n\n\n\n<li>OnePlus 9 Pro<br>M\u1eb7t k\u00ednh: 1400<\/li>\n\n\n\n<li>OnePlus 8<\/li>\n\n\n\n<li>OnePlus 8 Pro<\/li>\n\n\n\n<li>OnePlus 8T<br>M\u1eb7t k\u00ednh: 1.000<\/li>\n\n\n\n<li>OnePlus 8T 5G<br>M\u1eb7t k\u00ednh: 900<\/li>\n\n\n\n<li>OnePlus 11 \/ 11 Pro \/ 11R 5G<br>M\u1eb7t k\u00ednh: 1.000<\/li>\n\n\n\n<li>OnePlus Nord 200<br>M\u1eb7t k\u00ednh: 400<\/li>\n<\/ul>\n\n\n\n<hr class=\"wp-block-separator has-alpha-channel-opacity\"\/>\n\n\n\n<h3 class=\"wp-block-heading\">VSMART<\/h3>\n\n\n\n<p>(MK CH)<\/p>\n\n\n\n<ul class=\"wp-block-list\">\n<li>Vsmart Joy 1<br>M\u1eb7t k\u00ednh: 450<\/li>\n\n\n\n<li>Vsmart Joy 1+ Plus<br>M\u1eb7t k\u00ednh: 450<\/li>\n\n\n\n<li>Vsmart Joy 2+<br>M\u1eb7t k\u00ednh: 450<\/li>\n\n\n\n<li>Vsmart Joy 3<br>M\u1eb7t k\u00ednh: 450<\/li>\n\n\n\n<li>Vsmart Joy 4<br>M\u1eb7t k\u00ednh: 450<\/li>\n\n\n\n<li>Vsmart Active 1<br>M\u1eb7t k\u00ednh: 450<\/li>\n\n\n\n<li>Vsmart Active 1+ Plus<br>M\u1eb7t k\u00ednh: 450<\/li>\n\n\n\n<li>Vsmart Active Live<br>M\u1eb7t k\u00ednh: 700<\/li>\n\n\n\n<li>Vsmart Live 4<br>M\u1eb7t k\u00ednh: 350<\/li>\n\n\n\n<li>Vsmart Active Bee<br>M\u1eb7t k\u00ednh: 450<\/li>\n\n\n\n<li>Vsmart Active Bee 3<br>M\u1eb7t k\u00ednh: 450<\/li>\n\n\n\n<li>Vsmart Active 3<br>M\u1eb7t k\u00ednh: 450<\/li>\n\n\n\n<li>Vsmart Star<br>M\u1eb7t k\u00ednh: 400<\/li>\n\n\n\n<li>Vsmart Star 3<br>M\u1eb7t k\u00ednh: 400<\/li>\n\n\n\n<li>Vsmart Star 4<br>M\u1eb7t k\u00ednh: 450<\/li>\n\n\n\n<li>Vsmart Aris 5G<br>M\u1eb7t k\u00ednh: 400<\/li>\n\n\n\n<li>Vsmart Aris Pro<br>M\u1eb7t k\u00ednh: 600<\/li>\n<\/ul>\n\n\n\n<hr class=\"wp-block-separator has-alpha-channel-opacity\"\/>\n\n\n\n<h3 class=\"wp-block-heading\">HTC \u2013 GOOGLE PIXEL<\/h3>\n\n\n\n<p>(MK)<\/p>\n\n\n\n<ul class=\"wp-block-list\">\n<li>Pixel 2 XL<br>M\u1eb7t k\u00ednh: 900<\/li>\n\n\n\n<li>Pixel 3<\/li>\n\n\n\n<li>Pixel 3 XL<\/li>\n\n\n\n<li>Pixel 3A<\/li>\n\n\n\n<li>Pixel 3A XL<\/li>\n\n\n\n<li>Pixel 4<br>M\u1eb7t k\u00ednh: 600<\/li>\n\n\n\n<li>Pixel 4A<\/li>\n\n\n\n<li>Pixel 4 XL<br>M\u1eb7t k\u00ednh: 600<\/li>\n\n\n\n<li>Pixel 5 \/ Pixel 5A<br>M\u1eb7t k\u00ednh: 800<\/li>\n\n\n\n<li>Pixel 6<br>M\u1eb7t k\u00ednh: 600<\/li>\n\n\n\n<li>Pixel 6 Pro<br>M\u1eb7t k\u00ednh: 1300<\/li>\n\n\n\n<li>Pixel 6A<br>M\u1eb7t k\u00ednh: 900<\/li>\n\n\n\n<li>Pixel 7<br>M\u1eb7t k\u00ednh: 900<\/li>\n\n\n\n<li>Pixel 7 Pro<br>M\u1eb7t k\u00ednh: 1400<\/li>\n\n\n\n<li>Pixel 7A<br>M\u1eb7t k\u00ednh: 1.000<\/li>\n\n\n\n<li>Pixel 8<br>M\u1eb7t k\u00ednh: 800<\/li>\n\n\n\n<li>Pixel 8 Pro<br>M\u1eb7t k\u00ednh: 1.100<\/li>\n<\/ul>\n\n\n\n<hr class=\"wp-block-separator has-alpha-channel-opacity\"\/>\n\n\n\n<h3 class=\"wp-block-heading\">KH\u00c1C (TECNO \u2013 ITEL \u2013 ZTE \u2013 MOTOROLA)<\/h3>\n\n\n\n<ul class=\"wp-block-list\">\n<li>Tecno Pova 4 Pro (AMOLED)<br>M\u1eb7t k\u00ednh: 600<\/li>\n\n\n\n<li>Tecno Itel S23 \/ S665L \/ S665LN<br>M\u1eb7t k\u00ednh: 400<\/li>\n\n\n\n<li>Motorola Moto G8<br>M\u1eb7t k\u00ednh: 800<\/li>\n\n\n\n<li>Itel A48<br>M\u1eb7t k\u00ednh: TP 250<\/li>\n\n\n\n<li>ZTE Nubia Neo 2<br>M\u1eb7t k\u00ednh: 400<\/li>\n\n\n\n<li>ZTE Nubia Red Magic 8 Pro<br>M\u1eb7t k\u00ednh: 600<\/li>\n<\/ul>\n\n\n\n<hr class=\"wp-block-separator has-alpha-channel-opacity\"\/>\n\n\n\n<h3 class=\"wp-block-heading\">ASUS<\/h3>\n\n\n\n<p>(MK \u2013 MK c\u1ea3m \u1ee9ng)<\/p>\n\n\n\n<ul class=\"wp-block-list\">\n<li>ROG Phone 3 2020 \/ ZS661KS<br>M\u1eb7t k\u00ednh: 800<\/li>\n\n\n\n<li>Zenfone 6 2019 (ZS630KL)<\/li>\n\n\n\n<li>Zenfone 4 Selfie \/ ZD553KL (T,\u0110)<br>MK c\u1ea3m \u1ee9ng: 250<\/li>\n\n\n\n<li>Zenfone Max Pro M1 \/ ZB602KL (ZIN)<br>M\u1eb7t k\u00ednh: 250<\/li>\n\n\n\n<li>Zenfone Max Pro M2 \/ ZB631KL (ZIN)<br>M\u1eb7t k\u00ednh: 250<\/li>\n\n\n\n<li>Zenfone Max Plus M1 \/ X018D \/ ZB570TL<br>MK c\u1ea3m \u1ee9ng: 250<\/li>\n<\/ul>\n\n\n\n<hr class=\"wp-block-separator has-alpha-channel-opacity\"\/>\n\n\n\n<h3 class=\"wp-block-heading\">LG<\/h3>\n\n\n\n<ul class=\"wp-block-list\">\n<li>LG Velvet G9 5G \/ G9 \/ LM-G900N \/ LM-G900EM (m\u00e0n cong)<br>M\u1eb7t k\u00ednh: 800<\/li>\n\n\n\n<li>LG Pixel 7 Pro<\/li>\n\n\n\n<li>LG Pixel 6 Pro<br>M\u1eb7t k\u00ednh: 1200<\/li>\n\n\n\n<li>P30 Pro 2019<br>M\u1eb7t k\u00ednh: 1500<\/li>\n\n\n\n<li>G7 Fit \/ G7 One \/ G7 Plus \/ G7 ThinQ \/ G710<br>M\u1eb7t k\u00ednh: 350<\/li>\n\n\n\n<li>G7<br>M\u1eb7t k\u00ednh: 600<\/li>\n\n\n\n<li>G6 \/ G6+ \/ H873<br>M\u1eb7t k\u00ednh: 350<\/li>\n\n\n\n<li>LG G8 ThinQ (nhi\u1ec1u m\u00e3)<br>M\u1eb7t k\u00ednh: 1.000<\/li>\n\n\n\n<li>LG Wing (cong)<br>M\u1eb7t k\u00ednh: 750<\/li>\n\n\n\n<li>LG X Power \/ K220<br>M\u1eb7t k\u00ednh: 400<\/li>\n\n\n\n<li>V10 \/ H960<br>M\u1eb7t k\u00ednh: 450<\/li>\n\n\n\n<li>V20 \/ H990N<br>M\u1eb7t k\u00ednh: 400<\/li>\n\n\n\n<li>V30 \/ V30 Plus<br>M\u1eb7t k\u00ednh: 450<\/li>\n\n\n\n<li>V40 ThinQ<br>M\u1eb7t k\u00ednh: 800<\/li>\n\n\n\n<li>V50 ThinQ<br>M\u1eb7t k\u00ednh: 900<\/li>\n\n\n\n<li>V50S ThinQ 5G \/ LM-V510N<\/li>\n\n\n\n<li>V60<br>M\u1eb7t k\u00ednh: 900<\/li>\n\n\n\n<li>V60 ThinQ<br>M\u1eb7t k\u00ednh: 1.200<\/li>\n<\/ul>\n","protected":false},"excerpt":{"rendered":"<p>B\u1ea2NG GI\u00c1 S\u1eecA CH\u1eeeA \u2013 ONEPLUS \/ VSMART \/ PIXEL \/ KH\u00c1C ONEPLUS (MK CH) VSMART (MK CH) HTC \u2013 GOOGLE PIXEL (MK) KH\u00c1C (TECNO \u2013 ITEL \u2013 ZTE \u2013 MOTOROLA) ASUS (MK \u2013 MK c\u1ea3m \u1ee9ng) LG<\/p>\n","protected":false},"author":1,"featured_media":882,"parent":0,"menu_order":0,"comment_status":"closed","ping_status":"closed","template":"","meta":{"footnotes":""},"class_list":["post-669","page","type-page","status-publish","has-post-thumbnail","hentry"],"yoast_head":"<!-- This site is optimized with the Yoast SEO plugin v27.5 - https:\/\/yoast.com\/product\/yoast-seo-wordpress\/ -->\n<title>ONEPLUS \u2013 VSMART \u2013 PIXEL - ANHTHU24H<\/title>\n<meta name=\"description\" content=\"ANHTHU24H chuy\u00ean thay m\u1eb7t k\u00ednh, thay m\u00e0n h\u00ecnh ONEPLUS \u2013 VSMART \u2013 Google PIXEL v\u1edbi k\u1ef9 thu\u1eadt vi\u00ean tay ngh\u1ec1 cao, m\u00e1y m\u00f3c \u00e9p k\u00ednh hi\u1ec7n \u0111\u1ea1i, x\u1eed l\u00fd nhanh \u2013 ch\u00ednh x\u00e1c \u2013 an to\u00e0n cho m\u1ecdi d\u00f2ng m\u00e1y.Ch\u00fang t\u00f4i nh\u1eadn s\u1eeda ch\u1eefa t\u1ea5t c\u1ea3 l\u1ed7i m\u00e0n h\u00ecnh th\u01b0\u1eddng g\u1eb7p:V\u1ee1 m\u1eb7t k\u00ednh, n\u1ee9t k\u00ednh nh\u01b0ng m\u00e0n c\u00f2n hi\u1ec3n th\u1ecbB\u1ec3 m\u00e0n, ch\u1ea3y m\u1ef1c, s\u1ecdc, \u0111en m\u00e0nLi\u1ec7t \u2013 lo\u1ea1n c\u1ea3m \u1ee9ngM\u00e0n h\u00ecnh nh\u1ea5p nh\u00e1y, \u00e1m m\u00e0u, m\u1ea5t hi\u1ec3n th\u1ecbL\u1ed7i m\u00e0n h\u00ecnh do r\u01a1i r\u1edbt, v\u00e0o n\u01b0\u1edbcS\u1eeda m\u00e0n h\u00ecnh \u0111\u00e3 qua s\u1eeda, thay nhi\u1ec1u l\u1ea7n\" \/>\n<meta name=\"robots\" content=\"index, follow, max-snippet:-1, max-image-preview:large, max-video-preview:-1\" \/>\n<link rel=\"canonical\" href=\"http:\/\/anhthu24h.com\/?page_id=669\" \/>\n<meta property=\"og:locale\" content=\"vi_VN\" \/>\n<meta property=\"og:type\" content=\"article\" \/>\n<meta property=\"og:title\" content=\"ONEPLUS \u2013 VSMART \u2013 PIXEL - ANHTHU24H\" \/>\n<meta property=\"og:description\" content=\"ANHTHU24H chuy\u00ean thay m\u1eb7t k\u00ednh, thay m\u00e0n h\u00ecnh ONEPLUS \u2013 VSMART \u2013 Google PIXEL v\u1edbi k\u1ef9 thu\u1eadt vi\u00ean tay ngh\u1ec1 cao, m\u00e1y m\u00f3c \u00e9p k\u00ednh hi\u1ec7n \u0111\u1ea1i, x\u1eed l\u00fd nhanh \u2013 ch\u00ednh x\u00e1c \u2013 an to\u00e0n cho m\u1ecdi d\u00f2ng m\u00e1y.Ch\u00fang t\u00f4i nh\u1eadn s\u1eeda ch\u1eefa t\u1ea5t c\u1ea3 l\u1ed7i m\u00e0n h\u00ecnh th\u01b0\u1eddng g\u1eb7p:V\u1ee1 m\u1eb7t k\u00ednh, n\u1ee9t k\u00ednh nh\u01b0ng m\u00e0n c\u00f2n hi\u1ec3n th\u1ecbB\u1ec3 m\u00e0n, ch\u1ea3y m\u1ef1c, s\u1ecdc, \u0111en m\u00e0nLi\u1ec7t \u2013 lo\u1ea1n c\u1ea3m \u1ee9ngM\u00e0n h\u00ecnh nh\u1ea5p nh\u00e1y, \u00e1m m\u00e0u, m\u1ea5t hi\u1ec3n th\u1ecbL\u1ed7i m\u00e0n h\u00ecnh do r\u01a1i r\u1edbt, v\u00e0o n\u01b0\u1edbcS\u1eeda m\u00e0n h\u00ecnh \u0111\u00e3 qua s\u1eeda, thay nhi\u1ec1u l\u1ea7n\" \/>\n<meta property=\"og:url\" content=\"http:\/\/anhthu24h.com\/?page_id=669\" \/>\n<meta property=\"og:site_name\" content=\"ANHTHU24H\" \/>\n<meta property=\"article:modified_time\" content=\"2026-01-22T05:56:29+00:00\" \/>\n<meta property=\"og:image\" content=\"http:\/\/anhthu24h.com\/wp-content\/uploads\/2026\/01\/d7818732040834e68c60c99108d8db73.jpg\" \/>\n\t<meta property=\"og:image:width\" content=\"1200\" \/>\n\t<meta property=\"og:image:height\" content=\"675\" \/>\n\t<meta property=\"og:image:type\" content=\"image\/jpeg\" \/>\n<meta name=\"twitter:card\" content=\"summary_large_image\" \/>\n<meta name=\"twitter:label1\" content=\"\u01af\u1edbc t\u00ednh th\u1eddi gian \u0111\u1ecdc\" \/>\n\t<meta name=\"twitter:data1\" content=\"3 ph\u00fat\" \/>\n<script type=\"application\/ld+json\" class=\"yoast-schema-graph\">{\"@context\":\"https:\\\/\\\/schema.org\",\"@graph\":[{\"@type\":\"WebPage\",\"@id\":\"http:\\\/\\\/anhthu24h.com\\\/?page_id=669\",\"url\":\"http:\\\/\\\/anhthu24h.com\\\/?page_id=669\",\"name\":\"ONEPLUS \u2013 VSMART \u2013 PIXEL - ANHTHU24H\",\"isPartOf\":{\"@id\":\"http:\\\/\\\/anhthu24h.com\\\/#website\"},\"primaryImageOfPage\":{\"@id\":\"http:\\\/\\\/anhthu24h.com\\\/?page_id=669#primaryimage\"},\"image\":{\"@id\":\"http:\\\/\\\/anhthu24h.com\\\/?page_id=669#primaryimage\"},\"thumbnailUrl\":\"http:\\\/\\\/anhthu24h.com\\\/wp-content\\\/uploads\\\/2026\\\/01\\\/d7818732040834e68c60c99108d8db73.jpg\",\"datePublished\":\"2026-01-20T04:32:40+00:00\",\"dateModified\":\"2026-01-22T05:56:29+00:00\",\"description\":\"ANHTHU24H chuy\u00ean thay m\u1eb7t k\u00ednh, thay m\u00e0n h\u00ecnh ONEPLUS \u2013 VSMART \u2013 Google PIXEL v\u1edbi k\u1ef9 thu\u1eadt vi\u00ean tay ngh\u1ec1 cao, m\u00e1y m\u00f3c \u00e9p k\u00ednh hi\u1ec7n \u0111\u1ea1i, x\u1eed l\u00fd nhanh \u2013 ch\u00ednh x\u00e1c \u2013 an to\u00e0n cho m\u1ecdi d\u00f2ng m\u00e1y.Ch\u00fang t\u00f4i nh\u1eadn s\u1eeda ch\u1eefa t\u1ea5t c\u1ea3 l\u1ed7i m\u00e0n h\u00ecnh th\u01b0\u1eddng g\u1eb7p:V\u1ee1 m\u1eb7t k\u00ednh, n\u1ee9t k\u00ednh nh\u01b0ng m\u00e0n c\u00f2n hi\u1ec3n th\u1ecbB\u1ec3 m\u00e0n, ch\u1ea3y m\u1ef1c, s\u1ecdc, \u0111en m\u00e0nLi\u1ec7t \u2013 lo\u1ea1n c\u1ea3m \u1ee9ngM\u00e0n h\u00ecnh nh\u1ea5p nh\u00e1y, \u00e1m m\u00e0u, m\u1ea5t hi\u1ec3n th\u1ecbL\u1ed7i m\u00e0n h\u00ecnh do r\u01a1i r\u1edbt, v\u00e0o n\u01b0\u1edbcS\u1eeda m\u00e0n h\u00ecnh \u0111\u00e3 qua s\u1eeda, thay nhi\u1ec1u l\u1ea7n\",\"breadcrumb\":{\"@id\":\"http:\\\/\\\/anhthu24h.com\\\/?page_id=669#breadcrumb\"},\"inLanguage\":\"vi\",\"potentialAction\":[{\"@type\":\"ReadAction\",\"target\":[\"http:\\\/\\\/anhthu24h.com\\\/?page_id=669\"]}]},{\"@type\":\"ImageObject\",\"inLanguage\":\"vi\",\"@id\":\"http:\\\/\\\/anhthu24h.com\\\/?page_id=669#primaryimage\",\"url\":\"http:\\\/\\\/anhthu24h.com\\\/wp-content\\\/uploads\\\/2026\\\/01\\\/d7818732040834e68c60c99108d8db73.jpg\",\"contentUrl\":\"http:\\\/\\\/anhthu24h.com\\\/wp-content\\\/uploads\\\/2026\\\/01\\\/d7818732040834e68c60c99108d8db73.jpg\",\"width\":1200,\"height\":675},{\"@type\":\"BreadcrumbList\",\"@id\":\"http:\\\/\\\/anhthu24h.com\\\/?page_id=669#breadcrumb\",\"itemListElement\":[{\"@type\":\"ListItem\",\"position\":1,\"name\":\"Trang ch\u1ee7\",\"item\":\"http:\\\/\\\/anhthu24h.com\\\/\"},{\"@type\":\"ListItem\",\"position\":2,\"name\":\"ONEPLUS \u2013 VSMART \u2013 PIXEL\"}]},{\"@type\":\"WebSite\",\"@id\":\"http:\\\/\\\/anhthu24h.com\\\/#website\",\"url\":\"http:\\\/\\\/anhthu24h.com\\\/\",\"name\":\"ANH THU 24H\",\"description\":\"Gi\u1ea3i Ph&aacute;p S\u1eeda ch\u1eefa \u0110i\u1ec7n Tho\u1ea1i  \",\"publisher\":{\"@id\":\"http:\\\/\\\/anhthu24h.com\\\/#organization\"},\"potentialAction\":[{\"@type\":\"SearchAction\",\"target\":{\"@type\":\"EntryPoint\",\"urlTemplate\":\"http:\\\/\\\/anhthu24h.com\\\/?s={search_term_string}\"},\"query-input\":{\"@type\":\"PropertyValueSpecification\",\"valueRequired\":true,\"valueName\":\"search_term_string\"}}],\"inLanguage\":\"vi\"},{\"@type\":\"Organization\",\"@id\":\"http:\\\/\\\/anhthu24h.com\\\/#organization\",\"name\":\"ANH THU 24H\",\"url\":\"http:\\\/\\\/anhthu24h.com\\\/\",\"logo\":{\"@type\":\"ImageObject\",\"inLanguage\":\"vi\",\"@id\":\"http:\\\/\\\/anhthu24h.com\\\/#\\\/schema\\\/logo\\\/image\\\/\",\"url\":\"http:\\\/\\\/anhthu24h.com\\\/wp-content\\\/uploads\\\/2025\\\/10\\\/width_800.png\",\"contentUrl\":\"http:\\\/\\\/anhthu24h.com\\\/wp-content\\\/uploads\\\/2025\\\/10\\\/width_800.png\",\"width\":800,\"height\":800,\"caption\":\"ANH THU 24H\"},\"image\":{\"@id\":\"http:\\\/\\\/anhthu24h.com\\\/#\\\/schema\\\/logo\\\/image\\\/\"}}]}<\/script>\n<!-- \/ Yoast SEO plugin. -->","yoast_head_json":{"title":"ONEPLUS \u2013 VSMART \u2013 PIXEL - ANHTHU24H","description":"ANHTHU24H chuy\u00ean thay m\u1eb7t k\u00ednh, thay m\u00e0n h\u00ecnh ONEPLUS \u2013 VSMART \u2013 Google PIXEL v\u1edbi k\u1ef9 thu\u1eadt vi\u00ean tay ngh\u1ec1 cao, m\u00e1y m\u00f3c \u00e9p k\u00ednh hi\u1ec7n \u0111\u1ea1i, x\u1eed l\u00fd nhanh \u2013 ch\u00ednh x\u00e1c \u2013 an to\u00e0n cho m\u1ecdi d\u00f2ng m\u00e1y.Ch\u00fang t\u00f4i nh\u1eadn s\u1eeda ch\u1eefa t\u1ea5t c\u1ea3 l\u1ed7i m\u00e0n h\u00ecnh th\u01b0\u1eddng g\u1eb7p:V\u1ee1 m\u1eb7t k\u00ednh, n\u1ee9t k\u00ednh nh\u01b0ng m\u00e0n c\u00f2n hi\u1ec3n th\u1ecbB\u1ec3 m\u00e0n, ch\u1ea3y m\u1ef1c, s\u1ecdc, \u0111en m\u00e0nLi\u1ec7t \u2013 lo\u1ea1n c\u1ea3m \u1ee9ngM\u00e0n h\u00ecnh nh\u1ea5p nh\u00e1y, \u00e1m m\u00e0u, m\u1ea5t hi\u1ec3n th\u1ecbL\u1ed7i m\u00e0n h\u00ecnh do r\u01a1i r\u1edbt, v\u00e0o n\u01b0\u1edbcS\u1eeda m\u00e0n h\u00ecnh \u0111\u00e3 qua s\u1eeda, thay nhi\u1ec1u l\u1ea7n","robots":{"index":"index","follow":"follow","max-snippet":"max-snippet:-1","max-image-preview":"max-image-preview:large","max-video-preview":"max-video-preview:-1"},"canonical":"http:\/\/anhthu24h.com\/?page_id=669","og_locale":"vi_VN","og_type":"article","og_title":"ONEPLUS \u2013 VSMART \u2013 PIXEL - ANHTHU24H","og_description":"ANHTHU24H chuy\u00ean thay m\u1eb7t k\u00ednh, thay m\u00e0n h\u00ecnh ONEPLUS \u2013 VSMART \u2013 Google PIXEL v\u1edbi k\u1ef9 thu\u1eadt vi\u00ean tay ngh\u1ec1 cao, m\u00e1y m\u00f3c \u00e9p k\u00ednh hi\u1ec7n \u0111\u1ea1i, x\u1eed l\u00fd nhanh \u2013 ch\u00ednh x\u00e1c \u2013 an to\u00e0n cho m\u1ecdi d\u00f2ng m\u00e1y.Ch\u00fang t\u00f4i nh\u1eadn s\u1eeda ch\u1eefa t\u1ea5t c\u1ea3 l\u1ed7i m\u00e0n h\u00ecnh th\u01b0\u1eddng g\u1eb7p:V\u1ee1 m\u1eb7t k\u00ednh, n\u1ee9t k\u00ednh nh\u01b0ng m\u00e0n c\u00f2n hi\u1ec3n th\u1ecbB\u1ec3 m\u00e0n, ch\u1ea3y m\u1ef1c, s\u1ecdc, \u0111en m\u00e0nLi\u1ec7t \u2013 lo\u1ea1n c\u1ea3m \u1ee9ngM\u00e0n h\u00ecnh nh\u1ea5p nh\u00e1y, \u00e1m m\u00e0u, m\u1ea5t hi\u1ec3n th\u1ecbL\u1ed7i m\u00e0n h\u00ecnh do r\u01a1i r\u1edbt, v\u00e0o n\u01b0\u1edbcS\u1eeda m\u00e0n h\u00ecnh \u0111\u00e3 qua s\u1eeda, thay nhi\u1ec1u l\u1ea7n","og_url":"http:\/\/anhthu24h.com\/?page_id=669","og_site_name":"ANHTHU24H","article_modified_time":"2026-01-22T05:56:29+00:00","og_image":[{"width":1200,"height":675,"url":"http:\/\/anhthu24h.com\/wp-content\/uploads\/2026\/01\/d7818732040834e68c60c99108d8db73.jpg","type":"image\/jpeg"}],"twitter_card":"summary_large_image","twitter_misc":{"\u01af\u1edbc t\u00ednh th\u1eddi gian \u0111\u1ecdc":"3 ph\u00fat"},"schema":{"@context":"https:\/\/schema.org","@graph":[{"@type":"WebPage","@id":"http:\/\/anhthu24h.com\/?page_id=669","url":"http:\/\/anhthu24h.com\/?page_id=669","name":"ONEPLUS \u2013 VSMART \u2013 PIXEL - ANHTHU24H","isPartOf":{"@id":"http:\/\/anhthu24h.com\/#website"},"primaryImageOfPage":{"@id":"http:\/\/anhthu24h.com\/?page_id=669#primaryimage"},"image":{"@id":"http:\/\/anhthu24h.com\/?page_id=669#primaryimage"},"thumbnailUrl":"http:\/\/anhthu24h.com\/wp-content\/uploads\/2026\/01\/d7818732040834e68c60c99108d8db73.jpg","datePublished":"2026-01-20T04:32:40+00:00","dateModified":"2026-01-22T05:56:29+00:00","description":"ANHTHU24H chuy\u00ean thay m\u1eb7t k\u00ednh, thay m\u00e0n h\u00ecnh ONEPLUS \u2013 VSMART \u2013 Google PIXEL v\u1edbi k\u1ef9 thu\u1eadt vi\u00ean tay ngh\u1ec1 cao, m\u00e1y m\u00f3c \u00e9p k\u00ednh hi\u1ec7n \u0111\u1ea1i, x\u1eed l\u00fd nhanh \u2013 ch\u00ednh x\u00e1c \u2013 an to\u00e0n cho m\u1ecdi d\u00f2ng m\u00e1y.Ch\u00fang t\u00f4i nh\u1eadn s\u1eeda ch\u1eefa t\u1ea5t c\u1ea3 l\u1ed7i m\u00e0n h\u00ecnh th\u01b0\u1eddng g\u1eb7p:V\u1ee1 m\u1eb7t k\u00ednh, n\u1ee9t k\u00ednh nh\u01b0ng m\u00e0n c\u00f2n hi\u1ec3n th\u1ecbB\u1ec3 m\u00e0n, ch\u1ea3y m\u1ef1c, s\u1ecdc, \u0111en m\u00e0nLi\u1ec7t \u2013 lo\u1ea1n c\u1ea3m \u1ee9ngM\u00e0n h\u00ecnh nh\u1ea5p nh\u00e1y, \u00e1m m\u00e0u, m\u1ea5t hi\u1ec3n th\u1ecbL\u1ed7i m\u00e0n h\u00ecnh do r\u01a1i r\u1edbt, v\u00e0o n\u01b0\u1edbcS\u1eeda m\u00e0n h\u00ecnh \u0111\u00e3 qua s\u1eeda, thay nhi\u1ec1u l\u1ea7n","breadcrumb":{"@id":"http:\/\/anhthu24h.com\/?page_id=669#breadcrumb"},"inLanguage":"vi","potentialAction":[{"@type":"ReadAction","target":["http:\/\/anhthu24h.com\/?page_id=669"]}]},{"@type":"ImageObject","inLanguage":"vi","@id":"http:\/\/anhthu24h.com\/?page_id=669#primaryimage","url":"http:\/\/anhthu24h.com\/wp-content\/uploads\/2026\/01\/d7818732040834e68c60c99108d8db73.jpg","contentUrl":"http:\/\/anhthu24h.com\/wp-content\/uploads\/2026\/01\/d7818732040834e68c60c99108d8db73.jpg","width":1200,"height":675},{"@type":"BreadcrumbList","@id":"http:\/\/anhthu24h.com\/?page_id=669#breadcrumb","itemListElement":[{"@type":"ListItem","position":1,"name":"Trang ch\u1ee7","item":"http:\/\/anhthu24h.com\/"},{"@type":"ListItem","position":2,"name":"ONEPLUS \u2013 VSMART \u2013 PIXEL"}]},{"@type":"WebSite","@id":"http:\/\/anhthu24h.com\/#website","url":"http:\/\/anhthu24h.com\/","name":"ANH THU 24H","description":"Gi\u1ea3i Ph&aacute;p S\u1eeda ch\u1eefa \u0110i\u1ec7n Tho\u1ea1i  ","publisher":{"@id":"http:\/\/anhthu24h.com\/#organization"},"potentialAction":[{"@type":"SearchAction","target":{"@type":"EntryPoint","urlTemplate":"http:\/\/anhthu24h.com\/?s={search_term_string}"},"query-input":{"@type":"PropertyValueSpecification","valueRequired":true,"valueName":"search_term_string"}}],"inLanguage":"vi"},{"@type":"Organization","@id":"http:\/\/anhthu24h.com\/#organization","name":"ANH THU 24H","url":"http:\/\/anhthu24h.com\/","logo":{"@type":"ImageObject","inLanguage":"vi","@id":"http:\/\/anhthu24h.com\/#\/schema\/logo\/image\/","url":"http:\/\/anhthu24h.com\/wp-content\/uploads\/2025\/10\/width_800.png","contentUrl":"http:\/\/anhthu24h.com\/wp-content\/uploads\/2025\/10\/width_800.png","width":800,"height":800,"caption":"ANH THU 24H"},"image":{"@id":"http:\/\/anhthu24h.com\/#\/schema\/logo\/image\/"}}]}},"_links":{"self":[{"href":"http:\/\/anhthu24h.com\/index.php?rest_route=\/wp\/v2\/pages\/669","targetHints":{"allow":["GET"]}}],"collection":[{"href":"http:\/\/anhthu24h.com\/index.php?rest_route=\/wp\/v2\/pages"}],"about":[{"href":"http:\/\/anhthu24h.com\/index.php?rest_route=\/wp\/v2\/types\/page"}],"author":[{"embeddable":true,"href":"http:\/\/anhthu24h.com\/index.php?rest_route=\/wp\/v2\/users\/1"}],"replies":[{"embeddable":true,"href":"http:\/\/anhthu24h.com\/index.php?rest_route=%2Fwp%2Fv2%2Fcomments&post=669"}],"version-history":[{"count":2,"href":"http:\/\/anhthu24h.com\/index.php?rest_route=\/wp\/v2\/pages\/669\/revisions"}],"predecessor-version":[{"id":764,"href":"http:\/\/anhthu24h.com\/index.php?rest_route=\/wp\/v2\/pages\/669\/revisions\/764"}],"wp:featuredmedia":[{"embeddable":true,"href":"http:\/\/anhthu24h.com\/index.php?rest_route=\/wp\/v2\/media\/882"}],"wp:attachment":[{"href":"http:\/\/anhthu24h.com\/index.php?rest_route=%2Fwp%2Fv2%2Fmedia&parent=669"}],"curies":[{"name":"wp","href":"https:\/\/api.w.org\/{rel}","templated":true}]}}