{"id":676,"date":"2026-01-20T11:50:16","date_gmt":"2026-01-20T04:50:16","guid":{"rendered":"http:\/\/anhthu24h.com\/?page_id=676"},"modified":"2026-01-21T12:23:05","modified_gmt":"2026-01-21T05:23:05","slug":"samsung-tab","status":"publish","type":"page","link":"http:\/\/anhthu24h.com\/?page_id=676","title":{"rendered":"SAMSUNG TAB"},"content":{"rendered":"\n<h2 class=\"wp-block-heading\">\ud83d\udcf1 SAMSUNG TAB \u2013 MK<\/h2>\n\n\n\n<ul class=\"wp-block-list\">\n<li>Tab A8 10.5 in \/ X200 \/ X205: <strong>500k<\/strong><\/li>\n\n\n\n<li>Tab A9 8.7 in: <strong>500k<\/strong><\/li>\n\n\n\n<li>Tab A9 Plus \/ A9+ \/ A9Plus 11\u2033 \/ SM-X210 \/ SM-X215 \/ SM-X216: <strong>500k<\/strong><\/li>\n\n\n\n<li>Galaxy Tab S3 9.7 \/ T820 \/ T825: <strong>800k<\/strong><\/li>\n\n\n\n<li>Galaxy Tab S4 10.5 \/ T830 \/ T835: <strong>800k<\/strong><\/li>\n\n\n\n<li>Galaxy Tab S5e 2019 \/ T720 \/ T725: <strong>800k<\/strong><\/li>\n\n\n\n<li>Galaxy Tab S6 10.5inch \/ T860 \/ T865: <strong>800k<\/strong><\/li>\n\n\n\n<li>Tab S6 Lite 10.4 inch \/ P610 \/ P615: <strong>600k<\/strong><\/li>\n\n\n\n<li>Galaxy Tab S7 11inch \/ T870 \/ T875 \/ T876: <strong>600k<\/strong><\/li>\n\n\n\n<li>Galaxy Tab S7 Plus \/ S7+ 12.4inch \/ T970 \/ T975 \/ T976: <strong>1100k<\/strong><\/li>\n\n\n\n<li>Galaxy Tab S7 FE \/ T730 \/ T733 \/ T736: <strong>800k<\/strong><\/li>\n\n\n\n<li>Tab S8 2022 \/ X700 \/ X706: <strong>600k<\/strong><\/li>\n\n\n\n<li>Tab S8 Plus 2022 \/ X800: <strong>1100k<\/strong><\/li>\n\n\n\n<li>Tab S8 Ultra \/ S9 Ultra: <strong>1100k<\/strong><\/li>\n\n\n\n<li>Tab S9 \/ X710 \/ X716: <strong>800k<\/strong><\/li>\n\n\n\n<li>Tab S9 FE \/ X510 \/ X516: <strong>600k<\/strong><\/li>\n\n\n\n<li>Tab S9 FE Plus \/ S9 FE+ \/ X610 \/ X615 \/ 12.4inch (MH TFT): <strong>800k<\/strong><\/li>\n\n\n\n<li>Tab S9 Plus 12.9inch: <strong>1100k<\/strong><\/li>\n\n\n\n<li>Tab T580: <strong>800k<\/strong><\/li>\n\n\n\n<li>TAB A7 Lite \/ T225 \/ T220: <strong>450k<\/strong><\/li>\n\n\n\n<li>TAB A7 10.4 2020 \/ T500 \/ T505: <strong>800k<\/strong><\/li>\n\n\n\n<li>TAB A6 (2016) 7inch \/ T285: <strong>400k<\/strong><\/li>\n\n\n\n<li>Tab A \/ P355 \/ 8in: <strong>650k<\/strong><\/li>\n\n\n\n<li>Tab A \/ T355 \/ 8in: <strong>650k<\/strong><\/li>\n\n\n\n<li>Tab A \/ P555: <strong>650k<\/strong><\/li>\n\n\n\n<li>Tab E 9.6in \/ T561: <strong>500k<\/strong><\/li>\n\n\n\n<li>Tab E 8in \/ T377 \/ T375: <strong>650k<\/strong><\/li>\n\n\n\n<li>Galaxy Tab N5100 (Note 8): <strong>550k<\/strong><\/li>\n\n\n\n<li>Galaxy Tab S \/ T805 \/ T800 10.5in: <strong>900k<\/strong><\/li>\n\n\n\n<li>Galaxy Tab S \/ T705 8.4in: <strong>800k<\/strong><\/li>\n\n\n\n<li>Galaxy Tab S2 \/ T815 9.7in: <strong>900k<\/strong><\/li>\n\n\n\n<li>Galaxy Tab S2 \/ T715 8in: <strong>800k<\/strong><\/li>\n\n\n\n<li>Galaxy Tab P900 \/ P905: <strong>1300k<\/strong><\/li>\n\n\n\n<li>Galaxy Tab T900 \/ T906: <strong>1300k<\/strong><\/li>\n\n\n\n<li>P600 \/ P601 \/ P605 \/ P608 (10in) \/ Note 10.1 2014: <strong>800k<\/strong><\/li>\n<\/ul>\n\n\n\n<hr class=\"wp-block-separator has-alpha-channel-opacity\"\/>\n\n\n\n<h2 class=\"wp-block-heading\">\ud83d\udcf1 SAMSUNG TAB \u2013 MK C\/\u1ee8NG<\/h2>\n\n\n\n<ul class=\"wp-block-list\">\n<li>Galaxy Tab A (2019) 10.1\u2033 \/ T510 \/ T515: <strong>600k<\/strong><\/li>\n\n\n\n<li>Galaxy Tab A (2018) 10.5\u2033 \/ T590 \/ T595: <strong>600k<\/strong><\/li>\n\n\n\n<li>Galaxy Tab A (2018) 10.5\u2033 \/ T596: <strong>950k<\/strong><\/li>\n\n\n\n<li>TAB A8 2019 (8inch) \/ T295: <strong>800k<\/strong><\/li>\n\n\n\n<li>Tab A 8.0 with S Pen 2019 \/ P200 \/ P205: <strong>650k<\/strong><\/li>\n\n\n\n<li>Tab A (2016) 10.1 inch \/ T385: <strong>600k<\/strong><\/li>\n\n\n\n<li>Tab A (2016) 10.1 inch \/ T585: <strong>650k<\/strong><\/li>\n\n\n\n<li>Tab A (2016) 10.1\u2033 \/ P585: <strong>650k<\/strong><\/li>\n<\/ul>\n","protected":false},"excerpt":{"rendered":"<p>\ud83d\udcf1 SAMSUNG TAB \u2013 MK \ud83d\udcf1 SAMSUNG TAB \u2013 MK C\/\u1ee8NG<\/p>\n","protected":false},"author":1,"featured_media":680,"parent":0,"menu_order":0,"comment_status":"closed","ping_status":"closed","template":"blank-canvas","meta":{"footnotes":""},"class_list":["post-676","page","type-page","status-publish","has-post-thumbnail","hentry"],"yoast_head":"<!-- This site is optimized with the Yoast SEO plugin v27.5 - https:\/\/yoast.com\/product\/yoast-seo-wordpress\/ -->\n<title>SAMSUNG TAB - ANHTHU24H<\/title>\n<meta name=\"description\" content=\"ANHTHU24H chuy\u00ean thay m\u1eb7t k\u00ednh Samsung Tab (Galaxy Tab) cho t\u1ea5t c\u1ea3 d\u00f2ng Tab A, Tab S, Tab E, Tab Active\u2026 v\u1edbi k\u1ef9 thu\u1eadt vi\u00ean tay ngh\u1ec1 cao, m\u00e1y m\u00f3c \u00e9p k\u00ednh hi\u1ec7n \u0111\u1ea1i, x\u1eed l\u00fd nhanh \u2013 ch\u00ednh x\u00e1c \u2013 an to\u00e0n, gi\u1eef nguy\u00ean m\u00e0n h\u00ecnh zin n\u1ebfu \u0111\u1ee7 \u0111i\u1ec1u ki\u1ec7n.\" \/>\n<meta name=\"robots\" content=\"index, follow, max-snippet:-1, max-image-preview:large, max-video-preview:-1\" \/>\n<link rel=\"canonical\" href=\"http:\/\/anhthu24h.com\/?page_id=676\" \/>\n<meta property=\"og:locale\" content=\"vi_VN\" \/>\n<meta property=\"og:type\" content=\"article\" \/>\n<meta property=\"og:title\" content=\"SAMSUNG TAB - ANHTHU24H\" \/>\n<meta property=\"og:description\" content=\"ANHTHU24H chuy\u00ean thay m\u1eb7t k\u00ednh Samsung Tab (Galaxy Tab) cho t\u1ea5t c\u1ea3 d\u00f2ng Tab A, Tab S, Tab E, Tab Active\u2026 v\u1edbi k\u1ef9 thu\u1eadt vi\u00ean tay ngh\u1ec1 cao, m\u00e1y m\u00f3c \u00e9p k\u00ednh hi\u1ec7n \u0111\u1ea1i, x\u1eed l\u00fd nhanh \u2013 ch\u00ednh x\u00e1c \u2013 an to\u00e0n, gi\u1eef nguy\u00ean m\u00e0n h\u00ecnh zin n\u1ebfu \u0111\u1ee7 \u0111i\u1ec1u ki\u1ec7n.\" \/>\n<meta property=\"og:url\" content=\"http:\/\/anhthu24h.com\/?page_id=676\" \/>\n<meta property=\"og:site_name\" content=\"ANHTHU24H\" \/>\n<meta property=\"article:modified_time\" content=\"2026-01-21T05:23:05+00:00\" \/>\n<meta property=\"og:image\" content=\"http:\/\/anhthu24h.com\/wp-content\/uploads\/2026\/01\/8cb37cb029ec5032c69d762c2d62f2b5.jpg\" \/>\n\t<meta property=\"og:image:width\" content=\"1200\" \/>\n\t<meta property=\"og:image:height\" content=\"1200\" \/>\n\t<meta property=\"og:image:type\" content=\"image\/jpeg\" \/>\n<meta name=\"twitter:card\" content=\"summary_large_image\" \/>\n<meta name=\"twitter:label1\" content=\"\u01af\u1edbc t\u00ednh th\u1eddi gian \u0111\u1ecdc\" \/>\n\t<meta name=\"twitter:data1\" content=\"3 ph\u00fat\" \/>\n<script type=\"application\/ld+json\" class=\"yoast-schema-graph\">{\"@context\":\"https:\\\/\\\/schema.org\",\"@graph\":[{\"@type\":\"WebPage\",\"@id\":\"http:\\\/\\\/anhthu24h.com\\\/?page_id=676\",\"url\":\"http:\\\/\\\/anhthu24h.com\\\/?page_id=676\",\"name\":\"SAMSUNG TAB - ANHTHU24H\",\"isPartOf\":{\"@id\":\"http:\\\/\\\/anhthu24h.com\\\/#website\"},\"primaryImageOfPage\":{\"@id\":\"http:\\\/\\\/anhthu24h.com\\\/?page_id=676#primaryimage\"},\"image\":{\"@id\":\"http:\\\/\\\/anhthu24h.com\\\/?page_id=676#primaryimage\"},\"thumbnailUrl\":\"http:\\\/\\\/anhthu24h.com\\\/wp-content\\\/uploads\\\/2026\\\/01\\\/8cb37cb029ec5032c69d762c2d62f2b5.jpg\",\"datePublished\":\"2026-01-20T04:50:16+00:00\",\"dateModified\":\"2026-01-21T05:23:05+00:00\",\"description\":\"ANHTHU24H chuy\u00ean thay m\u1eb7t k\u00ednh Samsung Tab (Galaxy Tab) cho t\u1ea5t c\u1ea3 d\u00f2ng Tab A, Tab S, Tab E, Tab Active\u2026 v\u1edbi k\u1ef9 thu\u1eadt vi\u00ean tay ngh\u1ec1 cao, m\u00e1y m\u00f3c \u00e9p k\u00ednh hi\u1ec7n \u0111\u1ea1i, x\u1eed l\u00fd nhanh \u2013 ch\u00ednh x\u00e1c \u2013 an to\u00e0n, gi\u1eef nguy\u00ean m\u00e0n h\u00ecnh zin n\u1ebfu \u0111\u1ee7 \u0111i\u1ec1u ki\u1ec7n.\",\"breadcrumb\":{\"@id\":\"http:\\\/\\\/anhthu24h.com\\\/?page_id=676#breadcrumb\"},\"inLanguage\":\"vi\",\"potentialAction\":[{\"@type\":\"ReadAction\",\"target\":[\"http:\\\/\\\/anhthu24h.com\\\/?page_id=676\"]}]},{\"@type\":\"ImageObject\",\"inLanguage\":\"vi\",\"@id\":\"http:\\\/\\\/anhthu24h.com\\\/?page_id=676#primaryimage\",\"url\":\"http:\\\/\\\/anhthu24h.com\\\/wp-content\\\/uploads\\\/2026\\\/01\\\/8cb37cb029ec5032c69d762c2d62f2b5.jpg\",\"contentUrl\":\"http:\\\/\\\/anhthu24h.com\\\/wp-content\\\/uploads\\\/2026\\\/01\\\/8cb37cb029ec5032c69d762c2d62f2b5.jpg\",\"width\":1200,\"height\":1200,\"caption\":\"Version 1.0.0\"},{\"@type\":\"BreadcrumbList\",\"@id\":\"http:\\\/\\\/anhthu24h.com\\\/?page_id=676#breadcrumb\",\"itemListElement\":[{\"@type\":\"ListItem\",\"position\":1,\"name\":\"Trang ch\u1ee7\",\"item\":\"http:\\\/\\\/anhthu24h.com\\\/\"},{\"@type\":\"ListItem\",\"position\":2,\"name\":\"SAMSUNG TAB\"}]},{\"@type\":\"WebSite\",\"@id\":\"http:\\\/\\\/anhthu24h.com\\\/#website\",\"url\":\"http:\\\/\\\/anhthu24h.com\\\/\",\"name\":\"ANH THU 24H\",\"description\":\"Gi\u1ea3i Ph&aacute;p S\u1eeda ch\u1eefa \u0110i\u1ec7n Tho\u1ea1i  \",\"publisher\":{\"@id\":\"http:\\\/\\\/anhthu24h.com\\\/#organization\"},\"potentialAction\":[{\"@type\":\"SearchAction\",\"target\":{\"@type\":\"EntryPoint\",\"urlTemplate\":\"http:\\\/\\\/anhthu24h.com\\\/?s={search_term_string}\"},\"query-input\":{\"@type\":\"PropertyValueSpecification\",\"valueRequired\":true,\"valueName\":\"search_term_string\"}}],\"inLanguage\":\"vi\"},{\"@type\":\"Organization\",\"@id\":\"http:\\\/\\\/anhthu24h.com\\\/#organization\",\"name\":\"ANH THU 24H\",\"url\":\"http:\\\/\\\/anhthu24h.com\\\/\",\"logo\":{\"@type\":\"ImageObject\",\"inLanguage\":\"vi\",\"@id\":\"http:\\\/\\\/anhthu24h.com\\\/#\\\/schema\\\/logo\\\/image\\\/\",\"url\":\"http:\\\/\\\/anhthu24h.com\\\/wp-content\\\/uploads\\\/2025\\\/10\\\/width_800.png\",\"contentUrl\":\"http:\\\/\\\/anhthu24h.com\\\/wp-content\\\/uploads\\\/2025\\\/10\\\/width_800.png\",\"width\":800,\"height\":800,\"caption\":\"ANH THU 24H\"},\"image\":{\"@id\":\"http:\\\/\\\/anhthu24h.com\\\/#\\\/schema\\\/logo\\\/image\\\/\"}}]}<\/script>\n<!-- \/ Yoast SEO plugin. -->","yoast_head_json":{"title":"SAMSUNG TAB - ANHTHU24H","description":"ANHTHU24H chuy\u00ean thay m\u1eb7t k\u00ednh Samsung Tab (Galaxy Tab) cho t\u1ea5t c\u1ea3 d\u00f2ng Tab A, Tab S, Tab E, Tab Active\u2026 v\u1edbi k\u1ef9 thu\u1eadt vi\u00ean tay ngh\u1ec1 cao, m\u00e1y m\u00f3c \u00e9p k\u00ednh hi\u1ec7n \u0111\u1ea1i, x\u1eed l\u00fd nhanh \u2013 ch\u00ednh x\u00e1c \u2013 an to\u00e0n, gi\u1eef nguy\u00ean m\u00e0n h\u00ecnh zin n\u1ebfu \u0111\u1ee7 \u0111i\u1ec1u ki\u1ec7n.","robots":{"index":"index","follow":"follow","max-snippet":"max-snippet:-1","max-image-preview":"max-image-preview:large","max-video-preview":"max-video-preview:-1"},"canonical":"http:\/\/anhthu24h.com\/?page_id=676","og_locale":"vi_VN","og_type":"article","og_title":"SAMSUNG TAB - ANHTHU24H","og_description":"ANHTHU24H chuy\u00ean thay m\u1eb7t k\u00ednh Samsung Tab (Galaxy Tab) cho t\u1ea5t c\u1ea3 d\u00f2ng Tab A, Tab S, Tab E, Tab Active\u2026 v\u1edbi k\u1ef9 thu\u1eadt vi\u00ean tay ngh\u1ec1 cao, m\u00e1y m\u00f3c \u00e9p k\u00ednh hi\u1ec7n \u0111\u1ea1i, x\u1eed l\u00fd nhanh \u2013 ch\u00ednh x\u00e1c \u2013 an to\u00e0n, gi\u1eef nguy\u00ean m\u00e0n h\u00ecnh zin n\u1ebfu \u0111\u1ee7 \u0111i\u1ec1u ki\u1ec7n.","og_url":"http:\/\/anhthu24h.com\/?page_id=676","og_site_name":"ANHTHU24H","article_modified_time":"2026-01-21T05:23:05+00:00","og_image":[{"width":1200,"height":1200,"url":"http:\/\/anhthu24h.com\/wp-content\/uploads\/2026\/01\/8cb37cb029ec5032c69d762c2d62f2b5.jpg","type":"image\/jpeg"}],"twitter_card":"summary_large_image","twitter_misc":{"\u01af\u1edbc t\u00ednh th\u1eddi gian \u0111\u1ecdc":"3 ph\u00fat"},"schema":{"@context":"https:\/\/schema.org","@graph":[{"@type":"WebPage","@id":"http:\/\/anhthu24h.com\/?page_id=676","url":"http:\/\/anhthu24h.com\/?page_id=676","name":"SAMSUNG TAB - ANHTHU24H","isPartOf":{"@id":"http:\/\/anhthu24h.com\/#website"},"primaryImageOfPage":{"@id":"http:\/\/anhthu24h.com\/?page_id=676#primaryimage"},"image":{"@id":"http:\/\/anhthu24h.com\/?page_id=676#primaryimage"},"thumbnailUrl":"http:\/\/anhthu24h.com\/wp-content\/uploads\/2026\/01\/8cb37cb029ec5032c69d762c2d62f2b5.jpg","datePublished":"2026-01-20T04:50:16+00:00","dateModified":"2026-01-21T05:23:05+00:00","description":"ANHTHU24H chuy\u00ean thay m\u1eb7t k\u00ednh Samsung Tab (Galaxy Tab) cho t\u1ea5t c\u1ea3 d\u00f2ng Tab A, Tab S, Tab E, Tab Active\u2026 v\u1edbi k\u1ef9 thu\u1eadt vi\u00ean tay ngh\u1ec1 cao, m\u00e1y m\u00f3c \u00e9p k\u00ednh hi\u1ec7n \u0111\u1ea1i, x\u1eed l\u00fd nhanh \u2013 ch\u00ednh x\u00e1c \u2013 an to\u00e0n, gi\u1eef nguy\u00ean m\u00e0n h\u00ecnh zin n\u1ebfu \u0111\u1ee7 \u0111i\u1ec1u ki\u1ec7n.","breadcrumb":{"@id":"http:\/\/anhthu24h.com\/?page_id=676#breadcrumb"},"inLanguage":"vi","potentialAction":[{"@type":"ReadAction","target":["http:\/\/anhthu24h.com\/?page_id=676"]}]},{"@type":"ImageObject","inLanguage":"vi","@id":"http:\/\/anhthu24h.com\/?page_id=676#primaryimage","url":"http:\/\/anhthu24h.com\/wp-content\/uploads\/2026\/01\/8cb37cb029ec5032c69d762c2d62f2b5.jpg","contentUrl":"http:\/\/anhthu24h.com\/wp-content\/uploads\/2026\/01\/8cb37cb029ec5032c69d762c2d62f2b5.jpg","width":1200,"height":1200,"caption":"Version 1.0.0"},{"@type":"BreadcrumbList","@id":"http:\/\/anhthu24h.com\/?page_id=676#breadcrumb","itemListElement":[{"@type":"ListItem","position":1,"name":"Trang ch\u1ee7","item":"http:\/\/anhthu24h.com\/"},{"@type":"ListItem","position":2,"name":"SAMSUNG TAB"}]},{"@type":"WebSite","@id":"http:\/\/anhthu24h.com\/#website","url":"http:\/\/anhthu24h.com\/","name":"ANH THU 24H","description":"Gi\u1ea3i Ph&aacute;p S\u1eeda ch\u1eefa \u0110i\u1ec7n Tho\u1ea1i  ","publisher":{"@id":"http:\/\/anhthu24h.com\/#organization"},"potentialAction":[{"@type":"SearchAction","target":{"@type":"EntryPoint","urlTemplate":"http:\/\/anhthu24h.com\/?s={search_term_string}"},"query-input":{"@type":"PropertyValueSpecification","valueRequired":true,"valueName":"search_term_string"}}],"inLanguage":"vi"},{"@type":"Organization","@id":"http:\/\/anhthu24h.com\/#organization","name":"ANH THU 24H","url":"http:\/\/anhthu24h.com\/","logo":{"@type":"ImageObject","inLanguage":"vi","@id":"http:\/\/anhthu24h.com\/#\/schema\/logo\/image\/","url":"http:\/\/anhthu24h.com\/wp-content\/uploads\/2025\/10\/width_800.png","contentUrl":"http:\/\/anhthu24h.com\/wp-content\/uploads\/2025\/10\/width_800.png","width":800,"height":800,"caption":"ANH THU 24H"},"image":{"@id":"http:\/\/anhthu24h.com\/#\/schema\/logo\/image\/"}}]}},"_links":{"self":[{"href":"http:\/\/anhthu24h.com\/index.php?rest_route=\/wp\/v2\/pages\/676","targetHints":{"allow":["GET"]}}],"collection":[{"href":"http:\/\/anhthu24h.com\/index.php?rest_route=\/wp\/v2\/pages"}],"about":[{"href":"http:\/\/anhthu24h.com\/index.php?rest_route=\/wp\/v2\/types\/page"}],"author":[{"embeddable":true,"href":"http:\/\/anhthu24h.com\/index.php?rest_route=\/wp\/v2\/users\/1"}],"replies":[{"embeddable":true,"href":"http:\/\/anhthu24h.com\/index.php?rest_route=%2Fwp%2Fv2%2Fcomments&post=676"}],"version-history":[{"count":2,"href":"http:\/\/anhthu24h.com\/index.php?rest_route=\/wp\/v2\/pages\/676\/revisions"}],"predecessor-version":[{"id":774,"href":"http:\/\/anhthu24h.com\/index.php?rest_route=\/wp\/v2\/pages\/676\/revisions\/774"}],"wp:featuredmedia":[{"embeddable":true,"href":"http:\/\/anhthu24h.com\/index.php?rest_route=\/wp\/v2\/media\/680"}],"wp:attachment":[{"href":"http:\/\/anhthu24h.com\/index.php?rest_route=%2Fwp%2Fv2%2Fmedia&parent=676"}],"curies":[{"name":"wp","href":"https:\/\/api.w.org\/{rel}","templated":true}]}}