{"id":682,"date":"2026-01-20T14:21:27","date_gmt":"2026-01-20T07:21:27","guid":{"rendered":"http:\/\/anhthu24h.com\/?page_id=682"},"modified":"2026-02-01T11:48:29","modified_gmt":"2026-02-01T04:48:29","slug":"samsung-2","status":"publish","type":"page","link":"http:\/\/anhthu24h.com\/?page_id=682","title":{"rendered":"SAMSUNG"},"content":{"rendered":"\n<h3 class=\"wp-block-heading has-system-serif-font-family\">B\u1ea2NG GI\u00c1 S\u1eecA CH\u1eeeA SAMSUNG<\/h3>\n\n\n\n<p>\ud83d\udccc <strong><mark style=\"background-color:rgba(0, 0, 0, 0)\" class=\"has-inline-color has-primary-color\">SAMSUNG Z FLIP \u2013 THAY C\u00c1P G\u1eacP<\/mark><\/strong><br>\u2022 Z Flip 3<br>Thay c\u00e1p g\u1eadp: 700K<br>EK MH ngo\u00e0i : 500k<\/p>\n\n\n\n<p>\u2022 Z Flip 4<br>Thay c\u00e1p g\u1eadp: 700K<br>EK MH ngo\u00e0i : 500k<\/p>\n\n\n\n<p>\u2022 Z Flip 5<br>Thay c\u00e1p g\u1eadp: 900K<br>EK MH ngo\u00e0i : 600k<\/p>\n\n\n\n<p>\u2022 Z Flip 6<br>Thay c\u00e1p g\u1eadp: 900K<br>EK MH ngo\u00e0i : 700k<\/p>\n\n\n\n<p>\u2022 Z Flip 7<br>Thay c\u00e1p g\u1eadp: 1.400k<br>EK MH ngo\u00e0i : 900k<\/p>\n\n\n\n<hr class=\"wp-block-separator has-alpha-channel-opacity\"\/>\n\n\n\n<p>\ud83d\udccc<mark style=\"background-color:rgba(0, 0, 0, 0)\" class=\"has-inline-color has-primary-color\"> <strong>SAMSUNG Z FOLD \u2013 THAY C\u00c1P G\u1eacP<\/strong><\/mark><br>\u2022 Z Fold 3<br>Thay c\u00e1p g\u1eadp: 1.000K<br>EK MH ngo\u00e0i : 500k<\/p>\n\n\n\n<p>\u2022 Z Fold 4<br>Thay c\u00e1p g\u1eadp: 1.000K<br>EK MH ngo\u00e0i : 500k<\/p>\n\n\n\n<p>\u2022 Z Fold 5<br>Thay c\u00e1p g\u1eadp: 1.200K<br>EK MH ngo\u00e0i : 600k<\/p>\n\n\n\n<p>\u2022 Z Fold 6<br>Thay c\u00e1p g\u1eadp: 1.400K<br>EK MH ngo\u00e0i : 700k<\/p>\n\n\n\n<p>\u2022 Z Fold 7<br>Thay c\u00e1p g\u1eadp: 1.500K<br>EK MH ngo\u00e0i : 800k<\/p>\n\n\n\n<hr class=\"wp-block-separator has-alpha-channel-opacity\"\/>\n\n\n\n<p>\ud83d\udccc <strong><mark style=\"background-color:rgba(0, 0, 0, 0)\" class=\"has-inline-color has-primary-color\">SAMSUNG \u00c9P C\u1ed4 C\u00c1P \u2013 IC K\u00cdNH<\/mark><\/strong><\/p>\n\n\n\n<p>\ud83d\udd39IC K\u00cdNH S22ULTRA : 1.200K<\/p>\n\n\n\n<p><br>\ud83d\udd39 \u00c9p C\u00e1p D\u00f2ng Note<br>Note 8 \/ Note 9 \/ Note 10 \/ Note 20 : 600<br>Note 10 Plus \/ Note 10 Lite \/ Note 20 Ultra \/ Note 20 Plus : 800<\/p>\n\n\n\n<p>\ud83d\udd39 \u00c9p C\u00e1p D\u00f2ng S8 \u2013 S9<br>S8 \/ S9 : 600<br>S8 Plus \/ S9 Plus : 700<\/p>\n\n\n\n<p>\ud83d\udd39 \u00c9p C\u00e1p D\u00f2ng S10<br>S10e \/ S10 Lite : 700<br>S10 Plus \/ S10-5G \/ S10 Lite : 800<\/p>\n\n\n\n<p>\ud83d\udd39 \u00c9p C\u00e1p D\u00f2ng S20<br>S20 \/ S20 FE : 600<br>S20 Plus \/ S20 Ultra : 800<\/p>\n\n\n\n<p>\ud83d\udd39 \u00c9p C\u00e1p D\u00f2ng S21<br>S21 \/ S21 FE : 600<br>S21 Plus \/ S21 Ultra : 800<\/p>\n\n\n\n<p>\ud83d\udd39 \u00c9p C\u00e1p D\u00f2ng S22<br>S22 : 600<br>S22 Plus \/ S22 Ultra : 800<\/p>\n\n\n\n<p>\ud83d\udd39 \u00c9p C\u00e1p D\u00f2ng S23<br>S23 : 700<br>S23 Plus \/ S23 Ultra : 800k<\/p>\n\n\n\n<p>\ud83d\udd39 \u00c9p C\u00e1p D\u00f2ng S24<br>S24 \/ S24 FE : 700<br>S24 Plus \/ S24 Ultra : 800<\/p>\n\n\n\n<p>\ud83d\udd39 \u00c9p C\u00e1p D\u00f2ng S25<br>S25 : 700<br>S25 Plus \/ S25 Ultra : 900<\/p>\n\n\n\n<hr class=\"wp-block-separator has-alpha-channel-opacity\"\/>\n\n\n\n<p>\ud83d\udccc<mark style=\"background-color:rgba(0, 0, 0, 0)\" class=\"has-inline-color has-primary-color\"> <strong>SAMSUNG NOTE \u2013 \u00c9P K\u00cdNH<\/strong><\/mark><br>Note 8 \u00c9p k\u00ednh: 700<br>Note 9 \u00c9p k\u00ednh: 700<br>Note 10 \u00c9p k\u00ednh: 850<br>Note 10 Plus \u00c9p k\u00ednh: 850<br>Note 10 Lite \u00c9p k\u00ednh: 450<br>Note 20 \u00c9p k\u00ednh: 600<br>Note 20 Ultra \/ Note 20 Plus \u00c9p k\u00ednh: 900<\/p>\n\n\n\n<hr class=\"wp-block-separator has-alpha-channel-opacity\"\/>\n\n\n\n<p>\ud83d\udccc <strong><mark style=\"background-color:rgba(0, 0, 0, 0)\" class=\"has-inline-color has-primary-color\">SAMSUNG S \u2013 \u00c9P K\u00cdNH<\/mark><\/strong><\/p>\n\n\n\n<p>\ud83d\udd39 D\u00f2ng S8 \u2013 S9<br>S8 \u00c9p k\u00ednh: 600<br>S8 Plus \u00c9p k\u00ednh: 650<br>S9 \u00c9p k\u00ednh: 700<br>S9 Plus \u00c9p k\u00ednh: 750<\/p>\n\n\n\n<p>\ud83d\udd39 D\u00f2ng S10<br>S10e \/ G970 \u00c9p k\u00ednh: 600<br>S10 \/ G973 \u00c9p k\u00ednh: 800<br>S10 Plus \/ G975 \u00c9p k\u00ednh: 800<br>S10 5G \u00c9p k\u00ednh: 600<br>S10 Lite \u00c9p k\u00ednh: 500<\/p>\n\n\n\n<p>\ud83d\udd39 D\u00f2ng S20<br>S20 \u00c9p k\u00ednh: 850<br>S20 Plus \/ G986 \/ A82 \u00c9p k\u00ednh: 850<br>S20 Ultra \u00c9p k\u00ednh: 900<br>S20 FE \/ G781 (th\u1eb3ng) \u00c9p k\u00ednh: 400<\/p>\n\n\n\n<p>\ud83d\udd39 D\u00f2ng S21<br>S21 (th\u1eb3ng) \u00c9p k\u00ednh: 600<br>S21 FE \/ G990 (th\u1eb3ng) \u00c9p k\u00ednh: 500<br>S21 Plus \/ G966 (th\u1eb3ng) \u00c9p k\u00ednh: 600<br>S21 Ultra (cong) \u00c9p k\u00ednh: 850<\/p>\n\n\n\n<p>\ud83d\udd39 D\u00f2ng S22<br>S22 (th\u1eb3ng) \u00c9p k\u00ednh: 600<br>S22 Plus (th\u1eb3ng) \u00c9p k\u00ednh: 800<br>S22 Ultra (cong) \u00c9p k\u00ednh: 850<\/p>\n\n\n\n<p>\ud83d\udd39 D\u00f2ng S23<br>S23 \u00c9p k\u00ednh: 600<br>S23 Plus \u00c9p k\u00ednh: 900<br>S23 Ultra \/ S918 (cong) \u00c9p k\u00ednh: 900<\/p>\n\n\n\n<p>\ud83d\udd39 D\u00f2ng S24<br>S24 \/ S921 (th\u1eb3ng) \u00c9p k\u00ednh: 500<br>S24 Plus (th\u1eb3ng) \u00c9p k\u00ednh: 600<br>S24 FE \u00c9p k\u00ednh: 450<br>S24 Ultra (th\u1eb3ng) \u00c9p k\u00ednh: 800<\/p>\n\n\n\n<p>\ud83d\udd39 D\u00f2ng S25<br>S25 \u00c9p k\u00ednh: 500<br>S25 Plus \u00c9p k\u00ednh: 700<br>S25 Ultra \u00c9p k\u00ednh: 1.200<\/p>\n","protected":false},"excerpt":{"rendered":"<p>B\u1ea2NG GI\u00c1 S\u1eecA CH\u1eeeA SAMSUNG \ud83d\udccc SAMSUNG Z FLIP \u2013 THAY C\u00c1P G\u1eacP\u2022 Z Flip 3Thay c\u00e1p g\u1eadp: 700KEK MH ngo\u00e0i : 500k \u2022 Z Flip 4Thay c\u00e1p g\u1eadp: 700KEK MH ngo\u00e0i : 500k \u2022 Z Flip 5Thay c\u00e1p g\u1eadp: 900KEK MH ngo\u00e0i : 600k \u2022 Z Flip 6Thay c\u00e1p g\u1eadp: 900KEK MH ngo\u00e0i : [&hellip;]<\/p>\n","protected":false},"author":1,"featured_media":855,"parent":0,"menu_order":0,"comment_status":"closed","ping_status":"closed","template":"","meta":{"footnotes":""},"class_list":["post-682","page","type-page","status-publish","has-post-thumbnail","hentry"],"yoast_head":"<!-- This site is optimized with the Yoast SEO plugin v27.5 - https:\/\/yoast.com\/product\/yoast-seo-wordpress\/ -->\n<title>SAMSUNG - ANHTHU24H<\/title>\n<meta name=\"description\" content=\"ANHTHU24H NH\u1eacN s\u1eeda ch\u1eefa Samsung chuy\u00ean s\u00e2u: \u00e9p k\u00ednh, \u00e9p c\u00e1p, thay c\u00e1p g\u1eadp Z Flip \u2013 Z Fold, x\u1eed l\u00fd l\u1ed7i c\u1ed5 c\u00e1p \u2013 IC k\u00ednh c\u00e1c d\u00f2ng Note, S, Ultra. L\u00e0m nhanh, gi\u00e1 r\u00f5 r\u00e0ng, b\u1ea3o h\u00e0nh uy t\u00edn.\" \/>\n<meta name=\"robots\" content=\"index, follow, max-snippet:-1, max-image-preview:large, max-video-preview:-1\" \/>\n<link rel=\"canonical\" href=\"http:\/\/anhthu24h.com\/?page_id=682\" \/>\n<meta property=\"og:locale\" content=\"vi_VN\" \/>\n<meta property=\"og:type\" content=\"article\" \/>\n<meta property=\"og:title\" content=\"SAMSUNG - ANHTHU24H\" \/>\n<meta property=\"og:description\" content=\"ANHTHU24H NH\u1eacN s\u1eeda ch\u1eefa Samsung chuy\u00ean s\u00e2u: \u00e9p k\u00ednh, \u00e9p c\u00e1p, thay c\u00e1p g\u1eadp Z Flip \u2013 Z Fold, x\u1eed l\u00fd l\u1ed7i c\u1ed5 c\u00e1p \u2013 IC k\u00ednh c\u00e1c d\u00f2ng Note, S, Ultra. L\u00e0m nhanh, gi\u00e1 r\u00f5 r\u00e0ng, b\u1ea3o h\u00e0nh uy t\u00edn.\" \/>\n<meta property=\"og:url\" content=\"http:\/\/anhthu24h.com\/?page_id=682\" \/>\n<meta property=\"og:site_name\" content=\"ANHTHU24H\" \/>\n<meta property=\"article:modified_time\" content=\"2026-02-01T04:48:29+00:00\" \/>\n<meta property=\"og:image\" content=\"http:\/\/anhthu24h.com\/wp-content\/uploads\/2026\/01\/1e60ff92440eb862ec3245bb1767f7ea.jpg\" \/>\n\t<meta property=\"og:image:width\" content=\"1200\" \/>\n\t<meta property=\"og:image:height\" content=\"675\" \/>\n\t<meta property=\"og:image:type\" content=\"image\/jpeg\" \/>\n<meta name=\"twitter:card\" content=\"summary_large_image\" \/>\n<meta name=\"twitter:label1\" content=\"\u01af\u1edbc t\u00ednh th\u1eddi gian \u0111\u1ecdc\" \/>\n\t<meta name=\"twitter:data1\" content=\"4 ph\u00fat\" \/>\n<script type=\"application\/ld+json\" class=\"yoast-schema-graph\">{\"@context\":\"https:\\\/\\\/schema.org\",\"@graph\":[{\"@type\":\"WebPage\",\"@id\":\"http:\\\/\\\/anhthu24h.com\\\/?page_id=682\",\"url\":\"http:\\\/\\\/anhthu24h.com\\\/?page_id=682\",\"name\":\"SAMSUNG - ANHTHU24H\",\"isPartOf\":{\"@id\":\"http:\\\/\\\/anhthu24h.com\\\/#website\"},\"primaryImageOfPage\":{\"@id\":\"http:\\\/\\\/anhthu24h.com\\\/?page_id=682#primaryimage\"},\"image\":{\"@id\":\"http:\\\/\\\/anhthu24h.com\\\/?page_id=682#primaryimage\"},\"thumbnailUrl\":\"http:\\\/\\\/anhthu24h.com\\\/wp-content\\\/uploads\\\/2026\\\/01\\\/1e60ff92440eb862ec3245bb1767f7ea.jpg\",\"datePublished\":\"2026-01-20T07:21:27+00:00\",\"dateModified\":\"2026-02-01T04:48:29+00:00\",\"description\":\"ANHTHU24H NH\u1eacN s\u1eeda ch\u1eefa Samsung chuy\u00ean s\u00e2u: \u00e9p k\u00ednh, \u00e9p c\u00e1p, thay c\u00e1p g\u1eadp Z Flip \u2013 Z Fold, x\u1eed l\u00fd l\u1ed7i c\u1ed5 c\u00e1p \u2013 IC k\u00ednh c\u00e1c d\u00f2ng Note, S, Ultra. L\u00e0m nhanh, gi\u00e1 r\u00f5 r\u00e0ng, b\u1ea3o h\u00e0nh uy t\u00edn.\",\"breadcrumb\":{\"@id\":\"http:\\\/\\\/anhthu24h.com\\\/?page_id=682#breadcrumb\"},\"inLanguage\":\"vi\",\"potentialAction\":[{\"@type\":\"ReadAction\",\"target\":[\"http:\\\/\\\/anhthu24h.com\\\/?page_id=682\"]}]},{\"@type\":\"ImageObject\",\"inLanguage\":\"vi\",\"@id\":\"http:\\\/\\\/anhthu24h.com\\\/?page_id=682#primaryimage\",\"url\":\"http:\\\/\\\/anhthu24h.com\\\/wp-content\\\/uploads\\\/2026\\\/01\\\/1e60ff92440eb862ec3245bb1767f7ea.jpg\",\"contentUrl\":\"http:\\\/\\\/anhthu24h.com\\\/wp-content\\\/uploads\\\/2026\\\/01\\\/1e60ff92440eb862ec3245bb1767f7ea.jpg\",\"width\":1200,\"height\":675},{\"@type\":\"BreadcrumbList\",\"@id\":\"http:\\\/\\\/anhthu24h.com\\\/?page_id=682#breadcrumb\",\"itemListElement\":[{\"@type\":\"ListItem\",\"position\":1,\"name\":\"Trang ch\u1ee7\",\"item\":\"http:\\\/\\\/anhthu24h.com\\\/\"},{\"@type\":\"ListItem\",\"position\":2,\"name\":\"SAMSUNG\"}]},{\"@type\":\"WebSite\",\"@id\":\"http:\\\/\\\/anhthu24h.com\\\/#website\",\"url\":\"http:\\\/\\\/anhthu24h.com\\\/\",\"name\":\"ANH THU 24H\",\"description\":\"Gi\u1ea3i Ph&aacute;p S\u1eeda ch\u1eefa \u0110i\u1ec7n Tho\u1ea1i  \",\"publisher\":{\"@id\":\"http:\\\/\\\/anhthu24h.com\\\/#organization\"},\"potentialAction\":[{\"@type\":\"SearchAction\",\"target\":{\"@type\":\"EntryPoint\",\"urlTemplate\":\"http:\\\/\\\/anhthu24h.com\\\/?s={search_term_string}\"},\"query-input\":{\"@type\":\"PropertyValueSpecification\",\"valueRequired\":true,\"valueName\":\"search_term_string\"}}],\"inLanguage\":\"vi\"},{\"@type\":\"Organization\",\"@id\":\"http:\\\/\\\/anhthu24h.com\\\/#organization\",\"name\":\"ANH THU 24H\",\"url\":\"http:\\\/\\\/anhthu24h.com\\\/\",\"logo\":{\"@type\":\"ImageObject\",\"inLanguage\":\"vi\",\"@id\":\"http:\\\/\\\/anhthu24h.com\\\/#\\\/schema\\\/logo\\\/image\\\/\",\"url\":\"http:\\\/\\\/anhthu24h.com\\\/wp-content\\\/uploads\\\/2025\\\/10\\\/width_800.png\",\"contentUrl\":\"http:\\\/\\\/anhthu24h.com\\\/wp-content\\\/uploads\\\/2025\\\/10\\\/width_800.png\",\"width\":800,\"height\":800,\"caption\":\"ANH THU 24H\"},\"image\":{\"@id\":\"http:\\\/\\\/anhthu24h.com\\\/#\\\/schema\\\/logo\\\/image\\\/\"}}]}<\/script>\n<!-- \/ Yoast SEO plugin. -->","yoast_head_json":{"title":"SAMSUNG - ANHTHU24H","description":"ANHTHU24H NH\u1eacN s\u1eeda ch\u1eefa Samsung chuy\u00ean s\u00e2u: \u00e9p k\u00ednh, \u00e9p c\u00e1p, thay c\u00e1p g\u1eadp Z Flip \u2013 Z Fold, x\u1eed l\u00fd l\u1ed7i c\u1ed5 c\u00e1p \u2013 IC k\u00ednh c\u00e1c d\u00f2ng Note, S, Ultra. L\u00e0m nhanh, gi\u00e1 r\u00f5 r\u00e0ng, b\u1ea3o h\u00e0nh uy t\u00edn.","robots":{"index":"index","follow":"follow","max-snippet":"max-snippet:-1","max-image-preview":"max-image-preview:large","max-video-preview":"max-video-preview:-1"},"canonical":"http:\/\/anhthu24h.com\/?page_id=682","og_locale":"vi_VN","og_type":"article","og_title":"SAMSUNG - ANHTHU24H","og_description":"ANHTHU24H NH\u1eacN s\u1eeda ch\u1eefa Samsung chuy\u00ean s\u00e2u: \u00e9p k\u00ednh, \u00e9p c\u00e1p, thay c\u00e1p g\u1eadp Z Flip \u2013 Z Fold, x\u1eed l\u00fd l\u1ed7i c\u1ed5 c\u00e1p \u2013 IC k\u00ednh c\u00e1c d\u00f2ng Note, S, Ultra. L\u00e0m nhanh, gi\u00e1 r\u00f5 r\u00e0ng, b\u1ea3o h\u00e0nh uy t\u00edn.","og_url":"http:\/\/anhthu24h.com\/?page_id=682","og_site_name":"ANHTHU24H","article_modified_time":"2026-02-01T04:48:29+00:00","og_image":[{"width":1200,"height":675,"url":"http:\/\/anhthu24h.com\/wp-content\/uploads\/2026\/01\/1e60ff92440eb862ec3245bb1767f7ea.jpg","type":"image\/jpeg"}],"twitter_card":"summary_large_image","twitter_misc":{"\u01af\u1edbc t\u00ednh th\u1eddi gian \u0111\u1ecdc":"4 ph\u00fat"},"schema":{"@context":"https:\/\/schema.org","@graph":[{"@type":"WebPage","@id":"http:\/\/anhthu24h.com\/?page_id=682","url":"http:\/\/anhthu24h.com\/?page_id=682","name":"SAMSUNG - ANHTHU24H","isPartOf":{"@id":"http:\/\/anhthu24h.com\/#website"},"primaryImageOfPage":{"@id":"http:\/\/anhthu24h.com\/?page_id=682#primaryimage"},"image":{"@id":"http:\/\/anhthu24h.com\/?page_id=682#primaryimage"},"thumbnailUrl":"http:\/\/anhthu24h.com\/wp-content\/uploads\/2026\/01\/1e60ff92440eb862ec3245bb1767f7ea.jpg","datePublished":"2026-01-20T07:21:27+00:00","dateModified":"2026-02-01T04:48:29+00:00","description":"ANHTHU24H NH\u1eacN s\u1eeda ch\u1eefa Samsung chuy\u00ean s\u00e2u: \u00e9p k\u00ednh, \u00e9p c\u00e1p, thay c\u00e1p g\u1eadp Z Flip \u2013 Z Fold, x\u1eed l\u00fd l\u1ed7i c\u1ed5 c\u00e1p \u2013 IC k\u00ednh c\u00e1c d\u00f2ng Note, S, Ultra. L\u00e0m nhanh, gi\u00e1 r\u00f5 r\u00e0ng, b\u1ea3o h\u00e0nh uy t\u00edn.","breadcrumb":{"@id":"http:\/\/anhthu24h.com\/?page_id=682#breadcrumb"},"inLanguage":"vi","potentialAction":[{"@type":"ReadAction","target":["http:\/\/anhthu24h.com\/?page_id=682"]}]},{"@type":"ImageObject","inLanguage":"vi","@id":"http:\/\/anhthu24h.com\/?page_id=682#primaryimage","url":"http:\/\/anhthu24h.com\/wp-content\/uploads\/2026\/01\/1e60ff92440eb862ec3245bb1767f7ea.jpg","contentUrl":"http:\/\/anhthu24h.com\/wp-content\/uploads\/2026\/01\/1e60ff92440eb862ec3245bb1767f7ea.jpg","width":1200,"height":675},{"@type":"BreadcrumbList","@id":"http:\/\/anhthu24h.com\/?page_id=682#breadcrumb","itemListElement":[{"@type":"ListItem","position":1,"name":"Trang ch\u1ee7","item":"http:\/\/anhthu24h.com\/"},{"@type":"ListItem","position":2,"name":"SAMSUNG"}]},{"@type":"WebSite","@id":"http:\/\/anhthu24h.com\/#website","url":"http:\/\/anhthu24h.com\/","name":"ANH THU 24H","description":"Gi\u1ea3i Ph&aacute;p S\u1eeda ch\u1eefa \u0110i\u1ec7n Tho\u1ea1i  ","publisher":{"@id":"http:\/\/anhthu24h.com\/#organization"},"potentialAction":[{"@type":"SearchAction","target":{"@type":"EntryPoint","urlTemplate":"http:\/\/anhthu24h.com\/?s={search_term_string}"},"query-input":{"@type":"PropertyValueSpecification","valueRequired":true,"valueName":"search_term_string"}}],"inLanguage":"vi"},{"@type":"Organization","@id":"http:\/\/anhthu24h.com\/#organization","name":"ANH THU 24H","url":"http:\/\/anhthu24h.com\/","logo":{"@type":"ImageObject","inLanguage":"vi","@id":"http:\/\/anhthu24h.com\/#\/schema\/logo\/image\/","url":"http:\/\/anhthu24h.com\/wp-content\/uploads\/2025\/10\/width_800.png","contentUrl":"http:\/\/anhthu24h.com\/wp-content\/uploads\/2025\/10\/width_800.png","width":800,"height":800,"caption":"ANH THU 24H"},"image":{"@id":"http:\/\/anhthu24h.com\/#\/schema\/logo\/image\/"}}]}},"_links":{"self":[{"href":"http:\/\/anhthu24h.com\/index.php?rest_route=\/wp\/v2\/pages\/682","targetHints":{"allow":["GET"]}}],"collection":[{"href":"http:\/\/anhthu24h.com\/index.php?rest_route=\/wp\/v2\/pages"}],"about":[{"href":"http:\/\/anhthu24h.com\/index.php?rest_route=\/wp\/v2\/types\/page"}],"author":[{"embeddable":true,"href":"http:\/\/anhthu24h.com\/index.php?rest_route=\/wp\/v2\/users\/1"}],"replies":[{"embeddable":true,"href":"http:\/\/anhthu24h.com\/index.php?rest_route=%2Fwp%2Fv2%2Fcomments&post=682"}],"version-history":[{"count":8,"href":"http:\/\/anhthu24h.com\/index.php?rest_route=\/wp\/v2\/pages\/682\/revisions"}],"predecessor-version":[{"id":897,"href":"http:\/\/anhthu24h.com\/index.php?rest_route=\/wp\/v2\/pages\/682\/revisions\/897"}],"wp:featuredmedia":[{"embeddable":true,"href":"http:\/\/anhthu24h.com\/index.php?rest_route=\/wp\/v2\/media\/855"}],"wp:attachment":[{"href":"http:\/\/anhthu24h.com\/index.php?rest_route=%2Fwp%2Fv2%2Fmedia&parent=682"}],"curies":[{"name":"wp","href":"https:\/\/api.w.org\/{rel}","templated":true}]}}