{"id":688,"date":"2026-01-20T12:05:49","date_gmt":"2026-01-20T05:05:49","guid":{"rendered":"http:\/\/anhthu24h.com\/?page_id=688"},"modified":"2026-01-21T17:01:08","modified_gmt":"2026-01-21T10:01:08","slug":"vivo","status":"publish","type":"page","link":"http:\/\/anhthu24h.com\/?page_id=688","title":{"rendered":"VIVO"},"content":{"rendered":"\n<h5 class=\"wp-block-heading\">\ud83d\udd39 Thay C\u00e1p G\u1eadp Vivo X Fold <\/h5>\n\n\n\n<p><br>C\u00e1p g\u1eadp <strong>VIVO X FOLD 3<\/strong> (ZIN H\u00c3NG): <strong>3.000k<\/strong><\/p>\n\n\n\n<p>C\u00e1p g\u1eadp <strong>VIVO X FLIP<\/strong> (ZIN H\u00c3NG): <strong>2.800k<\/strong><\/p>\n\n\n\n<p>C\u00e1p g\u1eadp <strong>VIVO X FOLD 2<\/strong> (ZIN H\u00c3NG): <strong>2.800k<\/strong><\/p>\n\n\n\n<p>C\u00e1p g\u1eadp <strong>VIVO X FOLD+<\/strong>: <strong>2.800k<\/strong><\/p>\n\n\n\n<p>C\u00e1p g\u1eadp <strong>VIVO X FOLD<\/strong> (ZIN H\u00c3NG): <strong>2.800k<\/strong><br><br>\ud83d\udcf1 <strong>B\u1ea2NG GI\u00c1 S\u1eecA CH\u1eeeA VIVO<\/strong><br>(\u00c9p k\u00ednh \u2013 \u00c9p c\u1ea3m \u1ee9ng)<\/p>\n\n\n\n<hr class=\"wp-block-separator has-alpha-channel-opacity\"\/>\n\n\n\n<h5 class=\"wp-block-heading\">\ud83d\udd39 Vivo U \/ Z Series<\/h5>\n\n\n\n<ul class=\"wp-block-list\">\n<li>Z5X \/ Z1 Pro \/ Z2X: \u00c9p k\u00ednh <strong>300<\/strong><\/li>\n<\/ul>\n\n\n\n<hr class=\"wp-block-separator has-alpha-channel-opacity\"\/>\n\n\n\n<h5 class=\"wp-block-heading\">\ud83d\udd39 Vivo T \/ S Series<\/h5>\n\n\n\n<ul class=\"wp-block-list\">\n<li>Vivo T1X \/ Y55S 2022 \/ T1-5G \/ Y72T \/ U5 \/ T2X \/ Y35 2022 \/ Y75 4G: \u00c9p k\u00ednh 400<\/li>\n\n\n\n<li>S1 \/ Vivo Y7s \/ V1907: \u00c9p k\u00ednh 350 | Ph\u1ea3n quang 1100<\/li>\n\n\n\n<li>S9 \/ S10 \/ S10 Pro \/ S12 \/ V23 5G (AMOLED): \u00c9p k\u00ednh 600<\/li>\n<\/ul>\n\n\n\n<hr class=\"wp-block-separator has-alpha-channel-opacity\"\/>\n\n\n\n<h5 class=\"wp-block-heading\">\ud83d\udd39 Vivo X Series (cao c\u1ea5p)<\/h5>\n\n\n\n<ul class=\"wp-block-list\">\n<li>X7: \u00c9p k\u00ednh 400<\/li>\n\n\n\n<li>X9: \u00c9p k\u00ednh 450<\/li>\n\n\n\n<li>X60 \/ X60T \/ X60S \/ X70<br>(V2046A \/ V2085A \/ V2059A \/ V2133A \/ V2104): \u00c9p k\u00ednh 700<\/li>\n\n\n\n<li>X60 Pro \/ X60T Pro+ \/ X60 Pro Plus \/ X70 Pro \/ X50 Pro \/ S15 Pro V2046: \u00c9p k\u00ednh 700<\/li>\n\n\n\n<li>X80: \u00c9p k\u00ednh 1600<\/li>\n\n\n\n<li>X80 Pro: \u00c9p k\u00ednh 1700<\/li>\n\n\n\n<li>X90 \/ X90S (cong): \u00c9p k\u00ednh 800<\/li>\n\n\n\n<li>X100 \/ X100 Pro \/ X100S \/ X100S Pro: \u00c9p k\u00ednh 900<\/li>\n\n\n\n<li>X200 Pro (cong): \u00c9p k\u00ednh 800<\/li>\n<\/ul>\n\n\n\n<hr class=\"wp-block-separator has-alpha-channel-opacity\"\/>\n\n\n\n<h5 class=\"wp-block-heading\">\ud83d\udd39 Vivo V Series<\/h5>\n\n\n\n<ul class=\"wp-block-list\">\n<li>V1 \/ V1 Max \/ V3 \/ V3 Max: \u00c9p c\u1ea3m \u1ee9ng 350<\/li>\n\n\n\n<li>V5 \/ V5S \/ V5 Lite \/ V5 Plus: \u00c9p k\u00ednh 350<\/li>\n\n\n\n<li>V7 \/ V7 Plus: \u00c9p k\u00ednh 350<\/li>\n\n\n\n<li>V8: \u00c9p k\u00ednh 400<\/li>\n\n\n\n<li>V9: \u00c9p k\u00ednh 350<\/li>\n\n\n\n<li>V10 \/ V11 \/ V11i: \u00c9p k\u00ednh 350<\/li>\n\n\n\n<li>V15 \/ V15 Pro: \u00c9p k\u00ednh 350 | LK ph\u1ea3n quang 1100<\/li>\n\n\n\n<li>V19 \/ V19 Neo: \u00c9p k\u00ednh 450<\/li>\n\n\n\n<li>V20 \/ V20SE \/ V2025: \u00c9p k\u00ednh 800<\/li>\n\n\n\n<li>V21 5G \/ V25 5G \/ S9E \/ S15E: \u00c9p k\u00ednh 350<\/li>\n\n\n\n<li>V23E: \u00c9p k\u00ednh 400<\/li>\n\n\n\n<li>V25e: \u00c9p k\u00ednh 400<\/li>\n\n\n\n<li>V25 Pro: \u00c9p k\u00ednh 1100<\/li>\n\n\n\n<li>V27e \/ V2237: \u00c9p k\u00ednh 600<\/li>\n\n\n\n<li>V29 \/ V29 5G \/ X90 \/ X90S \/ X90 Pro \/<br>S17 \/ S17 Pro \/ S17T \/ V29 Pro (cong): \u00c9p k\u00ednh 900<\/li>\n\n\n\n<li>V30e (cong): \u00c9p k\u00ednh 1300<\/li>\n\n\n\n<li>V40 5G (cong): \u00c9p k\u00ednh 800<\/li>\n<\/ul>\n\n\n\n<hr class=\"wp-block-separator has-alpha-channel-opacity\"\/>\n\n\n\n<h5 class=\"wp-block-heading\">\ud83d\udd39 Vivo Y Series<\/h5>\n\n\n\n<ul class=\"wp-block-list\">\n<li>Y02S \/ Y03 \/ Y18 \/ Y18e \/ Y20S: \u00c9p k\u00ednh 300<\/li>\n\n\n\n<li>Y21 \/ Y21S \/ Y22 \/ Y22S: \u00c9p k\u00ednh 350<\/li>\n\n\n\n<li>Y12 \/ Y12S \/ Y15 \/ Y16 \/ Y19 \/ Y28 \/ Y36 \/ Y27: \u00c9p k\u00ednh 300 \u2013 350<\/li>\n\n\n\n<li>Y20 \/ Y20A \/ Y20i \/ Y20G \/ Y20T \/ Y30 \/<br>Y30G \/ Y31 \/ Y33S \/ Y53S \/ Y72: \u00c9p k\u00ednh 300 \u2013 400<\/li>\n\n\n\n<li>Y55 2022: \u00c9p k\u00ednh 600<\/li>\n\n\n\n<li>Y51 2020 (6.58&#8243;) \u00c9p k\u00ednh 350<\/li>\n<\/ul>\n","protected":false},"excerpt":{"rendered":"<p>\ud83d\udd39 Thay C\u00e1p G\u1eadp Vivo X Fold C\u00e1p g\u1eadp VIVO X FOLD 3 (ZIN H\u00c3NG): 3.000k C\u00e1p g\u1eadp VIVO X FLIP (ZIN H\u00c3NG): 2.800k C\u00e1p g\u1eadp VIVO X FOLD 2 (ZIN H\u00c3NG): 2.800k C\u00e1p g\u1eadp VIVO X FOLD+: 2.800k C\u00e1p g\u1eadp VIVO X FOLD (ZIN H\u00c3NG): 2.800k \ud83d\udcf1 B\u1ea2NG GI\u00c1 S\u1eecA CH\u1eeeA VIVO(\u00c9p k\u00ednh \u2013 [&hellip;]<\/p>\n","protected":false},"author":1,"featured_media":842,"parent":0,"menu_order":0,"comment_status":"closed","ping_status":"closed","template":"","meta":{"footnotes":""},"class_list":["post-688","page","type-page","status-publish","has-post-thumbnail","hentry"],"yoast_head":"<!-- This site is optimized with the Yoast SEO plugin v27.5 - https:\/\/yoast.com\/product\/yoast-seo-wordpress\/ -->\n<title>VIVO - ANHTHU24H<\/title>\n<meta name=\"description\" content=\"ANHTHU24H chuy\u00ean thay c\u00e1p g\u1eadp c\u00e1c d\u00f2ng vivo xfold ... nguy\u00ean nh\u00e2n x\u1ea3y do 90% g\u00e3y c\u00e1p g\u1eadp li\u00ean h\u1ec7 ngay \u0111\u1ec3 \u0111\u01b0\u1ee3c x\u1eed l\u00fd\" \/>\n<meta name=\"robots\" content=\"index, follow, max-snippet:-1, max-image-preview:large, max-video-preview:-1\" \/>\n<link rel=\"canonical\" href=\"http:\/\/anhthu24h.com\/?page_id=688\" \/>\n<meta property=\"og:locale\" content=\"vi_VN\" \/>\n<meta property=\"og:type\" content=\"article\" \/>\n<meta property=\"og:title\" content=\"VIVO - ANHTHU24H\" \/>\n<meta property=\"og:description\" content=\"ANHTHU24H chuy\u00ean thay c\u00e1p g\u1eadp c\u00e1c d\u00f2ng vivo xfold ... nguy\u00ean nh\u00e2n x\u1ea3y do 90% g\u00e3y c\u00e1p g\u1eadp li\u00ean h\u1ec7 ngay \u0111\u1ec3 \u0111\u01b0\u1ee3c x\u1eed l\u00fd\" \/>\n<meta property=\"og:url\" content=\"http:\/\/anhthu24h.com\/?page_id=688\" \/>\n<meta property=\"og:site_name\" content=\"ANHTHU24H\" \/>\n<meta property=\"article:modified_time\" content=\"2026-01-21T10:01:08+00:00\" \/>\n<meta property=\"og:image\" content=\"http:\/\/anhthu24h.com\/wp-content\/uploads\/2026\/01\/d04f9ad49886df5de2b2ccadb1a77507.jpg\" \/>\n\t<meta property=\"og:image:width\" content=\"1024\" \/>\n\t<meta property=\"og:image:height\" content=\"1024\" \/>\n\t<meta property=\"og:image:type\" content=\"image\/jpeg\" \/>\n<meta name=\"twitter:card\" content=\"summary_large_image\" \/>\n<meta name=\"twitter:label1\" content=\"\u01af\u1edbc t\u00ednh th\u1eddi gian \u0111\u1ecdc\" \/>\n\t<meta name=\"twitter:data1\" content=\"3 ph\u00fat\" \/>\n<script type=\"application\/ld+json\" class=\"yoast-schema-graph\">{\"@context\":\"https:\\\/\\\/schema.org\",\"@graph\":[{\"@type\":\"WebPage\",\"@id\":\"http:\\\/\\\/anhthu24h.com\\\/?page_id=688\",\"url\":\"http:\\\/\\\/anhthu24h.com\\\/?page_id=688\",\"name\":\"VIVO - ANHTHU24H\",\"isPartOf\":{\"@id\":\"http:\\\/\\\/anhthu24h.com\\\/#website\"},\"primaryImageOfPage\":{\"@id\":\"http:\\\/\\\/anhthu24h.com\\\/?page_id=688#primaryimage\"},\"image\":{\"@id\":\"http:\\\/\\\/anhthu24h.com\\\/?page_id=688#primaryimage\"},\"thumbnailUrl\":\"http:\\\/\\\/anhthu24h.com\\\/wp-content\\\/uploads\\\/2026\\\/01\\\/d04f9ad49886df5de2b2ccadb1a77507.jpg\",\"datePublished\":\"2026-01-20T05:05:49+00:00\",\"dateModified\":\"2026-01-21T10:01:08+00:00\",\"description\":\"ANHTHU24H chuy\u00ean thay c\u00e1p g\u1eadp c\u00e1c d\u00f2ng vivo xfold ... nguy\u00ean nh\u00e2n x\u1ea3y do 90% g\u00e3y c\u00e1p g\u1eadp li\u00ean h\u1ec7 ngay \u0111\u1ec3 \u0111\u01b0\u1ee3c x\u1eed l\u00fd\",\"breadcrumb\":{\"@id\":\"http:\\\/\\\/anhthu24h.com\\\/?page_id=688#breadcrumb\"},\"inLanguage\":\"vi\",\"potentialAction\":[{\"@type\":\"ReadAction\",\"target\":[\"http:\\\/\\\/anhthu24h.com\\\/?page_id=688\"]}]},{\"@type\":\"ImageObject\",\"inLanguage\":\"vi\",\"@id\":\"http:\\\/\\\/anhthu24h.com\\\/?page_id=688#primaryimage\",\"url\":\"http:\\\/\\\/anhthu24h.com\\\/wp-content\\\/uploads\\\/2026\\\/01\\\/d04f9ad49886df5de2b2ccadb1a77507.jpg\",\"contentUrl\":\"http:\\\/\\\/anhthu24h.com\\\/wp-content\\\/uploads\\\/2026\\\/01\\\/d04f9ad49886df5de2b2ccadb1a77507.jpg\",\"width\":1024,\"height\":1024},{\"@type\":\"BreadcrumbList\",\"@id\":\"http:\\\/\\\/anhthu24h.com\\\/?page_id=688#breadcrumb\",\"itemListElement\":[{\"@type\":\"ListItem\",\"position\":1,\"name\":\"Trang ch\u1ee7\",\"item\":\"http:\\\/\\\/anhthu24h.com\\\/\"},{\"@type\":\"ListItem\",\"position\":2,\"name\":\"VIVO\"}]},{\"@type\":\"WebSite\",\"@id\":\"http:\\\/\\\/anhthu24h.com\\\/#website\",\"url\":\"http:\\\/\\\/anhthu24h.com\\\/\",\"name\":\"ANH THU 24H\",\"description\":\"Gi\u1ea3i Ph&aacute;p S\u1eeda ch\u1eefa \u0110i\u1ec7n Tho\u1ea1i  \",\"publisher\":{\"@id\":\"http:\\\/\\\/anhthu24h.com\\\/#organization\"},\"potentialAction\":[{\"@type\":\"SearchAction\",\"target\":{\"@type\":\"EntryPoint\",\"urlTemplate\":\"http:\\\/\\\/anhthu24h.com\\\/?s={search_term_string}\"},\"query-input\":{\"@type\":\"PropertyValueSpecification\",\"valueRequired\":true,\"valueName\":\"search_term_string\"}}],\"inLanguage\":\"vi\"},{\"@type\":\"Organization\",\"@id\":\"http:\\\/\\\/anhthu24h.com\\\/#organization\",\"name\":\"ANH THU 24H\",\"url\":\"http:\\\/\\\/anhthu24h.com\\\/\",\"logo\":{\"@type\":\"ImageObject\",\"inLanguage\":\"vi\",\"@id\":\"http:\\\/\\\/anhthu24h.com\\\/#\\\/schema\\\/logo\\\/image\\\/\",\"url\":\"http:\\\/\\\/anhthu24h.com\\\/wp-content\\\/uploads\\\/2025\\\/10\\\/width_800.png\",\"contentUrl\":\"http:\\\/\\\/anhthu24h.com\\\/wp-content\\\/uploads\\\/2025\\\/10\\\/width_800.png\",\"width\":800,\"height\":800,\"caption\":\"ANH THU 24H\"},\"image\":{\"@id\":\"http:\\\/\\\/anhthu24h.com\\\/#\\\/schema\\\/logo\\\/image\\\/\"}}]}<\/script>\n<!-- \/ Yoast SEO plugin. -->","yoast_head_json":{"title":"VIVO - ANHTHU24H","description":"ANHTHU24H chuy\u00ean thay c\u00e1p g\u1eadp c\u00e1c d\u00f2ng vivo xfold ... nguy\u00ean nh\u00e2n x\u1ea3y do 90% g\u00e3y c\u00e1p g\u1eadp li\u00ean h\u1ec7 ngay \u0111\u1ec3 \u0111\u01b0\u1ee3c x\u1eed l\u00fd","robots":{"index":"index","follow":"follow","max-snippet":"max-snippet:-1","max-image-preview":"max-image-preview:large","max-video-preview":"max-video-preview:-1"},"canonical":"http:\/\/anhthu24h.com\/?page_id=688","og_locale":"vi_VN","og_type":"article","og_title":"VIVO - ANHTHU24H","og_description":"ANHTHU24H chuy\u00ean thay c\u00e1p g\u1eadp c\u00e1c d\u00f2ng vivo xfold ... nguy\u00ean nh\u00e2n x\u1ea3y do 90% g\u00e3y c\u00e1p g\u1eadp li\u00ean h\u1ec7 ngay \u0111\u1ec3 \u0111\u01b0\u1ee3c x\u1eed l\u00fd","og_url":"http:\/\/anhthu24h.com\/?page_id=688","og_site_name":"ANHTHU24H","article_modified_time":"2026-01-21T10:01:08+00:00","og_image":[{"width":1024,"height":1024,"url":"http:\/\/anhthu24h.com\/wp-content\/uploads\/2026\/01\/d04f9ad49886df5de2b2ccadb1a77507.jpg","type":"image\/jpeg"}],"twitter_card":"summary_large_image","twitter_misc":{"\u01af\u1edbc t\u00ednh th\u1eddi gian \u0111\u1ecdc":"3 ph\u00fat"},"schema":{"@context":"https:\/\/schema.org","@graph":[{"@type":"WebPage","@id":"http:\/\/anhthu24h.com\/?page_id=688","url":"http:\/\/anhthu24h.com\/?page_id=688","name":"VIVO - ANHTHU24H","isPartOf":{"@id":"http:\/\/anhthu24h.com\/#website"},"primaryImageOfPage":{"@id":"http:\/\/anhthu24h.com\/?page_id=688#primaryimage"},"image":{"@id":"http:\/\/anhthu24h.com\/?page_id=688#primaryimage"},"thumbnailUrl":"http:\/\/anhthu24h.com\/wp-content\/uploads\/2026\/01\/d04f9ad49886df5de2b2ccadb1a77507.jpg","datePublished":"2026-01-20T05:05:49+00:00","dateModified":"2026-01-21T10:01:08+00:00","description":"ANHTHU24H chuy\u00ean thay c\u00e1p g\u1eadp c\u00e1c d\u00f2ng vivo xfold ... nguy\u00ean nh\u00e2n x\u1ea3y do 90% g\u00e3y c\u00e1p g\u1eadp li\u00ean h\u1ec7 ngay \u0111\u1ec3 \u0111\u01b0\u1ee3c x\u1eed l\u00fd","breadcrumb":{"@id":"http:\/\/anhthu24h.com\/?page_id=688#breadcrumb"},"inLanguage":"vi","potentialAction":[{"@type":"ReadAction","target":["http:\/\/anhthu24h.com\/?page_id=688"]}]},{"@type":"ImageObject","inLanguage":"vi","@id":"http:\/\/anhthu24h.com\/?page_id=688#primaryimage","url":"http:\/\/anhthu24h.com\/wp-content\/uploads\/2026\/01\/d04f9ad49886df5de2b2ccadb1a77507.jpg","contentUrl":"http:\/\/anhthu24h.com\/wp-content\/uploads\/2026\/01\/d04f9ad49886df5de2b2ccadb1a77507.jpg","width":1024,"height":1024},{"@type":"BreadcrumbList","@id":"http:\/\/anhthu24h.com\/?page_id=688#breadcrumb","itemListElement":[{"@type":"ListItem","position":1,"name":"Trang ch\u1ee7","item":"http:\/\/anhthu24h.com\/"},{"@type":"ListItem","position":2,"name":"VIVO"}]},{"@type":"WebSite","@id":"http:\/\/anhthu24h.com\/#website","url":"http:\/\/anhthu24h.com\/","name":"ANH THU 24H","description":"Gi\u1ea3i Ph&aacute;p S\u1eeda ch\u1eefa \u0110i\u1ec7n Tho\u1ea1i  ","publisher":{"@id":"http:\/\/anhthu24h.com\/#organization"},"potentialAction":[{"@type":"SearchAction","target":{"@type":"EntryPoint","urlTemplate":"http:\/\/anhthu24h.com\/?s={search_term_string}"},"query-input":{"@type":"PropertyValueSpecification","valueRequired":true,"valueName":"search_term_string"}}],"inLanguage":"vi"},{"@type":"Organization","@id":"http:\/\/anhthu24h.com\/#organization","name":"ANH THU 24H","url":"http:\/\/anhthu24h.com\/","logo":{"@type":"ImageObject","inLanguage":"vi","@id":"http:\/\/anhthu24h.com\/#\/schema\/logo\/image\/","url":"http:\/\/anhthu24h.com\/wp-content\/uploads\/2025\/10\/width_800.png","contentUrl":"http:\/\/anhthu24h.com\/wp-content\/uploads\/2025\/10\/width_800.png","width":800,"height":800,"caption":"ANH THU 24H"},"image":{"@id":"http:\/\/anhthu24h.com\/#\/schema\/logo\/image\/"}}]}},"_links":{"self":[{"href":"http:\/\/anhthu24h.com\/index.php?rest_route=\/wp\/v2\/pages\/688","targetHints":{"allow":["GET"]}}],"collection":[{"href":"http:\/\/anhthu24h.com\/index.php?rest_route=\/wp\/v2\/pages"}],"about":[{"href":"http:\/\/anhthu24h.com\/index.php?rest_route=\/wp\/v2\/types\/page"}],"author":[{"embeddable":true,"href":"http:\/\/anhthu24h.com\/index.php?rest_route=\/wp\/v2\/users\/1"}],"replies":[{"embeddable":true,"href":"http:\/\/anhthu24h.com\/index.php?rest_route=%2Fwp%2Fv2%2Fcomments&post=688"}],"version-history":[{"count":2,"href":"http:\/\/anhthu24h.com\/index.php?rest_route=\/wp\/v2\/pages\/688\/revisions"}],"predecessor-version":[{"id":776,"href":"http:\/\/anhthu24h.com\/index.php?rest_route=\/wp\/v2\/pages\/688\/revisions\/776"}],"wp:featuredmedia":[{"embeddable":true,"href":"http:\/\/anhthu24h.com\/index.php?rest_route=\/wp\/v2\/media\/842"}],"wp:attachment":[{"href":"http:\/\/anhthu24h.com\/index.php?rest_route=%2Fwp%2Fv2%2Fmedia&parent=688"}],"curies":[{"name":"wp","href":"https:\/\/api.w.org\/{rel}","templated":true}]}}